{"id":10,"date":"2014-06-11T09:13:31","date_gmt":"2014-06-11T07:13:31","guid":{"rendered":"http:\/\/www-test.ogk.at\/?page_id=10"},"modified":"2026-03-10T15:55:21","modified_gmt":"2026-03-10T14:55:21","slug":"mitgliedschaft","status":"publish","type":"page","link":"https:\/\/ogk.at\/en\/mitgliedschaft\/","title":{"rendered":"Mitgliedschaft"},"content":{"rendered":"<h3><strong>Mitglied werden<\/strong><\/h3>\n<p>Wenn Sie interessiert daran sind, der \u00d6GK beizutreten, schicken Sie bitte eine E-Mail an <a title=\"mailto:oegk@aau.ac.at\" href=\"mailto:oegk@aau.at\">oegk@aau.at<\/a>.<span style=\"color: #4f4f4f;\">\u00a0<\/span><\/p>\n<h3>Vorteile einer \u00d6GK-Mitgliedschaft<\/h3>\n<p>\u00d6GK-Mitglieder sind Teil einer Scientific Community, die sich theoretisch und praktisch mit Medienkommunikation und ihren gesellschaftlichen, politischen und kulturellen Bedingungen und Folgen besch\u00e4ftigt.<\/p>\n<p>\u00d6GK-Mitglieder tauschen regelm\u00e4\u00dfig Informationen \u00fcber ihre Arbeit aus und haben die M\u00f6glichkeit, \u00fcber den Verein als &#8222;Knoten&#8220; mit anderen Mitgliedern zu kommunizieren.<\/p>\n<p>\u00d6GK-Mitglieder sind bei der Generalversammlung stimmberechtigt.<\/p>\n<p>\u00d6GK-Mitglieder bezahlen erm\u00e4\u00dfigte Teilnahmegeb\u00fchren bei allen \u00d6GK-Veranstaltungen.<\/p>\n<p>Neue \u00d6GK-Mitglieder zahlen erst ab Eintrittszeitpunkt ihren Beitrag\u00a0(halbj\u00e4hrliche Abrechnung \u2013 gilt auch bei Austritt).<\/p>\n<h3><strong>Kosten einer Mitgliedschaft<\/strong><\/h3>\n<p>Ordentliche Mitgliedschaft: 55 Euro pro Jahr<br \/>\nErm\u00e4\u00dfigte Mitgliedschaft: 35 Euro pro Jahr<\/p>\n<p>Wenn Sie die Mitgliedschaft mittels SEPA-Lastschrift bezahlen m\u00f6chten, bitte <a href=\"https:\/\/ogk.at\/wp-content\/uploads\/2026\/03\/VorlageOEGK_Einzugsermaechtigung_SEPA.pdf\" data-wplink-edit=\"true\">dieses Formular<\/a> ausf\u00fcllen und an <a href=\"mailto:oegk@aau.at\">oegk@aau.at<\/a> schicken.<\/p>\n<p>Sofern nicht anders gew\u00fcnscht, stellen wir Ihnen die Rechnung per E-Mail zu.<\/p>\n<h3><strong>Institutionelle Mitglieder<\/strong><\/h3>\n<p><strong><a title=\"Publizistik Wien\" href=\"http:\/\/publizistik.univie.ac.at\/\" target=\"_blank\" rel=\"noopener\">Institut f\u00fcr Publizistik und Kommunikationswissenschaft \/ Wien<\/a><\/strong><br \/>\nW\u00e4hringerstra\u00dfe 29<br \/>\n1090 Wien<\/p>\n<p><strong><a title=\"FB Kommunikationswissenschaft\" href=\"https:\/\/kowi.uni-salzburg.at\" target=\"_blank\" rel=\"noopener\">Fachbereich Kommunikationswissenschaft \/ Salzburg<\/a><\/strong><br \/>\nRudolfskai 42<br \/>\n5020 Salzburg<\/p>\n<p><strong><a title=\"Uni Klagenfurt\" href=\"http:\/\/www.uni-klu.ac.at\/mk\/inhalt\/1.htm\" target=\"_blank\" rel=\"noopener\">Institut f\u00fcr Medien- und Kommunikationswissenschaft \/ Klagenfurt<\/a><\/strong><br \/>\nUniversit\u00e4tsstra\u00dfe 65-67<br \/>\n9020 Klagenfurt<\/p>\n<p><a href=\"https:\/\/www.donau-uni.ac.at\/de.html\" target=\"_blank\" rel=\"noopener\"><b>Universit\u00e4t f\u00fcr Weiterbildung Krems<\/b><\/a><br \/>\nDr.-Karl-Dorrek-Stra\u00dfe 30<br \/>\n3500 Krems<\/p>\n<p><strong><a href=\"http:\/\/voez.at\" target=\"_blank\" rel=\"noopener\">V\u00d6Z Verband \u00d6sterreichischer Zeitungen \/ Wien<\/a><\/strong><br \/>\nSchottenring 12\/ Top 5<br \/>\n1010 Wien<\/p>","protected":false},"excerpt":{"rendered":"<p>Mitglied werden Wenn Sie interessiert daran sind, der \u00d6GK beizutreten, schicken Sie bitte eine E-Mail an oegk@aau.at.\u00a0 Vorteile einer \u00d6GK-Mitgliedschaft \u00d6GK-Mitglieder sind Teil einer Scientific Community, die sich theoretisch und praktisch mit Medienkommunikation und ihren gesellschaftlichen, politischen und kulturellen Bedingungen und Folgen besch\u00e4ftigt. \u00d6GK-Mitglieder tauschen regelm\u00e4\u00dfig Informationen \u00fcber ihre Arbeit aus und haben die M\u00f6glichkeit, [&hellip;]<\/p>\n","protected":false},"author":1,"featured_media":0,"parent":0,"menu_order":3,"comment_status":"open","ping_status":"closed","template":"","meta":{"_acf_changed":false,"footnotes":"","_links_to":"","_links_to_target":""},"class_list":["post-10","page","type-page","status-publish","hentry"],"acf":[],"yoast_head":"<!-- This site is optimized with the Yoast SEO plugin v26.8 - https:\/\/yoast.com\/product\/yoast-seo-wordpress\/ -->\n<title>Mitgliedschaft - \u00d6GK<\/title>\n<meta name=\"description\" content=\"Wenn Sie interessiert daran sind, der \u00d6GK beizutreten, f\u00fcllen Sie bitte dieses Formular aus oder schicken Sie eine E-Mail an oegk@aau.at.\u00a0\" \/>\n<meta name=\"robots\" content=\"index, follow, max-snippet:-1, max-image-preview:large, max-video-preview:-1\" \/>\n<link rel=\"canonical\" href=\"https:\/\/ogk.at\/en\/mitgliedschaft\/\" \/>\n<meta property=\"og:locale\" content=\"en_GB\" \/>\n<meta property=\"og:type\" content=\"article\" \/>\n<meta property=\"og:title\" content=\"Mitgliedschaft - \u00d6GK\" \/>\n<meta property=\"og:description\" content=\"Wenn Sie interessiert daran sind, der \u00d6GK beizutreten, f\u00fcllen Sie bitte dieses Formular aus oder schicken Sie eine E-Mail an oegk@aau.at.\u00a0\" \/>\n<meta property=\"og:url\" content=\"https:\/\/ogk.at\/en\/mitgliedschaft\/\" \/>\n<meta property=\"og:site_name\" content=\"\u00d6GK\" \/>\n<meta property=\"article:modified_time\" content=\"2026-03-10T14:55:21+00:00\" \/>\n<meta name=\"twitter:card\" content=\"summary_large_image\" \/>\n<meta name=\"twitter:label1\" content=\"Estimated reading time\" \/>\n\t<meta name=\"twitter:data1\" content=\"2 minutes\" \/>\n<script type=\"application\/ld+json\" class=\"yoast-schema-graph\">{\"@context\":\"https:\/\/schema.org\",\"@graph\":[{\"@type\":\"WebPage\",\"@id\":\"https:\/\/ogk.at\/mitgliedschaft\/\",\"url\":\"https:\/\/ogk.at\/mitgliedschaft\/\",\"name\":\"Mitgliedschaft - \u00d6GK\",\"isPartOf\":{\"@id\":\"https:\/\/ogk.at\/#website\"},\"datePublished\":\"2014-06-11T07:13:31+00:00\",\"dateModified\":\"2026-03-10T14:55:21+00:00\",\"description\":\"Wenn Sie interessiert daran sind, der \u00d6GK beizutreten, f\u00fcllen Sie bitte dieses Formular aus oder schicken Sie eine E-Mail an oegk@aau.at.\u00a0\",\"breadcrumb\":{\"@id\":\"https:\/\/ogk.at\/mitgliedschaft\/#breadcrumb\"},\"inLanguage\":\"en-GB\",\"potentialAction\":[{\"@type\":\"ReadAction\",\"target\":[\"https:\/\/ogk.at\/mitgliedschaft\/\"]}]},{\"@type\":\"BreadcrumbList\",\"@id\":\"https:\/\/ogk.at\/mitgliedschaft\/#breadcrumb\",\"itemListElement\":[{\"@type\":\"ListItem\",\"position\":1,\"name\":\"Home\",\"item\":\"https:\/\/ogk.at\/\"},{\"@type\":\"ListItem\",\"position\":2,\"name\":\"Mitgliedschaft\"}]},{\"@type\":\"WebSite\",\"@id\":\"https:\/\/ogk.at\/#website\",\"url\":\"https:\/\/ogk.at\/\",\"name\":\"\u00d6GK\",\"description\":\"\u00d6sterreichische Gesellschaft f\u00fcr Kommunikationswissenschaft\",\"publisher\":{\"@id\":\"https:\/\/ogk.at\/#organization\"},\"potentialAction\":[{\"@type\":\"SearchAction\",\"target\":{\"@type\":\"EntryPoint\",\"urlTemplate\":\"https:\/\/ogk.at\/?s={search_term_string}\"},\"query-input\":{\"@type\":\"PropertyValueSpecification\",\"valueRequired\":true,\"valueName\":\"search_term_string\"}}],\"inLanguage\":\"en-GB\"},{\"@type\":\"Organization\",\"@id\":\"https:\/\/ogk.at\/#organization\",\"name\":\"\u00d6GK\",\"url\":\"https:\/\/ogk.at\/\",\"logo\":{\"@type\":\"ImageObject\",\"inLanguage\":\"en-GB\",\"@id\":\"https:\/\/ogk.at\/#\/schema\/logo\/image\/\",\"url\":\"https:\/\/ogk.at\/wp-content\/uploads\/2023\/12\/OGK_Logo.webp\",\"contentUrl\":\"https:\/\/ogk.at\/wp-content\/uploads\/2023\/12\/OGK_Logo.webp\",\"width\":792,\"height\":328,\"caption\":\"\u00d6GK\"},\"image\":{\"@id\":\"https:\/\/ogk.at\/#\/schema\/logo\/image\/\"}}]}<\/script>\n<!-- \/ Yoast SEO plugin. -->","yoast_head_json":{"title":"Mitgliedschaft - \u00d6GK","description":"Wenn Sie interessiert daran sind, der \u00d6GK beizutreten, f\u00fcllen Sie bitte dieses Formular aus oder schicken Sie eine E-Mail an oegk@aau.at.\u00a0","robots":{"index":"index","follow":"follow","max-snippet":"max-snippet:-1","max-image-preview":"max-image-preview:large","max-video-preview":"max-video-preview:-1"},"canonical":"https:\/\/ogk.at\/en\/mitgliedschaft\/","og_locale":"en_GB","og_type":"article","og_title":"Mitgliedschaft - \u00d6GK","og_description":"Wenn Sie interessiert daran sind, der \u00d6GK beizutreten, f\u00fcllen Sie bitte dieses Formular aus oder schicken Sie eine E-Mail an oegk@aau.at.\u00a0","og_url":"https:\/\/ogk.at\/en\/mitgliedschaft\/","og_site_name":"\u00d6GK","article_modified_time":"2026-03-10T14:55:21+00:00","twitter_card":"summary_large_image","twitter_misc":{"Estimated reading time":"2 minutes"},"schema":{"@context":"https:\/\/schema.org","@graph":[{"@type":"WebPage","@id":"https:\/\/ogk.at\/mitgliedschaft\/","url":"https:\/\/ogk.at\/mitgliedschaft\/","name":"Mitgliedschaft - \u00d6GK","isPartOf":{"@id":"https:\/\/ogk.at\/#website"},"datePublished":"2014-06-11T07:13:31+00:00","dateModified":"2026-03-10T14:55:21+00:00","description":"Wenn Sie interessiert daran sind, der \u00d6GK beizutreten, f\u00fcllen Sie bitte dieses Formular aus oder schicken Sie eine E-Mail an oegk@aau.at.\u00a0","breadcrumb":{"@id":"https:\/\/ogk.at\/mitgliedschaft\/#breadcrumb"},"inLanguage":"en-GB","potentialAction":[{"@type":"ReadAction","target":["https:\/\/ogk.at\/mitgliedschaft\/"]}]},{"@type":"BreadcrumbList","@id":"https:\/\/ogk.at\/mitgliedschaft\/#breadcrumb","itemListElement":[{"@type":"ListItem","position":1,"name":"Home","item":"https:\/\/ogk.at\/"},{"@type":"ListItem","position":2,"name":"Mitgliedschaft"}]},{"@type":"WebSite","@id":"https:\/\/ogk.at\/#website","url":"https:\/\/ogk.at\/","name":"\u00d6GK","description":"\u00d6sterreichische Gesellschaft f\u00fcr Kommunikationswissenschaft","publisher":{"@id":"https:\/\/ogk.at\/#organization"},"potentialAction":[{"@type":"SearchAction","target":{"@type":"EntryPoint","urlTemplate":"https:\/\/ogk.at\/?s={search_term_string}"},"query-input":{"@type":"PropertyValueSpecification","valueRequired":true,"valueName":"search_term_string"}}],"inLanguage":"en-GB"},{"@type":"Organization","@id":"https:\/\/ogk.at\/#organization","name":"\u00d6GK","url":"https:\/\/ogk.at\/","logo":{"@type":"ImageObject","inLanguage":"en-GB","@id":"https:\/\/ogk.at\/#\/schema\/logo\/image\/","url":"https:\/\/ogk.at\/wp-content\/uploads\/2023\/12\/OGK_Logo.webp","contentUrl":"https:\/\/ogk.at\/wp-content\/uploads\/2023\/12\/OGK_Logo.webp","width":792,"height":328,"caption":"\u00d6GK"},"image":{"@id":"https:\/\/ogk.at\/#\/schema\/logo\/image\/"}}]}},"publishpress_future_action":{"enabled":false,"date":"2026-04-25 05:30:54","action":"change-status","newStatus":"draft","terms":[],"taxonomy":"","extraData":[]},"publishpress_future_workflow_manual_trigger":{"enabledWorkflows":[]},"_links":{"self":[{"href":"https:\/\/ogk.at\/en\/wp-json\/wp\/v2\/pages\/10","targetHints":{"allow":["GET"]}}],"collection":[{"href":"https:\/\/ogk.at\/en\/wp-json\/wp\/v2\/pages"}],"about":[{"href":"https:\/\/ogk.at\/en\/wp-json\/wp\/v2\/types\/page"}],"author":[{"embeddable":true,"href":"https:\/\/ogk.at\/en\/wp-json\/wp\/v2\/users\/1"}],"replies":[{"embeddable":true,"href":"https:\/\/ogk.at\/en\/wp-json\/wp\/v2\/comments?post=10"}],"version-history":[{"count":43,"href":"https:\/\/ogk.at\/en\/wp-json\/wp\/v2\/pages\/10\/revisions"}],"predecessor-version":[{"id":2441,"href":"https:\/\/ogk.at\/en\/wp-json\/wp\/v2\/pages\/10\/revisions\/2441"}],"wp:attachment":[{"href":"https:\/\/ogk.at\/en\/wp-json\/wp\/v2\/media?parent=10"}],"curies":[{"name":"wp","href":"https:\/\/api.w.org\/{rel}","templated":true}]}}