{"id":1003,"date":"2021-07-27T09:56:58","date_gmt":"2021-07-27T08:56:58","guid":{"rendered":"http:\/\/www.ogk.at\/?page_id=1003"},"modified":"2024-03-20T16:22:29","modified_gmt":"2024-03-20T15:22:29","slug":"archiv","status":"publish","type":"page","link":"https:\/\/ogk.at\/en\/aktuelles\/archiv\/","title":{"rendered":"Archiv"},"content":{"rendered":"<div data-elementor-type=\"wp-page\" data-elementor-id=\"1003\" class=\"elementor elementor-1003\" data-elementor-post-type=\"page\">\n\t\t\t\t<div class=\"elementor-element elementor-element-306856c e-flex e-con-boxed e-con e-parent\" data-id=\"306856c\" data-element_type=\"container\" data-e-type=\"container\">\n\t\t\t\t\t<div class=\"e-con-inner\">\n\t\t\t\t<div class=\"elementor-element elementor-element-f5675fd elementor-view-default elementor-widget elementor-widget-icon\" data-id=\"f5675fd\" data-element_type=\"widget\" data-e-type=\"widget\" data-widget_type=\"icon.default\">\n\t\t\t\t<div class=\"elementor-widget-container\">\n\t\t\t\t\t\t\t<div class=\"elementor-icon-wrapper\">\n\t\t\t<div class=\"elementor-icon\">\n\t\t\t<svg xmlns=\"http:\/\/www.w3.org\/2000\/svg\" xmlns:xlink=\"http:\/\/www.w3.org\/1999\/xlink\" width=\"81px\" height=\"41px\" viewbox=\"0 0 81 41\"><title>Group 2<\/title><defs><lineargradient x1=\"61.6899969%\" y1=\"24.2653043%\" x2=\"30.8180059%\" y2=\"72.7705697%\" id=\"linearGradient-1\"><stop stop-color=\"#F08800\" offset=\"0%\"><\/stop><stop stop-color=\"#F08800\" offset=\"100%\"><\/stop><\/lineargradient><lineargradient x1=\"7.31171063%\" y1=\"72.9917419%\" x2=\"41.6941662%\" y2=\"41.2987976%\" id=\"linearGradient-2\"><stop stop-color=\"#003F7B\" offset=\"0%\"><\/stop><stop stop-color=\"#0454A1\" offset=\"100%\"><\/stop><\/lineargradient><\/defs><g id=\"OGK\" stroke=\"none\" stroke-width=\"1\" fill=\"none\" fill-rule=\"evenodd\" opacity=\"0.842168899\"><g id=\"OGK_Page\" transform=\"translate(-165, -396)\"><g id=\"Group-2\" transform=\"translate(165.1151, 396.8374)\"><circle id=\"Oval-Copy-6\" fill=\"url(#linearGradient-1)\" cx=\"20\" cy=\"20\" r=\"20\"><\/circle><circle id=\"Oval-Copy-7\" fill=\"url(#linearGradient-2)\" cx=\"60\" cy=\"20\" r=\"20\"><\/circle><\/g><\/g><\/g><\/svg>\t\t\t<\/div>\n\t\t<\/div>\n\t\t\t\t\t\t<\/div>\n\t\t\t\t<\/div>\n\t\t\t\t<div class=\"elementor-element elementor-element-d9a95f8 elementor-widget elementor-widget-heading\" data-id=\"d9a95f8\" data-element_type=\"widget\" data-e-type=\"widget\" data-widget_type=\"heading.default\">\n\t\t\t\t<div class=\"elementor-widget-container\">\n\t\t\t\t\t<h1 class=\"elementor-heading-title elementor-size-default\">Archiv<\/h1>\t\t\t\t<\/div>\n\t\t\t\t<\/div>\n\t\t\t\t<div class=\"elementor-element elementor-element-b4e7142 elementor-grid-2 elementor-posts--thumbnail-none elementor-grid-tablet-2 elementor-grid-mobile-1 elementor-widget elementor-widget-posts\" data-id=\"b4e7142\" data-element_type=\"widget\" data-e-type=\"widget\" data-settings=\"{&quot;classic_columns&quot;:&quot;2&quot;,&quot;classic_row_gap&quot;:{&quot;unit&quot;:&quot;rem&quot;,&quot;size&quot;:4,&quot;sizes&quot;:[]},&quot;classic_row_gap_tablet&quot;:{&quot;unit&quot;:&quot;rem&quot;,&quot;size&quot;:&quot;&quot;,&quot;sizes&quot;:[]},&quot;classic_row_gap_mobile&quot;:{&quot;unit&quot;:&quot;rem&quot;,&quot;size&quot;:&quot;&quot;,&quot;sizes&quot;:[]},&quot;pagination_type&quot;:&quot;numbers&quot;,&quot;classic_columns_tablet&quot;:&quot;2&quot;,&quot;classic_columns_mobile&quot;:&quot;1&quot;}\" data-widget_type=\"posts.classic\">\n\t\t\t\t<div class=\"elementor-widget-container\">\n\t\t\t\t\t\t\t<div class=\"elementor-posts-container elementor-posts elementor-posts--skin-classic elementor-grid\" role=\"list\">\n\t\t\t\t<article class=\"elementor-post elementor-grid-item post-1200 post type-post status-publish format-standard hentry category-uncategorized-de-de\" role=\"listitem\">\n\t\t\t\t<div class=\"elementor-post__text\">\n\t\t\t\t<h2 class=\"elementor-post__title\">\n\t\t\t<a href=\"https:\/\/ogk.at\/en\/kwt-2023-erfolgreich-stattgefunden\/\" >\n\t\t\t\tKWT 2023 erfolgreich stattgefunden\t\t\t<\/a>\n\t\t<\/h2>\n\t\t\t\t<div class=\"elementor-post__meta-data\">\n\t\t\t\t\t<span class=\"elementor-post-date\">\n\t\t\t21. July 2023\t\t<\/span>\n\t\t\t\t<\/div>\n\t\t\t\t<div class=\"elementor-post__excerpt\">\n\t\t\t<p>Die Kommunikationswissenschaftlichen Tage 2023 (KWT 2023) zum Thema \u201eAmbivalenzen in Kommunikation und Medien\u201c (4. bis 6. Juli 2023 an der Universit\u00e4t Klagenfurt) gingen erfolgreich \u00fcber die B\u00fchne. In 11 thematischen Panels mit insgesamt 41 Vortr\u00e4gen wurde \u00fcber Ambivalenzen in unterschiedlichen Forschungs- und Theoriefeldern diskutiert: vom Journalismus \u00fcber Gesundheitsthemen bis hin zu Nachhaltigkeitskommunikation. Der Doktorand*innenworkshop, moderiert von Kathrin Passig, Rebecca Scheiber und Roland Holzinger, wurde sowohl als Schreibwerkstatt als auch zum Netzwerken genutzt. In ihrer Keynote zum Thema \u201eZwischen Null und Eins \u2013 Technische Ambivalenzen\u201c zeigte Kathrin Passig mit einem geschichtlichen R\u00fcckblick, wie es zur Binarit\u00e4t in der Computertechnik kam. Im Medienpraxis-Panel diskutierten Daniela Kraus vom Presseclub Concordia, Konrad Mitschka vom ORF und Thomas Cik von der Kleinen Zeitung unter der Moderation von Matthias Karmasin \u00fcber Ambivalenzen im \u201eJournalismus zwischen Gate Keeping und Gate Watching\u201c. Die durch die \u00d6GK-Forschungsf\u00f6rderung unterst\u00fctzten Projekte der vergangenen drei Jahre wurden in einem eigenen Panel vorgestellt.<\/p>\n\t\t<\/div>\n\t\t\n\t\t<a class=\"elementor-post__read-more\" href=\"https:\/\/ogk.at\/en\/kwt-2023-erfolgreich-stattgefunden\/\" aria-label=\"Read more about KWT 2023 erfolgreich stattgefunden\" tabindex=\"-1\" >\n\t\t\tMehr lesen\t\t<\/a>\n\n\t\t\t\t<\/div>\n\t\t\t\t<\/article>\n\t\t\t\t<article class=\"elementor-post elementor-grid-item post-1157 post type-post status-publish format-standard hentry category-uncategorized-de-de\" role=\"listitem\">\n\t\t\t\t<div class=\"elementor-post__text\">\n\t\t\t\t<h2 class=\"elementor-post__title\">\n\t\t\t<a href=\"https:\/\/ogk.at\/en\/1157-2\/\" >\n\t\t\t\tRegistrierung ge\u00f6ffnet: Kommunikationswissenschaftliche Tage 2023 in Klagenfurt\t\t\t<\/a>\n\t\t<\/h2>\n\t\t\t\t<div class=\"elementor-post__meta-data\">\n\t\t\t\t\t<span class=\"elementor-post-date\">\n\t\t\t4. May 2023\t\t<\/span>\n\t\t\t\t<\/div>\n\t\t\t\t<div class=\"elementor-post__excerpt\">\n\t\t\t<p>Vom 4. bis 6. Juli 2023 findet die diesj\u00e4hrige Tagung der \u00d6sterreichischen Gesellschaft f\u00fcr Kommunikationswissenschaft (\u00d6GK) an der Universit\u00e4t Klagenfurt zum Thema \u201eAmbivalenzen in Kommunikation und Medien\u201c statt. Das Programm und die Registrierung sind ab sofort auf der\u00a0Tagungswebsite\u00a0zu finden. Die Anmeldung ist bis 4. Juni 2023 m\u00f6glich. F\u00fcr die Keynote konnten wir die Mitbegr\u00fcnderin und Autorin der Blogs Riesenmaschine und Techniktagebuch sowie Bachmann-Preistr\u00e4gerin von 2006, Kathrin Passig, gewinnen. Dar\u00fcber hinaus wird sie im Rahmen des Doktorand*innenworkshops Tipps und Tricks zum Schreiben geben. Ein weiteres Highlight ist die Podiumsdiskussion zum Thema \u201cJournalismus zwischen Gate Keeping und Gate Watching: zur ambivalenten Rolle des Journalismus in mediatisierten sozialen Welten\u201d. Auf dem von Matthias Karmasin moderierten Podium nehmen Daniela Kraus vom Presseclub Concordia, Konrad Mitschka vom ORF und Thomas Cik von der Kleinen Zeitung Platz. Daneben erwarten Sie viele spannende Vortr\u00e4ge und Themenpanels. &nbsp; Wir freuen uns auf Ihr Kommen und viele interessante Gespr\u00e4che!<\/p>\n\t\t<\/div>\n\t\t\n\t\t<a class=\"elementor-post__read-more\" href=\"https:\/\/ogk.at\/en\/1157-2\/\" aria-label=\"Read more about Registrierung ge\u00f6ffnet: Kommunikationswissenschaftliche Tage 2023 in Klagenfurt\" tabindex=\"-1\" >\n\t\t\tMehr lesen\t\t<\/a>\n\n\t\t\t\t<\/div>\n\t\t\t\t<\/article>\n\t\t\t\t<article class=\"elementor-post elementor-grid-item post-1114 post type-post status-publish format-standard hentry category-gen-cfp-de-de category-uncategorized-de-de\" role=\"listitem\">\n\t\t\t\t<div class=\"elementor-post__text\">\n\t\t\t\t<h2 class=\"elementor-post__title\">\n\t\t\t<a href=\"https:\/\/ogk.at\/en\/orf-finanzierung-neu\/\" >\n\t\t\t\tORF-Finanzierung neu\t\t\t<\/a>\n\t\t<\/h2>\n\t\t\t\t<div class=\"elementor-post__meta-data\">\n\t\t\t\t\t<span class=\"elementor-post-date\">\n\t\t\t3. March 2023\t\t<\/span>\n\t\t\t\t<\/div>\n\t\t\t\t<div class=\"elementor-post__excerpt\">\n\t\t\t<p>Nach dem VfGH-Beschluss, dass auch das Streaming von Programmen des \u00f6sterreichischen \u00f6ffentlich-rechtlichen Rundfunks (ORF) ab 2024 kostenpflichtig sein muss, nimmt die Umstellung der Finanzierung des ORF weg von der empfangsger\u00e4tebezogenen GIS-Geb\u00fchr hin zu einer Haushaltsabgabe nun konkrete Formen an. Zuk\u00fcnftig sollen also alle \u00f6sterreichischen Haushalte, unabh\u00e4ngig davon, ob sie ORF-Programme nutzen bzw. empfangen, einen Beitrag leisten. Gleichzeitig pr\u00e4sentierte ORF-Generaldirektor Roland Wei\u00dfmann ein Konzept f\u00fcr Einsparungen im dreistelligen Millionenbereich, von dem beispielsweise der Spartensender Sport Plus sowie das Radio-Symphonieorchester besonders betroffen sind. Eine Analyse von Matthias Karmasin dazu finden Sie unter:\u00a0https:\/\/www.oeaw.ac.at\/cmc\/detail\/news\/eine-analyse-zu-den-orf-sparplaenen-und-die-wichtigkeit-des-oeffentlich-rechtlichen-rundfunks<\/p>\n\t\t<\/div>\n\t\t\n\t\t<a class=\"elementor-post__read-more\" href=\"https:\/\/ogk.at\/en\/orf-finanzierung-neu\/\" aria-label=\"Read more about ORF-Finanzierung neu\" tabindex=\"-1\" >\n\t\t\tMehr lesen\t\t<\/a>\n\n\t\t\t\t<\/div>\n\t\t\t\t<\/article>\n\t\t\t\t<article class=\"elementor-post elementor-grid-item post-1107 post type-post status-publish format-standard hentry category-gen-cfp-de-de category-exp-de-de category-uncategorized-de-de\" role=\"listitem\">\n\t\t\t\t<div class=\"elementor-post__text\">\n\t\t\t\t<h2 class=\"elementor-post__title\">\n\t\t\t<a href=\"https:\/\/ogk.at\/en\/ausschreibung-der-ogk-forschungsforderung-2023\/\" >\n\t\t\t\tAusschreibung der \u00d6GK-Forschungsf\u00f6rderung 2023\t\t\t<\/a>\n\t\t<\/h2>\n\t\t\t\t<div class=\"elementor-post__meta-data\">\n\t\t\t\t\t<span class=\"elementor-post-date\">\n\t\t\t17. February 2023\t\t<\/span>\n\t\t\t\t<\/div>\n\t\t\t\t<div class=\"elementor-post__excerpt\">\n\t\t\t<p>Zur Unterst\u00fctzung der Vernetzung unserer Mitglieder schreibt die \u00d6GK auch dieses Jahr eine Forschungsf\u00f6rderung in H\u00f6he von bis zu 1.000,- Euro aus. Die F\u00f6rderung kann f\u00fcr kollaborative medien- und\/oder kommunikationswissenschaftliche Projekte beantragt werden, an denen Wissenschafter*innen von mindestens zwei unterschiedlichen Forschungsstandorten in \u00d6sterreich gemeinsam arbeiten. N\u00e4here Informationen sehen Sie hier. Einreichfrist erste Tranche 2023:&nbsp;1. April 2023. Wir freuen uns auf zahlreiche Einreichungen!<\/p>\n\t\t<\/div>\n\t\t\n\t\t<a class=\"elementor-post__read-more\" href=\"https:\/\/ogk.at\/en\/ausschreibung-der-ogk-forschungsforderung-2023\/\" aria-label=\"Read more about Ausschreibung der \u00d6GK-Forschungsf\u00f6rderung 2023\" tabindex=\"-1\" >\n\t\t\tMehr lesen\t\t<\/a>\n\n\t\t\t\t<\/div>\n\t\t\t\t<\/article>\n\t\t\t\t<article class=\"elementor-post elementor-grid-item post-1101 post type-post status-publish format-standard hentry category-gen-cfp-de-de category-uncategorized-de-de\" role=\"listitem\">\n\t\t\t\t<div class=\"elementor-post__text\">\n\t\t\t\t<h2 class=\"elementor-post__title\">\n\t\t\t<a href=\"https:\/\/ogk.at\/en\/stellungnahme-zu-den-gesetzesvorhaben-wiener-zeitung-und-qualitatsvoller-journalismus\/\" >\n\t\t\t\tStellungnahme zu den Gesetzesvorhaben Wiener Zeitung und qualit\u00e4tsvoller Journalismus\t\t\t<\/a>\n\t\t<\/h2>\n\t\t\t\t<div class=\"elementor-post__meta-data\">\n\t\t\t\t\t<span class=\"elementor-post-date\">\n\t\t\t28. November 2022\t\t<\/span>\n\t\t\t\t<\/div>\n\t\t\t\t<div class=\"elementor-post__excerpt\">\n\t\t\t<p>Im Regierungsprogramm f\u00fcr die Jahre 2020 bis 2024 haben sich die Regierungsparteien \u00d6VP und Gr\u00fcne vorgenommen, das F\u00f6rderwesen im Medienbereich weiterzuentwickeln und alle medienrelevanten Gesetze mit dem Ziel der Harmonisierung und Vereinfachung zu \u00fcberpr\u00fcfen. Im Oktober (WZEVI-Gesetz) und November (QJF-Gesetz) 2022 hat nun Medienministerin Susanne Raab zwei Gesetzesvorhaben vorgelegt, die diese Ank\u00fcndigung umsetzen sollen. Die \u00d6GK hat zu diesen Gesetzesvorhaben eine Stellungnahme abgegeben, in der sie die Vorhaben in der gegenw\u00e4rtigen Form ablehnt und die Bundesregierung sowie den Gesetzgeber zu einer grundlegenden \u00dcberarbeitung auffordert. Die von Josef Trappel verfasste Stellungnahme finden Sie hier.<\/p>\n\t\t<\/div>\n\t\t\n\t\t<a class=\"elementor-post__read-more\" href=\"https:\/\/ogk.at\/en\/stellungnahme-zu-den-gesetzesvorhaben-wiener-zeitung-und-qualitatsvoller-journalismus\/\" aria-label=\"Read more about Stellungnahme zu den Gesetzesvorhaben Wiener Zeitung und qualit\u00e4tsvoller Journalismus\" tabindex=\"-1\" >\n\t\t\tMehr lesen\t\t<\/a>\n\n\t\t\t\t<\/div>\n\t\t\t\t<\/article>\n\t\t\t\t<article class=\"elementor-post elementor-grid-item post-1065 post type-post status-publish format-standard hentry category-gen-cfp-de-de category-uncategorized-de-de\" role=\"listitem\">\n\t\t\t\t<div class=\"elementor-post__text\">\n\t\t\t\t<h2 class=\"elementor-post__title\">\n\t\t\t<a href=\"https:\/\/ogk.at\/en\/ogk-ab-sofort-auf-twitter\/\" >\n\t\t\t\t\u00d6GK ab sofort auf Twitter\t\t\t<\/a>\n\t\t<\/h2>\n\t\t\t\t<div class=\"elementor-post__meta-data\">\n\t\t\t\t\t<span class=\"elementor-post-date\">\n\t\t\t4. November 2022\t\t<\/span>\n\t\t\t\t<\/div>\n\t\t\t\t<div class=\"elementor-post__excerpt\">\n\t\t\t<p>Seit Kurzem ist die \u00d6GK auf Twitter vertreten. Twittern Sie gerne mit:\u00a0@OgKomm\u00a0bzw.\u00a0\u00d6GKomm. Wir freuen uns auf regen Austausch!<\/p>\n\t\t<\/div>\n\t\t\n\t\t<a class=\"elementor-post__read-more\" href=\"https:\/\/ogk.at\/en\/ogk-ab-sofort-auf-twitter\/\" aria-label=\"Read more about \u00d6GK ab sofort auf Twitter\" tabindex=\"-1\" >\n\t\t\tMehr lesen\t\t<\/a>\n\n\t\t\t\t<\/div>\n\t\t\t\t<\/article>\n\t\t\t\t<article class=\"elementor-post elementor-grid-item post-1046 post type-post status-publish format-standard hentry category-deb-de-de category-kwt-de-de category-uncategorized-de-de\" role=\"listitem\">\n\t\t\t\t<div class=\"elementor-post__text\">\n\t\t\t\t<h2 class=\"elementor-post__title\">\n\t\t\t<a href=\"https:\/\/ogk.at\/en\/call-for-papers-zu-den-kommunikationswissenschaftlichen-tagen-2023-an-der-universitat-klagenfurt\/\" >\n\t\t\t\tCall for Papers zu den Kommunikationswissenschaftlichen Tagen 2023 an der Universit\u00e4t Klagenfurt\t\t\t<\/a>\n\t\t<\/h2>\n\t\t\t\t<div class=\"elementor-post__meta-data\">\n\t\t\t\t\t<span class=\"elementor-post-date\">\n\t\t\t31. October 2022\t\t<\/span>\n\t\t\t\t<\/div>\n\t\t\t\t<div class=\"elementor-post__excerpt\">\n\t\t\t<p>Die n\u00e4chsten \u201eKommunikationswissenschaftlichen Tage\u201c der \u00d6GK finden vom 4. bis 6. Juli 2023 an der Universit\u00e4t Klagenfurt statt. Dabei werden wir uns dem Thema \u201eAmbivalenzen in Kommunikation und Medien\u201c widmen. Der Call for Papers ist hier zu finden. Einreichungen sind ab November 2022 \u00fcber die Konferenzplattform m\u00f6glich (Abstract mit maximal 500 W\u00f6rtern inklusive Literatur als PDF). Es besteht auch die M\u00f6glichkeit, ganze Panels einzureichen. Deadline ist der 10. Februar 2023. Wir freuen uns auf zahlreiche spannende Beitr\u00e4ge!<\/p>\n\t\t<\/div>\n\t\t\n\t\t<a class=\"elementor-post__read-more\" href=\"https:\/\/ogk.at\/en\/call-for-papers-zu-den-kommunikationswissenschaftlichen-tagen-2023-an-der-universitat-klagenfurt\/\" aria-label=\"Read more about Call for Papers zu den Kommunikationswissenschaftlichen Tagen 2023 an der Universit\u00e4t Klagenfurt\" tabindex=\"-1\" >\n\t\t\tMehr lesen\t\t<\/a>\n\n\t\t\t\t<\/div>\n\t\t\t\t<\/article>\n\t\t\t\t<article class=\"elementor-post elementor-grid-item post-1097 post type-post status-publish format-standard hentry category-uncategorized-de-de\" role=\"listitem\">\n\t\t\t\t<div class=\"elementor-post__text\">\n\t\t\t\t<h2 class=\"elementor-post__title\">\n\t\t\t<a href=\"https:\/\/ogk.at\/en\/ogk-gratuliert-zu-gelungenen-kmwt22\/\" >\n\t\t\t\t\u00d6GK gratuliert zu gelungenen KMWT22\t\t\t<\/a>\n\t\t<\/h2>\n\t\t\t\t<div class=\"elementor-post__meta-data\">\n\t\t\t\t\t<span class=\"elementor-post-date\">\n\t\t\t25. October 2022\t\t<\/span>\n\t\t\t\t<\/div>\n\t\t\t\t<div class=\"elementor-post__excerpt\">\n\t\t\t<p>\u201eForschungskarrieren f\u00f6rdern \u2013 Arbeitsbedingungen verbessern!\u201c Unter diesem Motto fanden von 14. bis 16.September 2022 die Kommunikations- und Medienwissenschaftlichen Tage (KMWT) 2022 an der Universit\u00e4t Salzburg statt. 120 Kommunikations- und Medienwissenschaftler*innen der \u201eNext Generation\u201c aus der Schweiz, Deutschland und \u00d6sterreich kamen zusammen, um sich gemeinsam inhaltlich inspirieren zu lassen, wissenschaftspolitische Rahmenbedingungen zu diskutieren, und vor allem, um sich pers\u00f6nlich kennenzulernen und auszutauschen. Mit dieser Tagung wurden die erfolgreichen DGPuK-Nachwuchstage erstmals in \u00d6sterreich veranstaltet, getragen vom Drei-L\u00e4nder-Gedanken und der engen Zusammenarbeit von DGPuK, SGKM und \u00d6GK. Die \u00d6GK betrachtet die F\u00f6rderung neuer wissenschaftlicher Karrieren als eine ihrer Kernaufgaben, und unterst\u00fctzte daher die KMWT22 in Organisation und Durchf\u00fchrung. Als Tagung nicht nur f\u00fcr, sondern auch von jungen Wissenschaftler*innen, gratuliert die \u00d6GK dem Organisationsteam f\u00fcr die gelungene Veranstaltung.<\/p>\n\t\t<\/div>\n\t\t\n\t\t<a class=\"elementor-post__read-more\" href=\"https:\/\/ogk.at\/en\/ogk-gratuliert-zu-gelungenen-kmwt22\/\" aria-label=\"Read more about \u00d6GK gratuliert zu gelungenen KMWT22\" tabindex=\"-1\" >\n\t\t\tMehr lesen\t\t<\/a>\n\n\t\t\t\t<\/div>\n\t\t\t\t<\/article>\n\t\t\t\t<\/div>\n\t\t\n\t\t\t\t<div class=\"e-load-more-anchor\" data-page=\"1\" data-max-page=\"10\" data-next-page=\"https:\/\/ogk.at\/en\/wp-json\/wp\/v2\/pages\/1003\/page\/2\/\"><\/div>\n\t\t\t\t<nav class=\"elementor-pagination\" aria-label=\"Pagination\">\n\t\t\t<span aria-current=\"page\" class=\"page-numbers current\"><span class=\"elementor-screen-only\">Page<\/span>1<\/span>\n<a class=\"page-numbers\" href=\"https:\/\/ogk.at\/en\/wp-json\/wp\/v2\/pages\/1003\/page\/2\/\"><span class=\"elementor-screen-only\">Page<\/span>2<\/a>\n<a class=\"page-numbers\" href=\"https:\/\/ogk.at\/en\/wp-json\/wp\/v2\/pages\/1003\/page\/3\/\"><span class=\"elementor-screen-only\">Page<\/span>3<\/a>\n<span class=\"page-numbers dots\">&hellip;<\/span>\n<a class=\"page-numbers\" href=\"https:\/\/ogk.at\/en\/wp-json\/wp\/v2\/pages\/1003\/page\/10\/\"><span class=\"elementor-screen-only\">Page<\/span>10<\/a>\t\t<\/nav>\n\t\t\t\t\t\t<\/div>\n\t\t\t\t<\/div>\n\t\t\t\t\t<\/div>\n\t\t\t\t<\/div>\n\t\t\t\t<\/div>","protected":false},"excerpt":{"rendered":"<p>Group 2<\/p>","protected":false},"author":2,"featured_media":0,"parent":6,"menu_order":0,"comment_status":"closed","ping_status":"closed","template":"","meta":{"_acf_changed":false,"footnotes":"","_links_to":"","_links_to_target":""},"class_list":["post-1003","page","type-page","status-publish","hentry"],"acf":[],"yoast_head":"<!-- This site is optimized with the Yoast SEO plugin v26.8 - https:\/\/yoast.com\/product\/yoast-seo-wordpress\/ -->\n<title>Archiv - \u00d6GK<\/title>\n<meta name=\"robots\" content=\"index, follow, max-snippet:-1, max-image-preview:large, max-video-preview:-1\" \/>\n<link rel=\"canonical\" href=\"https:\/\/ogk.at\/en\/aktuelles\/archiv\/\" \/>\n<meta property=\"og:locale\" content=\"en_GB\" \/>\n<meta property=\"og:type\" content=\"article\" \/>\n<meta property=\"og:title\" content=\"Archiv - \u00d6GK\" \/>\n<meta property=\"og:description\" content=\"Group 2\" \/>\n<meta property=\"og:url\" content=\"https:\/\/ogk.at\/en\/aktuelles\/archiv\/\" \/>\n<meta property=\"og:site_name\" content=\"\u00d6GK\" \/>\n<meta property=\"article:modified_time\" content=\"2024-03-20T15:22:29+00:00\" \/>\n<meta name=\"twitter:card\" content=\"summary_large_image\" \/>\n<meta name=\"twitter:label1\" content=\"Estimated reading time\" \/>\n\t<meta name=\"twitter:data1\" content=\"4 minutes\" \/>\n<script type=\"application\/ld+json\" class=\"yoast-schema-graph\">{\"@context\":\"https:\/\/schema.org\",\"@graph\":[{\"@type\":\"WebPage\",\"@id\":\"https:\/\/ogk.at\/aktuelles\/archiv\/\",\"url\":\"https:\/\/ogk.at\/aktuelles\/archiv\/\",\"name\":\"Archiv - \u00d6GK\",\"isPartOf\":{\"@id\":\"https:\/\/ogk.at\/#website\"},\"datePublished\":\"2021-07-27T08:56:58+00:00\",\"dateModified\":\"2024-03-20T15:22:29+00:00\",\"breadcrumb\":{\"@id\":\"https:\/\/ogk.at\/aktuelles\/archiv\/#breadcrumb\"},\"inLanguage\":\"en-GB\",\"potentialAction\":[{\"@type\":\"ReadAction\",\"target\":[\"https:\/\/ogk.at\/aktuelles\/archiv\/\"]}]},{\"@type\":\"BreadcrumbList\",\"@id\":\"https:\/\/ogk.at\/aktuelles\/archiv\/#breadcrumb\",\"itemListElement\":[{\"@type\":\"ListItem\",\"position\":1,\"name\":\"Home\",\"item\":\"https:\/\/ogk.at\/\"},{\"@type\":\"ListItem\",\"position\":2,\"name\":\"Aktivit\u00e4ten &#038; Aktuelles\",\"item\":\"https:\/\/ogk.at\/aktuelles\/\"},{\"@type\":\"ListItem\",\"position\":3,\"name\":\"Archiv\"}]},{\"@type\":\"WebSite\",\"@id\":\"https:\/\/ogk.at\/#website\",\"url\":\"https:\/\/ogk.at\/\",\"name\":\"\u00d6GK\",\"description\":\"\u00d6sterreichische Gesellschaft f\u00fcr Kommunikationswissenschaft\",\"publisher\":{\"@id\":\"https:\/\/ogk.at\/#organization\"},\"potentialAction\":[{\"@type\":\"SearchAction\",\"target\":{\"@type\":\"EntryPoint\",\"urlTemplate\":\"https:\/\/ogk.at\/?s={search_term_string}\"},\"query-input\":{\"@type\":\"PropertyValueSpecification\",\"valueRequired\":true,\"valueName\":\"search_term_string\"}}],\"inLanguage\":\"en-GB\"},{\"@type\":\"Organization\",\"@id\":\"https:\/\/ogk.at\/#organization\",\"name\":\"\u00d6GK\",\"url\":\"https:\/\/ogk.at\/\",\"logo\":{\"@type\":\"ImageObject\",\"inLanguage\":\"en-GB\",\"@id\":\"https:\/\/ogk.at\/#\/schema\/logo\/image\/\",\"url\":\"https:\/\/ogk.at\/wp-content\/uploads\/2023\/12\/OGK_Logo.webp\",\"contentUrl\":\"https:\/\/ogk.at\/wp-content\/uploads\/2023\/12\/OGK_Logo.webp\",\"width\":792,\"height\":328,\"caption\":\"\u00d6GK\"},\"image\":{\"@id\":\"https:\/\/ogk.at\/#\/schema\/logo\/image\/\"}}]}<\/script>\n<!-- \/ Yoast SEO plugin. -->","yoast_head_json":{"title":"Archiv - \u00d6GK","robots":{"index":"index","follow":"follow","max-snippet":"max-snippet:-1","max-image-preview":"max-image-preview:large","max-video-preview":"max-video-preview:-1"},"canonical":"https:\/\/ogk.at\/en\/aktuelles\/archiv\/","og_locale":"en_GB","og_type":"article","og_title":"Archiv - \u00d6GK","og_description":"Group 2","og_url":"https:\/\/ogk.at\/en\/aktuelles\/archiv\/","og_site_name":"\u00d6GK","article_modified_time":"2024-03-20T15:22:29+00:00","twitter_card":"summary_large_image","twitter_misc":{"Estimated reading time":"4 minutes"},"schema":{"@context":"https:\/\/schema.org","@graph":[{"@type":"WebPage","@id":"https:\/\/ogk.at\/aktuelles\/archiv\/","url":"https:\/\/ogk.at\/aktuelles\/archiv\/","name":"Archiv - \u00d6GK","isPartOf":{"@id":"https:\/\/ogk.at\/#website"},"datePublished":"2021-07-27T08:56:58+00:00","dateModified":"2024-03-20T15:22:29+00:00","breadcrumb":{"@id":"https:\/\/ogk.at\/aktuelles\/archiv\/#breadcrumb"},"inLanguage":"en-GB","potentialAction":[{"@type":"ReadAction","target":["https:\/\/ogk.at\/aktuelles\/archiv\/"]}]},{"@type":"BreadcrumbList","@id":"https:\/\/ogk.at\/aktuelles\/archiv\/#breadcrumb","itemListElement":[{"@type":"ListItem","position":1,"name":"Home","item":"https:\/\/ogk.at\/"},{"@type":"ListItem","position":2,"name":"Aktivit\u00e4ten &#038; Aktuelles","item":"https:\/\/ogk.at\/aktuelles\/"},{"@type":"ListItem","position":3,"name":"Archiv"}]},{"@type":"WebSite","@id":"https:\/\/ogk.at\/#website","url":"https:\/\/ogk.at\/","name":"\u00d6GK","description":"\u00d6sterreichische Gesellschaft f\u00fcr Kommunikationswissenschaft","publisher":{"@id":"https:\/\/ogk.at\/#organization"},"potentialAction":[{"@type":"SearchAction","target":{"@type":"EntryPoint","urlTemplate":"https:\/\/ogk.at\/?s={search_term_string}"},"query-input":{"@type":"PropertyValueSpecification","valueRequired":true,"valueName":"search_term_string"}}],"inLanguage":"en-GB"},{"@type":"Organization","@id":"https:\/\/ogk.at\/#organization","name":"\u00d6GK","url":"https:\/\/ogk.at\/","logo":{"@type":"ImageObject","inLanguage":"en-GB","@id":"https:\/\/ogk.at\/#\/schema\/logo\/image\/","url":"https:\/\/ogk.at\/wp-content\/uploads\/2023\/12\/OGK_Logo.webp","contentUrl":"https:\/\/ogk.at\/wp-content\/uploads\/2023\/12\/OGK_Logo.webp","width":792,"height":328,"caption":"\u00d6GK"},"image":{"@id":"https:\/\/ogk.at\/#\/schema\/logo\/image\/"}}]}},"publishpress_future_action":{"enabled":false,"date":"2026-04-25 05:30:53","action":"change-status","newStatus":"draft","terms":[],"taxonomy":"","extraData":[]},"publishpress_future_workflow_manual_trigger":{"enabledWorkflows":[]},"_links":{"self":[{"href":"https:\/\/ogk.at\/en\/wp-json\/wp\/v2\/pages\/1003","targetHints":{"allow":["GET"]}}],"collection":[{"href":"https:\/\/ogk.at\/en\/wp-json\/wp\/v2\/pages"}],"about":[{"href":"https:\/\/ogk.at\/en\/wp-json\/wp\/v2\/types\/page"}],"author":[{"embeddable":true,"href":"https:\/\/ogk.at\/en\/wp-json\/wp\/v2\/users\/2"}],"replies":[{"embeddable":true,"href":"https:\/\/ogk.at\/en\/wp-json\/wp\/v2\/comments?post=1003"}],"version-history":[{"count":21,"href":"https:\/\/ogk.at\/en\/wp-json\/wp\/v2\/pages\/1003\/revisions"}],"predecessor-version":[{"id":2122,"href":"https:\/\/ogk.at\/en\/wp-json\/wp\/v2\/pages\/1003\/revisions\/2122"}],"up":[{"embeddable":true,"href":"https:\/\/ogk.at\/en\/wp-json\/wp\/v2\/pages\/6"}],"wp:attachment":[{"href":"https:\/\/ogk.at\/en\/wp-json\/wp\/v2\/media?parent=1003"}],"curies":[{"name":"wp","href":"https:\/\/api.w.org\/{rel}","templated":true}]}}