{"id":12,"date":"2014-06-11T09:14:36","date_gmt":"2014-06-11T08:14:36","guid":{"rendered":"http:\/\/www-test.ogk.at\/?page_id=12"},"modified":"2024-11-13T09:53:11","modified_gmt":"2024-11-13T08:53:11","slug":"medienjournal","status":"publish","type":"page","link":"https:\/\/ogk.at\/en\/medienjournal\/","title":{"rendered":"Medien Journal"},"content":{"rendered":"<p class=\"\">Das <em class=\"\"><span class=\"\">Medien Journal \u2013 Zeitschrift f\u00fcr Medien- und Kommunikationsforschung<\/span><\/em>\u00a0wird seit 1977 von der \u00d6sterreichischen Gesellschaft f\u00fcr Kommunikationswissenschaft (\u00d6GK) herausgegeben. Als wissenschaftliche Fachzeitschrift widmet sich das Medien Journal der F\u00f6rderung und Verbreitung von Forschungsarbeiten und theoretischen Beitr\u00e4gen aus dem breiten Feld der Kommunikationswissenschaft. Unser Ziel ist es, ein Forum f\u00fcr den Austausch zwischen Wissenschaftler:innen, Studierenden sowie Fachleuten aus der Praxis zu bieten. Das Medien Journal deckt ein vielf\u00e4ltiges Spektrum an Themen ab, darunter Medientheorien, Medienpolitik, Medien\u00f6konomie, Mediennutzung und -wirkung sowie digitale Kommunikation. Alle Beitr\u00e4ge durchlaufen ein sorgf\u00e4ltiges Peer-Review-Verfahren, um die hohe Qualit\u00e4t und Relevanz der ver\u00f6ffentlichten Inhalte sicherzustellen.<\/p>\n<p class=\"\">Seit 2024 erscheint das Medien Journal im Open-Access-Format. <a href=\"https:\/\/medienjournal.aau.at\" target=\"_blank\" rel=\"noopener\">https:\/\/medienjournal.aau.at<\/a>.<\/p>\n<p>Autor:innenhinweise:\u00a0<a href=\"https:\/\/netlibrary.aau.at\/medienjournal\/wiki\/info_authors\" target=\"_blank\" rel=\"noopener\">https:\/\/netlibrary.aau.at\/medienjournal\/wiki\/info_authors<\/a><\/p>\n<p>Formatvorlage: <a href=\"https:\/\/netlibrary.aau.at\/medienjournal\/wiki\/style_sheet\" target=\"_blank\" rel=\"noopener\">https:\/\/netlibrary.aau.at\/medienjournal\/wiki\/style_sheet<\/a><\/p>","protected":false},"excerpt":{"rendered":"<p>Das Medien Journal \u2013 Zeitschrift f\u00fcr Medien- und Kommunikationsforschung\u00a0wird seit 1977 von der \u00d6sterreichischen Gesellschaft f\u00fcr Kommunikationswissenschaft (\u00d6GK) herausgegeben. Als wissenschaftliche Fachzeitschrift widmet sich das Medien Journal der F\u00f6rderung und Verbreitung von Forschungsarbeiten und theoretischen Beitr\u00e4gen aus dem breiten Feld der Kommunikationswissenschaft. Unser Ziel ist es, ein Forum f\u00fcr den Austausch zwischen Wissenschaftler:innen, Studierenden sowie [&hellip;]<\/p>\n","protected":false},"author":1,"featured_media":0,"parent":0,"menu_order":4,"comment_status":"open","ping_status":"closed","template":"","meta":{"_acf_changed":false,"footnotes":"","_links_to":"","_links_to_target":""},"class_list":["post-12","page","type-page","status-publish","hentry"],"acf":[],"yoast_head":"<!-- This site is optimized with the Yoast SEO plugin v26.8 - https:\/\/yoast.com\/product\/yoast-seo-wordpress\/ -->\n<title>Medien Journal - \u00d6GK<\/title>\n<meta name=\"description\" content=\"Medien Journal ist die wissenschaftliche Fachzeitschrift der \u00d6GK (\u00d6sterreichische Gesellschaft f\u00fcr Kommunikationswissenschaft.\" \/>\n<meta name=\"robots\" content=\"index, follow, max-snippet:-1, max-image-preview:large, max-video-preview:-1\" \/>\n<link rel=\"canonical\" href=\"https:\/\/ogk.at\/en\/medienjournal\/\" \/>\n<meta property=\"og:locale\" content=\"en_GB\" \/>\n<meta property=\"og:type\" content=\"article\" \/>\n<meta property=\"og:title\" content=\"Medien Journal - \u00d6GK\" \/>\n<meta property=\"og:description\" content=\"Medien Journal ist die wissenschaftliche Fachzeitschrift der \u00d6GK (\u00d6sterreichische Gesellschaft f\u00fcr Kommunikationswissenschaft.\" \/>\n<meta property=\"og:url\" content=\"https:\/\/ogk.at\/en\/medienjournal\/\" \/>\n<meta property=\"og:site_name\" content=\"\u00d6GK\" \/>\n<meta property=\"article:modified_time\" content=\"2024-11-13T08:53:11+00:00\" \/>\n<meta name=\"twitter:card\" content=\"summary_large_image\" \/>\n<meta name=\"twitter:label1\" content=\"Estimated reading time\" \/>\n\t<meta name=\"twitter:data1\" content=\"1 minute\" \/>\n<script type=\"application\/ld+json\" class=\"yoast-schema-graph\">{\"@context\":\"https:\/\/schema.org\",\"@graph\":[{\"@type\":\"WebPage\",\"@id\":\"https:\/\/ogk.at\/medienjournal\/\",\"url\":\"https:\/\/ogk.at\/medienjournal\/\",\"name\":\"Medien Journal - \u00d6GK\",\"isPartOf\":{\"@id\":\"https:\/\/ogk.at\/#website\"},\"datePublished\":\"2014-06-11T08:14:36+00:00\",\"dateModified\":\"2024-11-13T08:53:11+00:00\",\"description\":\"Medien Journal ist die wissenschaftliche Fachzeitschrift der \u00d6GK (\u00d6sterreichische Gesellschaft f\u00fcr Kommunikationswissenschaft.\",\"breadcrumb\":{\"@id\":\"https:\/\/ogk.at\/medienjournal\/#breadcrumb\"},\"inLanguage\":\"en-GB\",\"potentialAction\":[{\"@type\":\"ReadAction\",\"target\":[\"https:\/\/ogk.at\/medienjournal\/\"]}]},{\"@type\":\"BreadcrumbList\",\"@id\":\"https:\/\/ogk.at\/medienjournal\/#breadcrumb\",\"itemListElement\":[{\"@type\":\"ListItem\",\"position\":1,\"name\":\"Home\",\"item\":\"https:\/\/ogk.at\/\"},{\"@type\":\"ListItem\",\"position\":2,\"name\":\"Medien Journal\"}]},{\"@type\":\"WebSite\",\"@id\":\"https:\/\/ogk.at\/#website\",\"url\":\"https:\/\/ogk.at\/\",\"name\":\"\u00d6GK\",\"description\":\"\u00d6sterreichische Gesellschaft f\u00fcr Kommunikationswissenschaft\",\"publisher\":{\"@id\":\"https:\/\/ogk.at\/#organization\"},\"potentialAction\":[{\"@type\":\"SearchAction\",\"target\":{\"@type\":\"EntryPoint\",\"urlTemplate\":\"https:\/\/ogk.at\/?s={search_term_string}\"},\"query-input\":{\"@type\":\"PropertyValueSpecification\",\"valueRequired\":true,\"valueName\":\"search_term_string\"}}],\"inLanguage\":\"en-GB\"},{\"@type\":\"Organization\",\"@id\":\"https:\/\/ogk.at\/#organization\",\"name\":\"\u00d6GK\",\"url\":\"https:\/\/ogk.at\/\",\"logo\":{\"@type\":\"ImageObject\",\"inLanguage\":\"en-GB\",\"@id\":\"https:\/\/ogk.at\/#\/schema\/logo\/image\/\",\"url\":\"https:\/\/ogk.at\/wp-content\/uploads\/2023\/12\/OGK_Logo.webp\",\"contentUrl\":\"https:\/\/ogk.at\/wp-content\/uploads\/2023\/12\/OGK_Logo.webp\",\"width\":792,\"height\":328,\"caption\":\"\u00d6GK\"},\"image\":{\"@id\":\"https:\/\/ogk.at\/#\/schema\/logo\/image\/\"}}]}<\/script>\n<!-- \/ Yoast SEO plugin. -->","yoast_head_json":{"title":"Medien Journal - \u00d6GK","description":"Medien Journal ist die wissenschaftliche Fachzeitschrift der \u00d6GK (\u00d6sterreichische Gesellschaft f\u00fcr Kommunikationswissenschaft.","robots":{"index":"index","follow":"follow","max-snippet":"max-snippet:-1","max-image-preview":"max-image-preview:large","max-video-preview":"max-video-preview:-1"},"canonical":"https:\/\/ogk.at\/en\/medienjournal\/","og_locale":"en_GB","og_type":"article","og_title":"Medien Journal - \u00d6GK","og_description":"Medien Journal ist die wissenschaftliche Fachzeitschrift der \u00d6GK (\u00d6sterreichische Gesellschaft f\u00fcr Kommunikationswissenschaft.","og_url":"https:\/\/ogk.at\/en\/medienjournal\/","og_site_name":"\u00d6GK","article_modified_time":"2024-11-13T08:53:11+00:00","twitter_card":"summary_large_image","twitter_misc":{"Estimated reading time":"1 minute"},"schema":{"@context":"https:\/\/schema.org","@graph":[{"@type":"WebPage","@id":"https:\/\/ogk.at\/medienjournal\/","url":"https:\/\/ogk.at\/medienjournal\/","name":"Medien Journal - \u00d6GK","isPartOf":{"@id":"https:\/\/ogk.at\/#website"},"datePublished":"2014-06-11T08:14:36+00:00","dateModified":"2024-11-13T08:53:11+00:00","description":"Medien Journal ist die wissenschaftliche Fachzeitschrift der \u00d6GK (\u00d6sterreichische Gesellschaft f\u00fcr Kommunikationswissenschaft.","breadcrumb":{"@id":"https:\/\/ogk.at\/medienjournal\/#breadcrumb"},"inLanguage":"en-GB","potentialAction":[{"@type":"ReadAction","target":["https:\/\/ogk.at\/medienjournal\/"]}]},{"@type":"BreadcrumbList","@id":"https:\/\/ogk.at\/medienjournal\/#breadcrumb","itemListElement":[{"@type":"ListItem","position":1,"name":"Home","item":"https:\/\/ogk.at\/"},{"@type":"ListItem","position":2,"name":"Medien Journal"}]},{"@type":"WebSite","@id":"https:\/\/ogk.at\/#website","url":"https:\/\/ogk.at\/","name":"\u00d6GK","description":"\u00d6sterreichische Gesellschaft f\u00fcr Kommunikationswissenschaft","publisher":{"@id":"https:\/\/ogk.at\/#organization"},"potentialAction":[{"@type":"SearchAction","target":{"@type":"EntryPoint","urlTemplate":"https:\/\/ogk.at\/?s={search_term_string}"},"query-input":{"@type":"PropertyValueSpecification","valueRequired":true,"valueName":"search_term_string"}}],"inLanguage":"en-GB"},{"@type":"Organization","@id":"https:\/\/ogk.at\/#organization","name":"\u00d6GK","url":"https:\/\/ogk.at\/","logo":{"@type":"ImageObject","inLanguage":"en-GB","@id":"https:\/\/ogk.at\/#\/schema\/logo\/image\/","url":"https:\/\/ogk.at\/wp-content\/uploads\/2023\/12\/OGK_Logo.webp","contentUrl":"https:\/\/ogk.at\/wp-content\/uploads\/2023\/12\/OGK_Logo.webp","width":792,"height":328,"caption":"\u00d6GK"},"image":{"@id":"https:\/\/ogk.at\/#\/schema\/logo\/image\/"}}]}},"publishpress_future_action":{"enabled":false,"date":"2026-04-25 07:36:35","action":"change-status","newStatus":"draft","terms":[],"taxonomy":"","extraData":[]},"publishpress_future_workflow_manual_trigger":{"enabledWorkflows":[]},"_links":{"self":[{"href":"https:\/\/ogk.at\/en\/wp-json\/wp\/v2\/pages\/12","targetHints":{"allow":["GET"]}}],"collection":[{"href":"https:\/\/ogk.at\/en\/wp-json\/wp\/v2\/pages"}],"about":[{"href":"https:\/\/ogk.at\/en\/wp-json\/wp\/v2\/types\/page"}],"author":[{"embeddable":true,"href":"https:\/\/ogk.at\/en\/wp-json\/wp\/v2\/users\/1"}],"replies":[{"embeddable":true,"href":"https:\/\/ogk.at\/en\/wp-json\/wp\/v2\/comments?post=12"}],"version-history":[{"count":32,"href":"https:\/\/ogk.at\/en\/wp-json\/wp\/v2\/pages\/12\/revisions"}],"predecessor-version":[{"id":2249,"href":"https:\/\/ogk.at\/en\/wp-json\/wp\/v2\/pages\/12\/revisions\/2249"}],"wp:attachment":[{"href":"https:\/\/ogk.at\/en\/wp-json\/wp\/v2\/media?parent=12"}],"curies":[{"name":"wp","href":"https:\/\/api.w.org\/{rel}","templated":true}]}}