{"id":2,"date":"2014-04-30T14:31:22","date_gmt":"2014-04-30T12:31:22","guid":{"rendered":"http:\/\/www-test.ogk.at\/?page_id=2"},"modified":"2024-03-20T15:18:56","modified_gmt":"2024-03-20T14:18:56","slug":"ueber-uns","status":"publish","type":"page","link":"https:\/\/ogk.at\/en\/ueber-uns\/","title":{"rendered":"\u00dcber uns"},"content":{"rendered":"<p><span style=\"font-weight: 400;\">Die \u00d6GK ist die Fachgesellschaft und Interessensvertretung f\u00fcr die Medien- und Kommunikationswissenschaft und -praxis in \u00d6sterreich. Sie ist Herausgeberin der Fachzeitschrift <a href=\"https:\/\/ogk.at\/en\/medienjournal\/\">Medien Journal<\/a> und Veranstalterin der im zweij\u00e4hrigen Rhythmus stattfindenden \u201c<a href=\"https:\/\/ogk.at\/en\/kwt\/\">Kommunikationswissenschaftlichen Tage<\/a>\u201d (KWT).<\/span><\/p>\n<p><span style=\"font-weight: 400;\">Im Fokus stehen die St\u00e4rkung und Sichtbarkeit der \u00f6sterreichischen Medien- und Kommunikationswissenschaft in Lehre und Forschung sowie die Vernetzung mit der Medien- und Kommunikationswirtschaft.<\/span><\/p>\n<p><span style=\"font-weight: 400;\">Die \u00d6GK \u00e4u\u00dfert sich zu medien- und forschungspolitischen Entwicklungen in \u00d6sterreich und steht in Austausch mit ihren Schwestergesellschaften in Deutschland (<a href=\"https:\/\/www.dgpuk.de\">DGPuK<\/a>), der Schweiz (<a href=\"https:\/\/sgkm.ch\">SGKM<\/a>) und Frankreich (<a href=\"https:\/\/www.sfsic.org\">SFSIC<\/a>).<\/span><\/p>\n<p><br style=\"font-weight: 400;\" \/><br style=\"font-weight: 400;\" \/><\/p>","protected":false},"excerpt":{"rendered":"<p>Die \u00d6GK ist die Fachgesellschaft und Interessensvertretung f\u00fcr die Medien- und Kommunikationswissenschaft und -praxis in \u00d6sterreich. Sie ist Herausgeberin der Fachzeitschrift Medien Journal und Veranstalterin der im zweij\u00e4hrigen Rhythmus stattfindenden \u201cKommunikationswissenschaftlichen Tage\u201d (KWT). Im Fokus stehen die St\u00e4rkung und Sichtbarkeit der \u00f6sterreichischen Medien- und Kommunikationswissenschaft in Lehre und Forschung sowie die Vernetzung mit der Medien- [&hellip;]<\/p>\n","protected":false},"author":1,"featured_media":0,"parent":0,"menu_order":2,"comment_status":"open","ping_status":"closed","template":"","meta":{"_acf_changed":false,"footnotes":"","_links_to":"","_links_to_target":""},"class_list":["post-2","page","type-page","status-publish","hentry"],"acf":[],"yoast_head":"<!-- This site is optimized with the Yoast SEO plugin v26.8 - https:\/\/yoast.com\/product\/yoast-seo-wordpress\/ -->\n<title>\u00dcber uns - \u00d6GK<\/title>\n<meta name=\"robots\" content=\"index, follow, max-snippet:-1, max-image-preview:large, max-video-preview:-1\" \/>\n<link rel=\"canonical\" href=\"https:\/\/ogk.at\/en\/ueber-uns\/\" \/>\n<meta property=\"og:locale\" content=\"en_GB\" \/>\n<meta property=\"og:type\" content=\"article\" \/>\n<meta property=\"og:title\" content=\"\u00dcber uns - \u00d6GK\" \/>\n<meta property=\"og:description\" content=\"Die \u00d6GK ist die Fachgesellschaft und Interessensvertretung f\u00fcr die Medien- und Kommunikationswissenschaft und -praxis in \u00d6sterreich. Sie ist Herausgeberin der Fachzeitschrift Medien Journal und Veranstalterin der im zweij\u00e4hrigen Rhythmus stattfindenden \u201cKommunikationswissenschaftlichen Tage\u201d (KWT). Im Fokus stehen die St\u00e4rkung und Sichtbarkeit der \u00f6sterreichischen Medien- und Kommunikationswissenschaft in Lehre und Forschung sowie die Vernetzung mit der Medien- [&hellip;]\" \/>\n<meta property=\"og:url\" content=\"https:\/\/ogk.at\/en\/ueber-uns\/\" \/>\n<meta property=\"og:site_name\" content=\"\u00d6GK\" \/>\n<meta property=\"article:modified_time\" content=\"2024-03-20T14:18:56+00:00\" \/>\n<meta name=\"twitter:card\" content=\"summary_large_image\" \/>\n<meta name=\"twitter:label1\" content=\"Estimated reading time\" \/>\n\t<meta name=\"twitter:data1\" content=\"1 minute\" \/>\n<script type=\"application\/ld+json\" class=\"yoast-schema-graph\">{\"@context\":\"https:\/\/schema.org\",\"@graph\":[{\"@type\":\"WebPage\",\"@id\":\"https:\/\/ogk.at\/ueber-uns\/\",\"url\":\"https:\/\/ogk.at\/ueber-uns\/\",\"name\":\"\u00dcber uns - \u00d6GK\",\"isPartOf\":{\"@id\":\"https:\/\/ogk.at\/#website\"},\"datePublished\":\"2014-04-30T12:31:22+00:00\",\"dateModified\":\"2024-03-20T14:18:56+00:00\",\"breadcrumb\":{\"@id\":\"https:\/\/ogk.at\/ueber-uns\/#breadcrumb\"},\"inLanguage\":\"en-GB\",\"potentialAction\":[{\"@type\":\"ReadAction\",\"target\":[\"https:\/\/ogk.at\/ueber-uns\/\"]}]},{\"@type\":\"BreadcrumbList\",\"@id\":\"https:\/\/ogk.at\/ueber-uns\/#breadcrumb\",\"itemListElement\":[{\"@type\":\"ListItem\",\"position\":1,\"name\":\"Home\",\"item\":\"https:\/\/ogk.at\/\"},{\"@type\":\"ListItem\",\"position\":2,\"name\":\"\u00dcber uns\"}]},{\"@type\":\"WebSite\",\"@id\":\"https:\/\/ogk.at\/#website\",\"url\":\"https:\/\/ogk.at\/\",\"name\":\"\u00d6GK\",\"description\":\"\u00d6sterreichische Gesellschaft f\u00fcr Kommunikationswissenschaft\",\"publisher\":{\"@id\":\"https:\/\/ogk.at\/#organization\"},\"potentialAction\":[{\"@type\":\"SearchAction\",\"target\":{\"@type\":\"EntryPoint\",\"urlTemplate\":\"https:\/\/ogk.at\/?s={search_term_string}\"},\"query-input\":{\"@type\":\"PropertyValueSpecification\",\"valueRequired\":true,\"valueName\":\"search_term_string\"}}],\"inLanguage\":\"en-GB\"},{\"@type\":\"Organization\",\"@id\":\"https:\/\/ogk.at\/#organization\",\"name\":\"\u00d6GK\",\"url\":\"https:\/\/ogk.at\/\",\"logo\":{\"@type\":\"ImageObject\",\"inLanguage\":\"en-GB\",\"@id\":\"https:\/\/ogk.at\/#\/schema\/logo\/image\/\",\"url\":\"https:\/\/ogk.at\/wp-content\/uploads\/2023\/12\/OGK_Logo.webp\",\"contentUrl\":\"https:\/\/ogk.at\/wp-content\/uploads\/2023\/12\/OGK_Logo.webp\",\"width\":792,\"height\":328,\"caption\":\"\u00d6GK\"},\"image\":{\"@id\":\"https:\/\/ogk.at\/#\/schema\/logo\/image\/\"}}]}<\/script>\n<!-- \/ Yoast SEO plugin. -->","yoast_head_json":{"title":"\u00dcber uns - \u00d6GK","robots":{"index":"index","follow":"follow","max-snippet":"max-snippet:-1","max-image-preview":"max-image-preview:large","max-video-preview":"max-video-preview:-1"},"canonical":"https:\/\/ogk.at\/en\/ueber-uns\/","og_locale":"en_GB","og_type":"article","og_title":"\u00dcber uns - \u00d6GK","og_description":"Die \u00d6GK ist die Fachgesellschaft und Interessensvertretung f\u00fcr die Medien- und Kommunikationswissenschaft und -praxis in \u00d6sterreich. Sie ist Herausgeberin der Fachzeitschrift Medien Journal und Veranstalterin der im zweij\u00e4hrigen Rhythmus stattfindenden \u201cKommunikationswissenschaftlichen Tage\u201d (KWT). Im Fokus stehen die St\u00e4rkung und Sichtbarkeit der \u00f6sterreichischen Medien- und Kommunikationswissenschaft in Lehre und Forschung sowie die Vernetzung mit der Medien- [&hellip;]","og_url":"https:\/\/ogk.at\/en\/ueber-uns\/","og_site_name":"\u00d6GK","article_modified_time":"2024-03-20T14:18:56+00:00","twitter_card":"summary_large_image","twitter_misc":{"Estimated reading time":"1 minute"},"schema":{"@context":"https:\/\/schema.org","@graph":[{"@type":"WebPage","@id":"https:\/\/ogk.at\/ueber-uns\/","url":"https:\/\/ogk.at\/ueber-uns\/","name":"\u00dcber uns - \u00d6GK","isPartOf":{"@id":"https:\/\/ogk.at\/#website"},"datePublished":"2014-04-30T12:31:22+00:00","dateModified":"2024-03-20T14:18:56+00:00","breadcrumb":{"@id":"https:\/\/ogk.at\/ueber-uns\/#breadcrumb"},"inLanguage":"en-GB","potentialAction":[{"@type":"ReadAction","target":["https:\/\/ogk.at\/ueber-uns\/"]}]},{"@type":"BreadcrumbList","@id":"https:\/\/ogk.at\/ueber-uns\/#breadcrumb","itemListElement":[{"@type":"ListItem","position":1,"name":"Home","item":"https:\/\/ogk.at\/"},{"@type":"ListItem","position":2,"name":"\u00dcber uns"}]},{"@type":"WebSite","@id":"https:\/\/ogk.at\/#website","url":"https:\/\/ogk.at\/","name":"\u00d6GK","description":"\u00d6sterreichische Gesellschaft f\u00fcr Kommunikationswissenschaft","publisher":{"@id":"https:\/\/ogk.at\/#organization"},"potentialAction":[{"@type":"SearchAction","target":{"@type":"EntryPoint","urlTemplate":"https:\/\/ogk.at\/?s={search_term_string}"},"query-input":{"@type":"PropertyValueSpecification","valueRequired":true,"valueName":"search_term_string"}}],"inLanguage":"en-GB"},{"@type":"Organization","@id":"https:\/\/ogk.at\/#organization","name":"\u00d6GK","url":"https:\/\/ogk.at\/","logo":{"@type":"ImageObject","inLanguage":"en-GB","@id":"https:\/\/ogk.at\/#\/schema\/logo\/image\/","url":"https:\/\/ogk.at\/wp-content\/uploads\/2023\/12\/OGK_Logo.webp","contentUrl":"https:\/\/ogk.at\/wp-content\/uploads\/2023\/12\/OGK_Logo.webp","width":792,"height":328,"caption":"\u00d6GK"},"image":{"@id":"https:\/\/ogk.at\/#\/schema\/logo\/image\/"}}]}},"publishpress_future_action":{"enabled":false,"date":"2026-04-25 05:54:45","action":"change-status","newStatus":"draft","terms":[],"taxonomy":"","extraData":[]},"publishpress_future_workflow_manual_trigger":{"enabledWorkflows":[]},"_links":{"self":[{"href":"https:\/\/ogk.at\/en\/wp-json\/wp\/v2\/pages\/2","targetHints":{"allow":["GET"]}}],"collection":[{"href":"https:\/\/ogk.at\/en\/wp-json\/wp\/v2\/pages"}],"about":[{"href":"https:\/\/ogk.at\/en\/wp-json\/wp\/v2\/types\/page"}],"author":[{"embeddable":true,"href":"https:\/\/ogk.at\/en\/wp-json\/wp\/v2\/users\/1"}],"replies":[{"embeddable":true,"href":"https:\/\/ogk.at\/en\/wp-json\/wp\/v2\/comments?post=2"}],"version-history":[{"count":13,"href":"https:\/\/ogk.at\/en\/wp-json\/wp\/v2\/pages\/2\/revisions"}],"predecessor-version":[{"id":1974,"href":"https:\/\/ogk.at\/en\/wp-json\/wp\/v2\/pages\/2\/revisions\/1974"}],"wp:attachment":[{"href":"https:\/\/ogk.at\/en\/wp-json\/wp\/v2\/media?parent=2"}],"curies":[{"name":"wp","href":"https:\/\/api.w.org\/{rel}","templated":true}]}}