{"id":20,"date":"2014-06-11T09:40:04","date_gmt":"2014-06-11T07:40:04","guid":{"rendered":"http:\/\/www-test.ogk.at\/?page_id=20"},"modified":"2024-03-20T15:18:57","modified_gmt":"2024-03-20T14:18:57","slug":"statuten","status":"publish","type":"page","link":"https:\/\/ogk.at\/en\/ueber-uns\/statuten\/","title":{"rendered":"Statuten"},"content":{"rendered":"<p>STATUTEN DES VEREINS\u00a0&#8222;\u00d6STERREICHISCHE GESELLSCHAFT F\u00dcR KOMMUNIKATIONSWISSENSCHAFT &#8211; \u00d6GK&#8220;<\/p>\n<p>\u00a7 1 NAME UND SITZ DES VEREINS<br \/>\nDer Verein f\u00fchrt den Namen \u201c\u00d6sterreichische Gesellschaft f\u00fcr Kommunikationswissenschaft \u2013 \u00d6GK\u201d. Er hat seinen Sitz in Salzburg. Seine T\u00e4tigkeit erstreckt sich auf das gesamte Bundesgebiet und zur Erreichung des Vereinszwecks auch dar\u00fcber hinaus.<\/p>\n<p>\u00a7 2 VEREINSZWECK<br \/>\nDer Zweck des Vereins ist die F\u00f6rderung der Kommunikationswissenschaft in \u00d6sterreich und umgreift im Einzelnen folgende Zielsetzungen:<\/p>\n<ol>\n<li>F\u00f6rderung der Diskussion und der Zusammenarbeit zwischen wissenschaftlicher Forschung und Praxis.<\/li>\n<li>Anregung, F\u00f6rderung und Durchf\u00fchrung von kommunikationswissenschaftlichen Forschungsprojekten.<\/li>\n<li>Entwicklung und F\u00f6rderung neuer Kommunikationsforen.<\/li>\n<li>Information der \u00d6ffentlichkeit \u00fcber kommunikationswissenschaftliche Probleme und Ph\u00e4nomene und deren gesellschaftliche Relevanz. F\u00f6rderung des Transfers von kommunikationswissenschaftlichen Erkenntnissen und Positionen in die \u00d6ffentlichkeit.<\/li>\n<li>Vertretung der Interessen der universit\u00e4ren und au\u00dferuniversit\u00e4ren \u00f6sterreichischen Kommunikationswissenschaft gegen\u00fcber staatlichen und nicht-staatlichen Institutionen im In- und Ausland.<\/li>\n<\/ol>\n<p>Die T\u00e4tigkeit des Vereines ist nicht auf Gewinn gerichtet, sondern verfolgt Ziele im Sinne des oben definierten Vereinszwecks.<\/p>\n<p>\u00a7 3 MASSNAHMEN ZUR ERREICHUNG DES VEREINSZWECKES<br \/>\nDiese sind:<br \/>\nAbsatz 1:<\/p>\n<ol>\n<li>Schaffung von Einrichtungen und Durchf\u00fchrung von Veranstaltungen, die den in \u00a7 2 genannten Zielen dienlich sind.<\/li>\n<li>Herausgabe von periodischen und aperiodischen Publikationen.<\/li>\n<li>Pflege der Zusammenarbeit mit Organisationen und Institutionen \u00e4hnlicher Zielsetzung im In- und Ausland.<\/li>\n<li>Kommunikation mit den Mitgliedern und der \u00d6ffentlichkeit \u00fcber die Aktivit\u00e4ten und T\u00e4tigkeiten des Vereins.<\/li>\n<\/ol>\n<p>Absatz 2:<br \/>\nDie materiellen Mittel zur Erreichung des Vereinszweckes sind: Mitgliedsbeitr\u00e4ge, Spenden und sonstige Zuwendungen.<\/p>\n<p>\u00a7 4 ARTEN DER MITGLIEDER<\/p>\n<ol>\n<li>Ordentliche Mitglieder<\/li>\n<li>Ordentliche Mitglieder mit erm\u00e4\u00dfigtem Mitgliedsbeitrag<\/li>\n<li>F\u00f6rdernde Mitglieder<\/li>\n<li>Institutionelle Mitglieder<\/li>\n<\/ol>\n<p>Ad 1.: Ordentliche Mitglieder<br \/>\ndes Vereins sind physische Personen, die an allen Rechten und Pflichten des Vereins teilnehmen. Als solche k\u00f6nnen Personen aufgenommen werden, die auf dem Gebiet kommunikations- und sozialwissenschaftlicher Forschung arbeiten, oder im Bereich der Medien, Bildung, Politik, Wirtschaft, Interessensverb\u00e4nden und Verwaltung einschl\u00e4gig t\u00e4tig sind.<\/p>\n<p>Ad 2.: Ordentliche Mitglieder mit erm\u00e4\u00dfigtem Mitgliedsbeitrag<br \/>\nsind physische Personen, die einen erm\u00e4\u00dfigten Mitgliedsbeitrag entrichten und an allen Rechten und Pflichten des Vereins teilnehmen. Als solche k\u00f6nnen Personen aufgenommen werden, die auf dem Gebiet kommunikations- und sozialwissenschaftlicher Forschung oder im Bereich der Medien, Bildung, Politik, Wirtschaft, Interessensverb\u00e4nden und Verwaltung einschl\u00e4gig t\u00e4tig sind. Diese Mitgliedsart zielt grunds\u00e4tzlich auf Studierende in der Prae-Doc-Phase ab.<\/p>\n<p>Ad 3.: F\u00f6rdernde Mitglieder<br \/>\nsind physische und juristische Personen, die die Publikationen des Vereins erhalten, jedoch an den \u00fcbrigen Rechten und Pflichten der Vereinsmitglieder nicht teilnehmen und insbesondere in der Generalversammlung kein Stimmrecht haben. Sie dienen dem Vereinsziel durch Bereitstellung von Mitteln. Sie haben das Recht, dem Vorstand Vorschl\u00e4ge im Sinne des Vereinszieles zu unterbreiten und Mittel zu ihrer Realisierung aufzuzeigen.<\/p>\n<p>Ad 4.: Institutionelle Mitglieder<br \/>\nsind juristische Personen mit den Rechten und Pflichten f\u00f6rdernder Mitglieder, die auf dem Gebiet der kommunikations- und\/oder sozialwissenschaftlichen Forschung oder im Bereich der Medien- und Kommunikationsbranche bzw. -politik t\u00e4tig sind. Sie dienen dem Verein durch gemeinsame Aktivit\u00e4ten im Sinn der in \u00a72 genannten Vereinszwecke.<\/p>\n<p>\u00a7 5 ERWERB DER MITGLIEDSCHAFT<\/p>\n<ol>\n<li>\u00dcber die Aufnahme von Mitgliedern entscheidet der Vorstand endg\u00fcltig mit einfacher Mehrheit. Die Aufnahme kann ohne Angabe von Gr\u00fcnden verweigert werden.<\/li>\n<li>Vor der konstituierenden Generalversammlung erfolgt die Aufnahme aller Mitglieder durch den Proponenten.<\/li>\n<\/ol>\n<p>\u00a7 6 VERLUST DER MITGLIEDSCHAFT<br \/>\nDie Mitgliedschaft endet durch:<\/p>\n<ol>\n<li>Tod bei physischen Personen, Wegfall der Rechtspers\u00f6nlichkeit bei juristischen Personen.<\/li>\n<li>Freiwilligen Austritt. Dieser ist unter Wahrung einer 3-monatigen K\u00fcndigungsfrist zum 30. Juni bzw. 31.12. m\u00f6glich.<\/li>\n<li>Streichung. Zur Streichung von der Mitgliederliste ist der Vorstand bei Nichtzahlung des Mitgliedsbeitrages nach Ablauf des Kalenderjahres berechtigt.<\/li>\n<li>Ausschluss. Der Ausschluss erfolgt durch den Vorstand wegen erheblicher Verletzung der Mitgliederpflichten oder bei Vorliegen sonstiger triftiger Gr\u00fcnde. Der Ausschluss ist dem Mitglied mit eingeschriebenem Brief mitzuteilen. Gegen den Ausschluss steht dem Ausgeschlossenen Berufung an die Generalversammlung zu. Die Berufung ist binnen 14 Tagen nach Erhalt der Mitteilung beim Vorstand einzubringen und hat keine aufschiebende Wirkung.<\/li>\n<\/ol>\n<p>\u00a7 7 VEREINSKOMMUNIKATION<br \/>\nGrunds\u00e4tzlich kommuniziert die \u00d6GK mit ihren Mitgliedern per E-Mail. W\u00fcnsche auf Briefzustellung sind an die Gesch\u00e4ftsf\u00fchrung zu richten.<\/p>\n<p>\u00a7 8 MITGLIEDSBEITR\u00c4GE<br \/>\nDie H\u00f6he der Mitgliedsbeitr\u00e4ge wird von der Generalversammlung festgesetzt. Der Vorstand ist berechtigt, den Mitgliedsbeitrag in Einzelf\u00e4llen aus triftigen Gr\u00fcnden herabzusetzen oder Mitglieder von der Bezahlung desselben vor\u00fcbergehend zu befreien.<\/p>\n<p>\u00a7 9 RECHTE DER MITGLIEDER<\/p>\n<ol>\n<li>Ordentliche Mitglieder und ordentliche Mitglieder mit erm\u00e4\u00dfigtem Mitgliedsbeitrag haben Stimmrecht in der Generalversammlung sowie das aktive und passive Wahlrecht und erhalten die Publikationen des Vereins.<\/li>\n<li>F\u00f6rdernde und institutionelle Mitglieder erhalten die Publikationen des Vereins.<\/li>\n<li>Alle Mitglieder haben das Recht, die Einrichtungen des Vereins in Anspruch zu nehmen.<\/li>\n<\/ol>\n<p>\u00a7 10 PFLICHTEN DER MITGLIEDER<br \/>\nS\u00e4mtliche Mitglieder haben nach besten Kr\u00e4ften und K\u00f6nnen die Interessen des Vereins zu wahren und zu f\u00f6rdern, die Mitgliedsbeitr\u00e4ge p\u00fcnktlich zu bezahlen und sich an die Beschl\u00fcsse der Organe des Vereins zu halten. \u00c4nderungen an pers\u00f6nlichen Daten, die f\u00fcr die Abwicklung der Vereinsgesch\u00e4fte relevant sind (z. B. E-Mailadresse, abgeschlossenes Doktorat), sind der Gesch\u00e4ftsf\u00fchrung unmittelbar zur Kenntnis zu bringen.<\/p>\n<p>\u00a7 11 ORGANE DES VEREINES<br \/>\nDie Organe des Vereines sind:<\/p>\n<ol>\n<li>Die Generalversammlung<\/li>\n<li>Der Vorstand<\/li>\n<li>Die Rechnungspr\u00fcfung<\/li>\n<li>Das Schiedsgericht<\/li>\n<\/ol>\n<p>\u00a7 12 DIE GENERALVERSAMMLUNG<\/p>\n<ol>\n<li>Die ordentliche Generalversammlung findet in jedem 2. Kalenderjahr statt und ist von der vorstandsvorsitzenden Person sp\u00e4testens 4 Wochen vorher schriftlich einzuberufen.<\/li>\n<li>Eine au\u00dferordentliche Generalversammlung kann vom Vorstand einberufen werden. Sie muss einberufen werden, wenn dies von der Generalversammlung beschlossen<br \/>\noder von mindestens einem Zehntel der ordentlichen Mitglieder schriftlich beim Vorstand unter Angabe von Gr\u00fcnden beantragt wird. Die au\u00dferordentliche Generalversammlung ist in diesem Fall sp\u00e4testens binnen 4 Wochen vom Zeitpunkt des Einlangens des schriftlichen Begehrens einzuberufen.<\/li>\n<li>Die Generalversammlung kann in Pr\u00e4senz, online oder hybrid abgehalten werden.<\/li>\n<li>Vorsitzende Person der Generalversammlung ist die vorstandsvorsitzende Person bzw. deren Stellvertretung.<\/li>\n<li>Die Generalversammlung ist ohne R\u00fccksicht auf die Anzahl der Erschienenen beschlussf\u00e4hig. F\u00fcr Beschl\u00fcsse und Wahlen in der Generalversammlung ist die einfache Stimmenmehrheit erforderlich. Beschl\u00fcsse \u00fcber Statuten\u00e4nderungen bed\u00fcrfen der Zweidrittelmehrheit. Beschl\u00fcsse und Wahlen sind auch durch Onlineabstimmung m\u00f6glich.<\/li>\n<\/ol>\n<p>\u00a7 13 DER VORSTAND<\/p>\n<ol>\n<li>Der Vorstand besteht aus mindestens 5 und h\u00f6chstens 12 Mitgliedern.<\/li>\n<li>Die Funktionsdauer des Vorstandes dauert bis zur n\u00e4chsten Generalversammlung. Wiederwahl ist zul\u00e4ssig.<\/li>\n<li>Der Vorstand w\u00e4hlt aus seiner Mitte f\u00fcr die Dauer seiner Funktionsperiode eine zeichnungsberechtigte Person (Gesch\u00e4ftsf\u00fchrung), ferner eine vorstandsvorsitzende Person, bis zu 2 Stellvertretungen f\u00fcr die vorstandsvorsitzende Person, eine f\u00fcr die Finanzverwaltung verantwortliche Person und eine Person, die die Agenden der periodischen Publikation(en) des Vereins verantwortet. Das Vorsitzendenteam ist f\u00fcr strategische Belange verantwortlich. Die Gesch\u00e4ftsf\u00fchrung vertritt den Verein nach au\u00dfen und f\u00fchrt die Korrespondenz sowie die Kommunikation mit den Mitgliedern. In Finanzangelegenheiten sind die Gesch\u00e4ftsf\u00fchrung und die finanzverwaltende Person einzeln zeichnungsberechtigt. In allen anderen Angelegenheiten zeichnen die vorstandsvorsitzende Person und die Gesch\u00e4ftsf\u00fchrung. Der Vorstand kann einzelne Aufgaben an Vereinsmitglieder delegieren.<\/li>\n<li>Der Vorstand hat sich innerhalb von drei Wochen nach seiner Wahl zu konstituieren.<\/li>\n<li>Bei Ausscheiden eines gew\u00e4hlten Mitgliedes aus dem Vorstand hat diese Person das Recht, an deren Stelle ein anderes w\u00e4hlbares Mitglied in den Vorstand zu kooptieren.<\/li>\n<li>Der Vorstand ist beschlussf\u00e4hig, wenn mindestens die H\u00e4lfte seiner Mitglieder anwesend ist. Er fasst seine Beschl\u00fcsse mit einfacher Mehrheit.<\/li>\n<li>Der Vorstand verwaltet das Vereinsverm\u00f6gen, beschlie\u00dft \u00fcber die Mitgliederaufnahme (\u00a7 5) sowie \u00fcber alle Angelegenheiten, die keinem anderen Vereinsorgan vorbehalten sind.<\/li>\n<\/ol>\n<p>\u00a7 14 DIE RECHNUNGSPR\u00dcFUNG<br \/>\nDie Generalversammlung w\u00e4hlt zwei rechnungspr\u00fcfende Personen. Ihnen obliegt die laufende Kontrolle der finanziellen Gebarung des Vereins. Dar\u00fcber berichten sie dem Vorstand und der Generalversammlung. Die Bestellung der rechnungspr\u00fcfenden Personen erfolgt durch die Generalversammlung.<\/p>\n<p>\u00a7 15 SCHIEDSGERICHT<br \/>\nBei Auftreten von Streitf\u00e4llen aus dem Vereinsverh\u00e4ltnis nominiert jeder Streitteil eine Vertretung. Diese einigen sich auf eine hinzutretende vorsitzende Person oder bestimmen diese durch Los. Das Vereinsschiedsgericht entscheidet nach bestem Wissen und Gewissen, seine Entscheidungen sind endg\u00fcltig. Das Schiedsgericht entscheidet mit einfacher Mehrheit.<\/p>\n<p>\u00a7 16 BESTIMMUNG \u00dcBER DAS VEREINSVERM\u00d6GEN BEI AUFL\u00d6SUNG DES<br \/>\nVEREINS<br \/>\nBei Aufl\u00f6sung des Vereins haben die Mitglieder des letzten Vorstandes das Verm\u00f6gen im Sinne des Vereinszweckes zu verwenden. Bei freiwilliger und beh\u00f6rdlicher Aufl\u00f6sung des Vereines oder bei \u00c4nderung des Vereinszweckes wird das Vereinsverm\u00f6gen f\u00fcr gemeinn\u00fctzige Zwecke im Sinne 34 ff Bundesabgabenordnung (BAO) verwendet.<\/p>\n<p>Salzburg im Juli 2023<\/p>","protected":false},"excerpt":{"rendered":"<p>STATUTEN DES VEREINS\u00a0&#8222;\u00d6STERREICHISCHE GESELLSCHAFT F\u00dcR KOMMUNIKATIONSWISSENSCHAFT &#8211; \u00d6GK&#8220; \u00a7 1 NAME UND SITZ DES VEREINS Der Verein f\u00fchrt den Namen \u201c\u00d6sterreichische Gesellschaft f\u00fcr Kommunikationswissenschaft \u2013 \u00d6GK\u201d. Er hat seinen Sitz in Salzburg. Seine T\u00e4tigkeit erstreckt sich auf das gesamte Bundesgebiet und zur Erreichung des Vereinszwecks auch dar\u00fcber hinaus. \u00a7 2 VEREINSZWECK Der Zweck des Vereins [&hellip;]<\/p>\n","protected":false},"author":1,"featured_media":0,"parent":2,"menu_order":3,"comment_status":"open","ping_status":"open","template":"","meta":{"_acf_changed":false,"footnotes":"","_links_to":"","_links_to_target":""},"class_list":["post-20","page","type-page","status-publish","hentry"],"acf":[],"yoast_head":"<!-- This site is optimized with the Yoast SEO plugin v26.8 - https:\/\/yoast.com\/product\/yoast-seo-wordpress\/ -->\n<title>Statuten - \u00d6GK<\/title>\n<meta name=\"robots\" content=\"index, follow, max-snippet:-1, max-image-preview:large, max-video-preview:-1\" \/>\n<link rel=\"canonical\" href=\"https:\/\/ogk.at\/en\/ueber-uns\/statuten\/\" \/>\n<meta property=\"og:locale\" content=\"en_GB\" \/>\n<meta property=\"og:type\" content=\"article\" \/>\n<meta property=\"og:title\" content=\"Statuten - \u00d6GK\" \/>\n<meta property=\"og:description\" content=\"STATUTEN DES VEREINS\u00a0&#8222;\u00d6STERREICHISCHE GESELLSCHAFT F\u00dcR KOMMUNIKATIONSWISSENSCHAFT &#8211; \u00d6GK&#8220; \u00a7 1 NAME UND SITZ DES VEREINS Der Verein f\u00fchrt den Namen \u201c\u00d6sterreichische Gesellschaft f\u00fcr Kommunikationswissenschaft \u2013 \u00d6GK\u201d. Er hat seinen Sitz in Salzburg. Seine T\u00e4tigkeit erstreckt sich auf das gesamte Bundesgebiet und zur Erreichung des Vereinszwecks auch dar\u00fcber hinaus. \u00a7 2 VEREINSZWECK Der Zweck des Vereins [&hellip;]\" \/>\n<meta property=\"og:url\" content=\"https:\/\/ogk.at\/en\/ueber-uns\/statuten\/\" \/>\n<meta property=\"og:site_name\" content=\"\u00d6GK\" \/>\n<meta property=\"article:modified_time\" content=\"2024-03-20T14:18:57+00:00\" \/>\n<meta name=\"twitter:card\" content=\"summary_large_image\" \/>\n<meta name=\"twitter:label1\" content=\"Estimated reading time\" \/>\n\t<meta name=\"twitter:data1\" content=\"7 minutes\" \/>\n<script type=\"application\/ld+json\" class=\"yoast-schema-graph\">{\"@context\":\"https:\/\/schema.org\",\"@graph\":[{\"@type\":\"WebPage\",\"@id\":\"https:\/\/ogk.at\/ueber-uns\/statuten\/\",\"url\":\"https:\/\/ogk.at\/ueber-uns\/statuten\/\",\"name\":\"Statuten - \u00d6GK\",\"isPartOf\":{\"@id\":\"https:\/\/ogk.at\/#website\"},\"datePublished\":\"2014-06-11T07:40:04+00:00\",\"dateModified\":\"2024-03-20T14:18:57+00:00\",\"breadcrumb\":{\"@id\":\"https:\/\/ogk.at\/ueber-uns\/statuten\/#breadcrumb\"},\"inLanguage\":\"en-GB\",\"potentialAction\":[{\"@type\":\"ReadAction\",\"target\":[\"https:\/\/ogk.at\/ueber-uns\/statuten\/\"]}]},{\"@type\":\"BreadcrumbList\",\"@id\":\"https:\/\/ogk.at\/ueber-uns\/statuten\/#breadcrumb\",\"itemListElement\":[{\"@type\":\"ListItem\",\"position\":1,\"name\":\"Home\",\"item\":\"https:\/\/ogk.at\/\"},{\"@type\":\"ListItem\",\"position\":2,\"name\":\"\u00dcber uns\",\"item\":\"https:\/\/ogk.at\/ueber-uns\/\"},{\"@type\":\"ListItem\",\"position\":3,\"name\":\"Statuten\"}]},{\"@type\":\"WebSite\",\"@id\":\"https:\/\/ogk.at\/#website\",\"url\":\"https:\/\/ogk.at\/\",\"name\":\"\u00d6GK\",\"description\":\"\u00d6sterreichische Gesellschaft f\u00fcr Kommunikationswissenschaft\",\"publisher\":{\"@id\":\"https:\/\/ogk.at\/#organization\"},\"potentialAction\":[{\"@type\":\"SearchAction\",\"target\":{\"@type\":\"EntryPoint\",\"urlTemplate\":\"https:\/\/ogk.at\/?s={search_term_string}\"},\"query-input\":{\"@type\":\"PropertyValueSpecification\",\"valueRequired\":true,\"valueName\":\"search_term_string\"}}],\"inLanguage\":\"en-GB\"},{\"@type\":\"Organization\",\"@id\":\"https:\/\/ogk.at\/#organization\",\"name\":\"\u00d6GK\",\"url\":\"https:\/\/ogk.at\/\",\"logo\":{\"@type\":\"ImageObject\",\"inLanguage\":\"en-GB\",\"@id\":\"https:\/\/ogk.at\/#\/schema\/logo\/image\/\",\"url\":\"https:\/\/ogk.at\/wp-content\/uploads\/2023\/12\/OGK_Logo.webp\",\"contentUrl\":\"https:\/\/ogk.at\/wp-content\/uploads\/2023\/12\/OGK_Logo.webp\",\"width\":792,\"height\":328,\"caption\":\"\u00d6GK\"},\"image\":{\"@id\":\"https:\/\/ogk.at\/#\/schema\/logo\/image\/\"}}]}<\/script>\n<!-- \/ Yoast SEO plugin. -->","yoast_head_json":{"title":"Statuten - \u00d6GK","robots":{"index":"index","follow":"follow","max-snippet":"max-snippet:-1","max-image-preview":"max-image-preview:large","max-video-preview":"max-video-preview:-1"},"canonical":"https:\/\/ogk.at\/en\/ueber-uns\/statuten\/","og_locale":"en_GB","og_type":"article","og_title":"Statuten - \u00d6GK","og_description":"STATUTEN DES VEREINS\u00a0&#8222;\u00d6STERREICHISCHE GESELLSCHAFT F\u00dcR KOMMUNIKATIONSWISSENSCHAFT &#8211; \u00d6GK&#8220; \u00a7 1 NAME UND SITZ DES VEREINS Der Verein f\u00fchrt den Namen \u201c\u00d6sterreichische Gesellschaft f\u00fcr Kommunikationswissenschaft \u2013 \u00d6GK\u201d. Er hat seinen Sitz in Salzburg. Seine T\u00e4tigkeit erstreckt sich auf das gesamte Bundesgebiet und zur Erreichung des Vereinszwecks auch dar\u00fcber hinaus. \u00a7 2 VEREINSZWECK Der Zweck des Vereins [&hellip;]","og_url":"https:\/\/ogk.at\/en\/ueber-uns\/statuten\/","og_site_name":"\u00d6GK","article_modified_time":"2024-03-20T14:18:57+00:00","twitter_card":"summary_large_image","twitter_misc":{"Estimated reading time":"7 minutes"},"schema":{"@context":"https:\/\/schema.org","@graph":[{"@type":"WebPage","@id":"https:\/\/ogk.at\/ueber-uns\/statuten\/","url":"https:\/\/ogk.at\/ueber-uns\/statuten\/","name":"Statuten - \u00d6GK","isPartOf":{"@id":"https:\/\/ogk.at\/#website"},"datePublished":"2014-06-11T07:40:04+00:00","dateModified":"2024-03-20T14:18:57+00:00","breadcrumb":{"@id":"https:\/\/ogk.at\/ueber-uns\/statuten\/#breadcrumb"},"inLanguage":"en-GB","potentialAction":[{"@type":"ReadAction","target":["https:\/\/ogk.at\/ueber-uns\/statuten\/"]}]},{"@type":"BreadcrumbList","@id":"https:\/\/ogk.at\/ueber-uns\/statuten\/#breadcrumb","itemListElement":[{"@type":"ListItem","position":1,"name":"Home","item":"https:\/\/ogk.at\/"},{"@type":"ListItem","position":2,"name":"\u00dcber uns","item":"https:\/\/ogk.at\/ueber-uns\/"},{"@type":"ListItem","position":3,"name":"Statuten"}]},{"@type":"WebSite","@id":"https:\/\/ogk.at\/#website","url":"https:\/\/ogk.at\/","name":"\u00d6GK","description":"\u00d6sterreichische Gesellschaft f\u00fcr Kommunikationswissenschaft","publisher":{"@id":"https:\/\/ogk.at\/#organization"},"potentialAction":[{"@type":"SearchAction","target":{"@type":"EntryPoint","urlTemplate":"https:\/\/ogk.at\/?s={search_term_string}"},"query-input":{"@type":"PropertyValueSpecification","valueRequired":true,"valueName":"search_term_string"}}],"inLanguage":"en-GB"},{"@type":"Organization","@id":"https:\/\/ogk.at\/#organization","name":"\u00d6GK","url":"https:\/\/ogk.at\/","logo":{"@type":"ImageObject","inLanguage":"en-GB","@id":"https:\/\/ogk.at\/#\/schema\/logo\/image\/","url":"https:\/\/ogk.at\/wp-content\/uploads\/2023\/12\/OGK_Logo.webp","contentUrl":"https:\/\/ogk.at\/wp-content\/uploads\/2023\/12\/OGK_Logo.webp","width":792,"height":328,"caption":"\u00d6GK"},"image":{"@id":"https:\/\/ogk.at\/#\/schema\/logo\/image\/"}}]}},"publishpress_future_action":{"enabled":false,"date":"2026-04-25 05:21:07","action":"change-status","newStatus":"draft","terms":[],"taxonomy":"","extraData":[]},"publishpress_future_workflow_manual_trigger":{"enabledWorkflows":[]},"_links":{"self":[{"href":"https:\/\/ogk.at\/en\/wp-json\/wp\/v2\/pages\/20","targetHints":{"allow":["GET"]}}],"collection":[{"href":"https:\/\/ogk.at\/en\/wp-json\/wp\/v2\/pages"}],"about":[{"href":"https:\/\/ogk.at\/en\/wp-json\/wp\/v2\/types\/page"}],"author":[{"embeddable":true,"href":"https:\/\/ogk.at\/en\/wp-json\/wp\/v2\/users\/1"}],"replies":[{"embeddable":true,"href":"https:\/\/ogk.at\/en\/wp-json\/wp\/v2\/comments?post=20"}],"version-history":[{"count":4,"href":"https:\/\/ogk.at\/en\/wp-json\/wp\/v2\/pages\/20\/revisions"}],"predecessor-version":[{"id":1182,"href":"https:\/\/ogk.at\/en\/wp-json\/wp\/v2\/pages\/20\/revisions\/1182"}],"up":[{"embeddable":true,"href":"https:\/\/ogk.at\/en\/wp-json\/wp\/v2\/pages\/2"}],"wp:attachment":[{"href":"https:\/\/ogk.at\/en\/wp-json\/wp\/v2\/media?parent=20"}],"curies":[{"name":"wp","href":"https:\/\/api.w.org\/{rel}","templated":true}]}}