{"id":2286,"date":"2025-06-30T08:13:42","date_gmt":"2025-06-30T07:13:42","guid":{"rendered":"https:\/\/ogk.at\/?page_id=2286"},"modified":"2025-06-30T11:01:58","modified_gmt":"2025-06-30T10:01:58","slug":"50-jahre-oegk-vergangenheit-reflektieren-und-zukunft-gestalten","status":"publish","type":"page","link":"https:\/\/ogk.at\/en\/ueber-uns\/50-jahre-oegk-vergangenheit-reflektieren-und-zukunft-gestalten\/","title":{"rendered":"50 Jahre \u00d6GK \u2013 Vergangenheit reflektieren und Zukunft gestalten"},"content":{"rendered":"<h3 class=\"wp-block-heading\"><strong>Call for Papers<\/strong><\/h3>\n\n\n\n<p>6. bis 8. Mai 2026<br>an der Universit\u00e4t Salzburg, Fachbereich Kommunikationswissenschaft<\/p>\n\n\n\n<p>Im Jahr 2026 blickt die \u00d6sterreichische Gesellschaft f\u00fcr Kommunikationswissenschaft (\u00d6GK) auf ein halbes Jahrhundert ihres Bestehens zur\u00fcck. Dieses Jubil\u00e4um bietet Anlass zur Reflexion \u00fcber die Entwicklung der Kommunikations- und Medienwissenschaft, ihre gegenw\u00e4rtige Verfasstheit und ihre k\u00fcnftigen Herausforderungen. Unter dem Titel \u201e50 Jahre \u00d6GK \u2013 Vergangenheit reflektieren und Zukunft gestalten\u201c m\u00f6chten die Kommunikationswissenschaftlichen Tage (KWT) 2026 der \u00d6GK ein Forum schaffen, um zentrale Fragen zur Geschichte, Gegenwart und Zukunft der Kommunikations- und Medienwissenschaft in \u00d6sterreich und dar\u00fcber hinaus aus unterschiedlichen Perspektiven zu diskutieren.<\/p>\n\n\n\n<p>Ein wichtiger Bezugspunkt ist die Gr\u00fcndungserkl\u00e4rung der \u00d6GK von 1976, in deren Rahmen eine Vielzahl damaliger Herausforderungen der Kommunikations- und Medienwissenschaft benannt wurden: die Kommerzialisierung von Medienproduktion und -Forschung und daraus folgende Einschr\u00e4nkungen f\u00fcr kritische Fragestellungen, theoretische Vielfalt und forschungspraktische Offenheit; die Verantwortung von Medienanbietern im Sinne der F\u00f6rderung eines kritischen, selbstbestimmten Mediengebrauchs; die Formierung alternativer \u00d6ffentlichkeiten sowie die gleichberechtigte Arbeit in und Mitgestaltung von Medienproduktion und -organisation.<\/p>\n\n\n\n<p>Die Gr\u00fcndungserkl\u00e4rung richtete sich insbesondere an gesellschaftlich engagierte Anspruchsgruppen wie Menschen in prek\u00e4ren Besch\u00e4ftigungsverh\u00e4ltnissen, von Mitbestimmung ausgeschlossene Medienschaffende, aktive Medieninitiativen und gesellschaftsbezogen arbeitende Sozial- und Kommunikationsforscher:innen. Viele der damals formulierten Anliegen und Fragestellungen erscheinen im Kontext aktueller demokratischer, medialer und sozialer Umbr\u00fcche relevanter denn je \u2013 gerade f\u00fcr eine zuk\u00fcnftige Positionierung der \u00d6GK: Man denke etwa an das \u00f6konomische Primat in Medienproduktion und -Forschung, an (selbst-)destruktive Formen digital-\u00f6ffentlichen Mediengebrauchs sowie an neue Formen von Prekarisierung und Ungleichheit in digital-medialen Arbeits- und Teilhabeprozessen.<\/p>\n\n\n\n<p>Entsprechend zielt die Tagung neben der historischen R\u00fcckschau vor allem auf einen Ausblick auf die Zukunft des Fachs und dessen Forschungsaktivit\u00e4ten ab: Wie kann und soll die Kommunikations- und Medienwissenschaft auf gesellschaftspolitische Krisen, digitale Transformationsprozesse, den Wandel \u00f6ffentlicher Kommunikation sowie wachsende soziale Ungleichheiten reagieren? Welche institutionellen, forschungspolitischen, theoretischen, methodischen und didaktischen Innovationen braucht das Fach? Wie lassen sich demokratiepolitische Anliegen, die seit 1976 in das Selbstverst\u00e4ndnis der \u00d6GK eingeschrieben sind, im Zeitalter algorithmischer Kommunikation, generativer KI und Plattformkapitalismus fortschreiben und weiterdenken?<\/p>\n\n\n\n<p>Die KWT 2026 bringen Forscher:innen aus allen Teilbereichen der Kommunikations- und Medienwissenschaft sowie angrenzender Disziplinen zusammen. Willkommen sind theoretische, empirische, didaktische und transferorientierte Beitr\u00e4ge in deutscher oder englischer Sprache. Einreichungen k\u00f6nnen sowohl retrospektiv, gegenwartsanalytisch als auch prospektiv argumentieren.<\/p>\n\n\n\n<p>M\u00f6gliche thematische Schwerpunkte f\u00fcr aktuelle Forschungsbeitr\u00e4ge sowie f\u00fcr kritische oder programmatische Auseinandersetzungen sind:<\/p>\n\n\n\n<ol class=\"wp-block-list\">\n<li>Disziplin\u00e4re Geschichte, Identit\u00e4t und Selbstverst\u00e4ndnis<br><em>Wie hat sich die Kommunikations- und Medienwissenschaft innerhalb und au\u00dferhalb \u00d6sterreichs entwickelt \u2013 und welches Selbstverst\u00e4ndnis pr\u00e4gt sie heute?<\/em><\/li>\n\n\n\n<li>Theoretische und methodische Entwicklungen<br><em>Welche theoretischen Konzepte und methodischen Zug\u00e4nge haben das Fach gepr\u00e4gt \u2013 und welche Antworten bieten sie auf aktuelle Herausforderungen?<\/em><\/li>\n\n\n\n<li>Struktur, Organisation und Ausbildung<br><em>Wie ver\u00e4ndern sich institutionelle Rahmenbedingungen, Karrierewege und die Hochschullehre im Fach \u2013 und mit welchen Konsequenzen?<\/em><\/li>\n\n\n\n<li>Gesellschaftlicher Wandel und digitale Transformation<br><em>Wie reagiert die Kommunikations- und Medienwissenschaft auf technologische Umbr\u00fcche, neue \u00d6ffentlichkeiten und globale Krisenph\u00e4nomene und welche Beitr\u00e4ge kann und soll das Fach hinsichtlich sozial und \u00f6kologisch nachhaltiger Zukunftsperspektiven leisten?<\/em><\/li>\n\n\n\n<li>Inklusion, Teilhabe und Diversit\u00e4t<br><em>Wie kann das Fach sensibler und zug\u00e4nglicher f\u00fcr vielf\u00e4ltige Perspektiven, Lebensrealit\u00e4ten und Forschungskulturen werden?<\/em><\/li>\n\n\n\n<li>Offenes Panel<br>Dar\u00fcber hinaus bieten wir ein offenes Panel an, um Raum f\u00fcr aktuelle Studien ohne direkten Bezug zum Tagungsthema zu schaffen.<\/li>\n<\/ol>\n\n\n\n<div style=\"height:12px\" aria-hidden=\"true\" class=\"wp-block-spacer\"><\/div>\n\n\n\n<h3 class=\"wp-block-heading\"><strong>Modalit\u00e4ten der Einreichung<\/strong><\/h3>\n\n\n\n<p>Beitr\u00e4ge k\u00f6nnen <strong>bis zum 5. Dezember 2025 per E-Mail<\/strong> an <a href=\"mailto:kwt2026@plus.ac.at\">kwt2026@plus.ac.at<\/a> eingereicht werden. Erbeten wird ein Abstract von maximal 500 W\u00f6rtern inklusive Literaturangaben (als PDF-Datei). Die Titelseite ist separat beizulegen und enth\u00e4lt die relevanten Angaben zur Person bzw. zu den Personen (Name, institutionelle Anbindung, E-Mail-Adresse). Auch die Einreichung von Panels ist m\u00f6glich; entsprechende Vorschl\u00e4ge sollten neben einem Paneltitel und einer kurzen Gesamtbeschreibung (max. 300 W\u00f6rter) auch Abstracts der Einzelbeitr\u00e4ge enthalten. Alle Einreichungen m\u00fcssen vollst\u00e4ndig anonymisiert sein.<\/p>\n\n\n\n<p>Die Begutachtung erfolgt nach den folgenden Kriterien: Beitrag zum Tagungsthema; Plausibilit\u00e4t und Angemessenheit der theoretischen Fundierung; Ad\u00e4quanz der Methode bzw. Vorgehensweise; Klarheit und Pr\u00e4gnanz der Darstellung; Beitrag zum Forschungsfeld.<\/p>\n\n\n\n<p>Weitere Informationen zur Tagung sowie zur \u00d6sterreichischen Gesellschaft f\u00fcr Kommunikationswissenschaft (\u00d6GK) finden Sie auf der <a href=\"https:\/\/ogk.at\/en\/\">Website der \u00d6GK<\/a>. Aktuelle Hinweise werden zudem \u00fcber die Social-Media-Kan\u00e4le der \u00d6GK auf <a href=\"https:\/\/www.linkedin.com\/company\/oesterreichische-gesellschaft-fuer-kommunikationswissenschaft\/\">LinkedIn<\/a> und <a href=\"https:\/\/bsky.app\/profile\/oegk.bsky.social\">Bluesky<\/a> bekannt gegeben.<\/p>\n\n\n\n<p>Wir freuen uns auf Ihre Einreichung und eine gemeinsame Auseinandersetzung mit der Geschichte, Gegenwart und Zukunft der Kommunikations- und Medienwissenschaft!<\/p>\n\n\n\n<p>Das Tagungsteam am Fachbereich Kommunikationswissenschaft der Universit\u00e4t Salzburg:<\/p>\n\n\n\n<div class=\"wp-block-media-text has-media-on-the-right is-stacked-on-mobile\"><div class=\"wp-block-media-text__content\">\n<p class=\"has-text-align-left\">Stefan Gadringer<br>Corinna Peil<br>Tales Tomaz<br>Thomas Birkner<br>Annika Keute<br>Peter Winkler<\/p>\n<\/div><figure class=\"wp-block-media-text__media\"><img decoding=\"async\" width=\"300\" height=\"150\" src=\"https:\/\/ogk.at\/wp-content\/uploads\/2025\/06\/image-300x150.png\" alt=\"\" class=\"wp-image-2288 size-full\" srcset=\"https:\/\/ogk.at\/wp-content\/uploads\/2025\/06\/image-300x150.png 300w, https:\/\/ogk.at\/wp-content\/uploads\/2025\/06\/image-1024x512.png 1024w, https:\/\/ogk.at\/wp-content\/uploads\/2025\/06\/image-768x384.png 768w, https:\/\/ogk.at\/wp-content\/uploads\/2025\/06\/image-18x9.png 18w, https:\/\/ogk.at\/wp-content\/uploads\/2025\/06\/image.png 1417w\" sizes=\"(max-width: 300px) 100vw, 300px\" \/><\/figure><\/div>\n\n\n\n<h3 class=\"wp-block-heading\"><strong>Kontakt<\/strong><\/h3>\n\n\n\n<p>E-Mail: <a href=\"mailto:kwt2026@plus.ac.at\">kwt2026@plus.ac.at<\/a><span style=\"color: #4f4f4f;\"><strong><br><\/strong><\/span><\/p>","protected":false},"excerpt":{"rendered":"<p>Call for Papers 6. bis 8. Mai 2026an der Universit\u00e4t Salzburg, Fachbereich Kommunikationswissenschaft Im Jahr 2026 blickt die \u00d6sterreichische Gesellschaft f\u00fcr Kommunikationswissenschaft (\u00d6GK) auf ein halbes Jahrhundert ihres Bestehens zur\u00fcck. Dieses Jubil\u00e4um bietet Anlass zur Reflexion \u00fcber die Entwicklung der Kommunikations- und Medienwissenschaft, ihre gegenw\u00e4rtige Verfasstheit und ihre k\u00fcnftigen Herausforderungen. Unter dem Titel \u201e50 Jahre [&hellip;]<\/p>\n","protected":false},"author":1,"featured_media":0,"parent":2,"menu_order":8,"comment_status":"closed","ping_status":"closed","template":"","meta":{"_acf_changed":false,"footnotes":"","_links_to":"","_links_to_target":""},"class_list":["post-2286","page","type-page","status-publish","hentry"],"acf":[],"yoast_head":"<!-- This site is optimized with the Yoast SEO plugin v26.8 - https:\/\/yoast.com\/product\/yoast-seo-wordpress\/ -->\n<title>50 Jahre \u00d6GK \u2013 Vergangenheit reflektieren und Zukunft gestalten - \u00d6GK<\/title>\n<meta name=\"robots\" content=\"index, follow, max-snippet:-1, max-image-preview:large, max-video-preview:-1\" \/>\n<link rel=\"canonical\" href=\"https:\/\/ogk.at\/en\/ueber-uns\/50-jahre-oegk-vergangenheit-reflektieren-und-zukunft-gestalten\/\" \/>\n<meta property=\"og:locale\" content=\"en_GB\" \/>\n<meta property=\"og:type\" content=\"article\" \/>\n<meta property=\"og:title\" content=\"50 Jahre \u00d6GK \u2013 Vergangenheit reflektieren und Zukunft gestalten - \u00d6GK\" \/>\n<meta property=\"og:description\" content=\"Call for Papers 6. bis 8. Mai 2026an der Universit\u00e4t Salzburg, Fachbereich Kommunikationswissenschaft Im Jahr 2026 blickt die \u00d6sterreichische Gesellschaft f\u00fcr Kommunikationswissenschaft (\u00d6GK) auf ein halbes Jahrhundert ihres Bestehens zur\u00fcck. Dieses Jubil\u00e4um bietet Anlass zur Reflexion \u00fcber die Entwicklung der Kommunikations- und Medienwissenschaft, ihre gegenw\u00e4rtige Verfasstheit und ihre k\u00fcnftigen Herausforderungen. Unter dem Titel \u201e50 Jahre [&hellip;]\" \/>\n<meta property=\"og:url\" content=\"https:\/\/ogk.at\/en\/ueber-uns\/50-jahre-oegk-vergangenheit-reflektieren-und-zukunft-gestalten\/\" \/>\n<meta property=\"og:site_name\" content=\"\u00d6GK\" \/>\n<meta property=\"article:modified_time\" content=\"2025-06-30T10:01:58+00:00\" \/>\n<meta property=\"og:image\" content=\"https:\/\/ogk.at\/wp-content\/uploads\/2025\/06\/image.png\" \/>\n\t<meta property=\"og:image:width\" content=\"1417\" \/>\n\t<meta property=\"og:image:height\" content=\"708\" \/>\n\t<meta property=\"og:image:type\" content=\"image\/png\" \/>\n<meta name=\"twitter:card\" content=\"summary_large_image\" \/>\n<meta name=\"twitter:label1\" content=\"Estimated reading time\" \/>\n\t<meta name=\"twitter:data1\" content=\"5 minutes\" \/>\n<script type=\"application\/ld+json\" class=\"yoast-schema-graph\">{\"@context\":\"https:\/\/schema.org\",\"@graph\":[{\"@type\":\"WebPage\",\"@id\":\"https:\/\/ogk.at\/ueber-uns\/50-jahre-oegk-vergangenheit-reflektieren-und-zukunft-gestalten\/\",\"url\":\"https:\/\/ogk.at\/ueber-uns\/50-jahre-oegk-vergangenheit-reflektieren-und-zukunft-gestalten\/\",\"name\":\"50 Jahre \u00d6GK \u2013 Vergangenheit reflektieren und Zukunft gestalten - \u00d6GK\",\"isPartOf\":{\"@id\":\"https:\/\/ogk.at\/#website\"},\"primaryImageOfPage\":{\"@id\":\"https:\/\/ogk.at\/ueber-uns\/50-jahre-oegk-vergangenheit-reflektieren-und-zukunft-gestalten\/#primaryimage\"},\"image\":{\"@id\":\"https:\/\/ogk.at\/ueber-uns\/50-jahre-oegk-vergangenheit-reflektieren-und-zukunft-gestalten\/#primaryimage\"},\"thumbnailUrl\":\"https:\/\/ogk.at\/wp-content\/uploads\/2025\/06\/image-300x150.png\",\"datePublished\":\"2025-06-30T07:13:42+00:00\",\"dateModified\":\"2025-06-30T10:01:58+00:00\",\"breadcrumb\":{\"@id\":\"https:\/\/ogk.at\/ueber-uns\/50-jahre-oegk-vergangenheit-reflektieren-und-zukunft-gestalten\/#breadcrumb\"},\"inLanguage\":\"en-GB\",\"potentialAction\":[{\"@type\":\"ReadAction\",\"target\":[\"https:\/\/ogk.at\/ueber-uns\/50-jahre-oegk-vergangenheit-reflektieren-und-zukunft-gestalten\/\"]}]},{\"@type\":\"ImageObject\",\"inLanguage\":\"en-GB\",\"@id\":\"https:\/\/ogk.at\/ueber-uns\/50-jahre-oegk-vergangenheit-reflektieren-und-zukunft-gestalten\/#primaryimage\",\"url\":\"https:\/\/ogk.at\/wp-content\/uploads\/2025\/06\/image-300x150.png\",\"contentUrl\":\"https:\/\/ogk.at\/wp-content\/uploads\/2025\/06\/image-300x150.png\"},{\"@type\":\"BreadcrumbList\",\"@id\":\"https:\/\/ogk.at\/ueber-uns\/50-jahre-oegk-vergangenheit-reflektieren-und-zukunft-gestalten\/#breadcrumb\",\"itemListElement\":[{\"@type\":\"ListItem\",\"position\":1,\"name\":\"Home\",\"item\":\"https:\/\/ogk.at\/\"},{\"@type\":\"ListItem\",\"position\":2,\"name\":\"\u00dcber uns\",\"item\":\"https:\/\/ogk.at\/ueber-uns\/\"},{\"@type\":\"ListItem\",\"position\":3,\"name\":\"50 Jahre \u00d6GK \u2013 Vergangenheit reflektieren und Zukunft gestalten\"}]},{\"@type\":\"WebSite\",\"@id\":\"https:\/\/ogk.at\/#website\",\"url\":\"https:\/\/ogk.at\/\",\"name\":\"\u00d6GK\",\"description\":\"\u00d6sterreichische Gesellschaft f\u00fcr Kommunikationswissenschaft\",\"publisher\":{\"@id\":\"https:\/\/ogk.at\/#organization\"},\"potentialAction\":[{\"@type\":\"SearchAction\",\"target\":{\"@type\":\"EntryPoint\",\"urlTemplate\":\"https:\/\/ogk.at\/?s={search_term_string}\"},\"query-input\":{\"@type\":\"PropertyValueSpecification\",\"valueRequired\":true,\"valueName\":\"search_term_string\"}}],\"inLanguage\":\"en-GB\"},{\"@type\":\"Organization\",\"@id\":\"https:\/\/ogk.at\/#organization\",\"name\":\"\u00d6GK\",\"url\":\"https:\/\/ogk.at\/\",\"logo\":{\"@type\":\"ImageObject\",\"inLanguage\":\"en-GB\",\"@id\":\"https:\/\/ogk.at\/#\/schema\/logo\/image\/\",\"url\":\"https:\/\/ogk.at\/wp-content\/uploads\/2023\/12\/OGK_Logo.webp\",\"contentUrl\":\"https:\/\/ogk.at\/wp-content\/uploads\/2023\/12\/OGK_Logo.webp\",\"width\":792,\"height\":328,\"caption\":\"\u00d6GK\"},\"image\":{\"@id\":\"https:\/\/ogk.at\/#\/schema\/logo\/image\/\"}}]}<\/script>\n<!-- \/ Yoast SEO plugin. -->","yoast_head_json":{"title":"50 Jahre \u00d6GK \u2013 Vergangenheit reflektieren und Zukunft gestalten - \u00d6GK","robots":{"index":"index","follow":"follow","max-snippet":"max-snippet:-1","max-image-preview":"max-image-preview:large","max-video-preview":"max-video-preview:-1"},"canonical":"https:\/\/ogk.at\/en\/ueber-uns\/50-jahre-oegk-vergangenheit-reflektieren-und-zukunft-gestalten\/","og_locale":"en_GB","og_type":"article","og_title":"50 Jahre \u00d6GK \u2013 Vergangenheit reflektieren und Zukunft gestalten - \u00d6GK","og_description":"Call for Papers 6. bis 8. Mai 2026an der Universit\u00e4t Salzburg, Fachbereich Kommunikationswissenschaft Im Jahr 2026 blickt die \u00d6sterreichische Gesellschaft f\u00fcr Kommunikationswissenschaft (\u00d6GK) auf ein halbes Jahrhundert ihres Bestehens zur\u00fcck. Dieses Jubil\u00e4um bietet Anlass zur Reflexion \u00fcber die Entwicklung der Kommunikations- und Medienwissenschaft, ihre gegenw\u00e4rtige Verfasstheit und ihre k\u00fcnftigen Herausforderungen. Unter dem Titel \u201e50 Jahre [&hellip;]","og_url":"https:\/\/ogk.at\/en\/ueber-uns\/50-jahre-oegk-vergangenheit-reflektieren-und-zukunft-gestalten\/","og_site_name":"\u00d6GK","article_modified_time":"2025-06-30T10:01:58+00:00","og_image":[{"width":1417,"height":708,"url":"https:\/\/ogk.at\/wp-content\/uploads\/2025\/06\/image.png","type":"image\/png"}],"twitter_card":"summary_large_image","twitter_misc":{"Estimated reading time":"5 minutes"},"schema":{"@context":"https:\/\/schema.org","@graph":[{"@type":"WebPage","@id":"https:\/\/ogk.at\/ueber-uns\/50-jahre-oegk-vergangenheit-reflektieren-und-zukunft-gestalten\/","url":"https:\/\/ogk.at\/ueber-uns\/50-jahre-oegk-vergangenheit-reflektieren-und-zukunft-gestalten\/","name":"50 Jahre \u00d6GK \u2013 Vergangenheit reflektieren und Zukunft gestalten - \u00d6GK","isPartOf":{"@id":"https:\/\/ogk.at\/#website"},"primaryImageOfPage":{"@id":"https:\/\/ogk.at\/ueber-uns\/50-jahre-oegk-vergangenheit-reflektieren-und-zukunft-gestalten\/#primaryimage"},"image":{"@id":"https:\/\/ogk.at\/ueber-uns\/50-jahre-oegk-vergangenheit-reflektieren-und-zukunft-gestalten\/#primaryimage"},"thumbnailUrl":"https:\/\/ogk.at\/wp-content\/uploads\/2025\/06\/image-300x150.png","datePublished":"2025-06-30T07:13:42+00:00","dateModified":"2025-06-30T10:01:58+00:00","breadcrumb":{"@id":"https:\/\/ogk.at\/ueber-uns\/50-jahre-oegk-vergangenheit-reflektieren-und-zukunft-gestalten\/#breadcrumb"},"inLanguage":"en-GB","potentialAction":[{"@type":"ReadAction","target":["https:\/\/ogk.at\/ueber-uns\/50-jahre-oegk-vergangenheit-reflektieren-und-zukunft-gestalten\/"]}]},{"@type":"ImageObject","inLanguage":"en-GB","@id":"https:\/\/ogk.at\/ueber-uns\/50-jahre-oegk-vergangenheit-reflektieren-und-zukunft-gestalten\/#primaryimage","url":"https:\/\/ogk.at\/wp-content\/uploads\/2025\/06\/image-300x150.png","contentUrl":"https:\/\/ogk.at\/wp-content\/uploads\/2025\/06\/image-300x150.png"},{"@type":"BreadcrumbList","@id":"https:\/\/ogk.at\/ueber-uns\/50-jahre-oegk-vergangenheit-reflektieren-und-zukunft-gestalten\/#breadcrumb","itemListElement":[{"@type":"ListItem","position":1,"name":"Home","item":"https:\/\/ogk.at\/"},{"@type":"ListItem","position":2,"name":"\u00dcber uns","item":"https:\/\/ogk.at\/ueber-uns\/"},{"@type":"ListItem","position":3,"name":"50 Jahre \u00d6GK \u2013 Vergangenheit reflektieren und Zukunft gestalten"}]},{"@type":"WebSite","@id":"https:\/\/ogk.at\/#website","url":"https:\/\/ogk.at\/","name":"\u00d6GK","description":"\u00d6sterreichische Gesellschaft f\u00fcr Kommunikationswissenschaft","publisher":{"@id":"https:\/\/ogk.at\/#organization"},"potentialAction":[{"@type":"SearchAction","target":{"@type":"EntryPoint","urlTemplate":"https:\/\/ogk.at\/?s={search_term_string}"},"query-input":{"@type":"PropertyValueSpecification","valueRequired":true,"valueName":"search_term_string"}}],"inLanguage":"en-GB"},{"@type":"Organization","@id":"https:\/\/ogk.at\/#organization","name":"\u00d6GK","url":"https:\/\/ogk.at\/","logo":{"@type":"ImageObject","inLanguage":"en-GB","@id":"https:\/\/ogk.at\/#\/schema\/logo\/image\/","url":"https:\/\/ogk.at\/wp-content\/uploads\/2023\/12\/OGK_Logo.webp","contentUrl":"https:\/\/ogk.at\/wp-content\/uploads\/2023\/12\/OGK_Logo.webp","width":792,"height":328,"caption":"\u00d6GK"},"image":{"@id":"https:\/\/ogk.at\/#\/schema\/logo\/image\/"}}]}},"publishpress_future_action":{"enabled":false,"date":"2026-04-25 09:03:04","action":"change-status","newStatus":"draft","terms":[],"taxonomy":"","extraData":[]},"publishpress_future_workflow_manual_trigger":{"enabledWorkflows":[]},"_links":{"self":[{"href":"https:\/\/ogk.at\/en\/wp-json\/wp\/v2\/pages\/2286","targetHints":{"allow":["GET"]}}],"collection":[{"href":"https:\/\/ogk.at\/en\/wp-json\/wp\/v2\/pages"}],"about":[{"href":"https:\/\/ogk.at\/en\/wp-json\/wp\/v2\/types\/page"}],"author":[{"embeddable":true,"href":"https:\/\/ogk.at\/en\/wp-json\/wp\/v2\/users\/1"}],"replies":[{"embeddable":true,"href":"https:\/\/ogk.at\/en\/wp-json\/wp\/v2\/comments?post=2286"}],"version-history":[{"count":6,"href":"https:\/\/ogk.at\/en\/wp-json\/wp\/v2\/pages\/2286\/revisions"}],"predecessor-version":[{"id":2354,"href":"https:\/\/ogk.at\/en\/wp-json\/wp\/v2\/pages\/2286\/revisions\/2354"}],"up":[{"embeddable":true,"href":"https:\/\/ogk.at\/en\/wp-json\/wp\/v2\/pages\/2"}],"wp:attachment":[{"href":"https:\/\/ogk.at\/en\/wp-json\/wp\/v2\/media?parent=2286"}],"curies":[{"name":"wp","href":"https:\/\/api.w.org\/{rel}","templated":true}]}}