{"id":24,"date":"2014-06-11T09:41:13","date_gmt":"2014-06-11T08:41:13","guid":{"rendered":"http:\/\/www-test.ogk.at\/?page_id=24"},"modified":"2025-12-22T08:27:13","modified_gmt":"2025-12-22T07:27:13","slug":"impressum","status":"publish","type":"page","link":"https:\/\/ogk.at\/en\/ueber-uns\/impressum\/","title":{"rendered":"Impressum"},"content":{"rendered":"<h3 class=\"wp-block-heading\"><strong>Vorstand<\/strong><\/h3>\n\n\n\n<p>Prof. Mag. Dr. Brigitte Huber, IU Internationale Hochschule M\u00fcnchen und Universit\u00e4t Wien (Vorstandsvorsitzende)<br>AP Prof. Dr. Corinna Peil, Universit\u00e4t Salzburg (Stellv. Vorstandsvorsitzende)<br>FH-Prof. Mag. Dr. Irmgard Wetzstein, Bakk. MA, Fachhochschule St. P\u00f6lten (Stellv. Vorstandsvorsitzende)<br>MMag. Dr. Cornelia Wallner, Universit\u00e4t Wien (Gesch\u00e4ftsf\u00fchrerin)<br>Stefan Gadringer, Bakk. MA, Universit\u00e4t Salzburg (Kassier)<br>Mag. Dr. Isabell Koinig, Universit\u00e4t Klagenfurt (Schriftf\u00fchrerin)<br>Ass.-Prof. Dr. Tales Tomaz, Universit\u00e4t Salzburg (Website)<\/p>\n\n\n\n<p><strong>Chefredaktion MedienJournal<br><\/strong>Mag. Dr. Petra Herczeg, Privatdoz., Universit\u00e4t Wien<\/p>\n\n\n\n<p><strong>Early Career Sprecher*innen<br><\/strong>Rebecca Scheiber, BA BA MSc, Universit\u00e4t Klagenfurt<br>Christian Wasner, BA, Universit\u00e4t Salzburg<\/p>\n\n\n\n<div style=\"height:12px\" aria-hidden=\"true\" class=\"wp-block-spacer\"><\/div>\n\n\n\n<h3 class=\"wp-block-heading\"><strong>Vereinsregister<\/strong><\/h3>\n\n\n\n<p>ZVR-Zahl: 207359216, Landespolizeidirektion Salzburg<\/p>\n\n\n\n<div style=\"height:19px\" aria-hidden=\"true\" class=\"wp-block-spacer\"><\/div>\n\n\n\n<h3 class=\"wp-block-heading\"><strong>Haftung<\/strong><\/h3>\n\n\n\n<p>Trotz sorgf\u00e4ltiger Kontrolle \u00fcbernehmen wir keine Haftung f\u00fcr die Inhalte externer Links. F\u00fcr den Inhalt der verlinkten Seiten sind ausschlie\u00dflich deren Betreiber*innen verantwortlich.<\/p>\n\n\n\n<div style=\"height:25px\" aria-hidden=\"true\" class=\"wp-block-spacer\"><\/div>\n\n\n\n<h3 class=\"wp-block-heading\"><strong>Kontakt<\/strong><\/h3>\n\n\n\n<p>E-Mail: <a href=\"mailto:oegk@aau.at\">oegk@aau.at<\/a><br>Internet: <a href=\"https:\/\/ogk.at\/en\/\">www.ogk.at<\/a><\/p>\n\n\n\n<p><strong>Gesch\u00e4ftsadresse<\/strong><br><span style=\"color: #4f4f4f;\">Universit\u00e4t Salzburg<br><\/span>Fachbereich Kommunikationswissenschaft, Center for ICT&amp;S<br>Sigmund-Haffner-Gasse 18<br>5020 Salzburg<\/p>\n\n\n\n<p><strong>Gesch\u00e4ftsf\u00fchrerin<\/strong><span style=\"color: #4f4f4f;\"><br><\/span>Dr. Cornelia Wallner<br>Universit\u00e4t Wien<br>Institut f\u00fcr Publizistik- und Kommunikationswissenschaft<br>W\u00e4hringerstrasse 29<br>1090 Wien<br>E-Mail <a href=\"mailto:cornelia.wallner@univie.ac.at\">cornelia.wallner@univie.ac.at<\/a><br>Tel: +43-1-4277-49333<\/p>\n\n\n\n<p><strong>Vorsitzende<\/strong><span style=\"color: #4f4f4f;\"><strong><br><\/strong>Prof. Mag. Dr. Brigitte Huber<br>IU Internationale Hochschule M\u00fcnchen<br>E-Mail: <a href=\"mailto:brigitte.huber1@iu.org\">brigitte.huber1@iu.org<\/a><strong><br><\/strong><\/span><\/p>","protected":false},"excerpt":{"rendered":"<p>Vorstand Prof. Mag. Dr. Brigitte Huber, IU Internationale Hochschule M\u00fcnchen und Universit\u00e4t Wien (Vorstandsvorsitzende)AP Prof. Dr. Corinna Peil, Universit\u00e4t Salzburg (Stellv. Vorstandsvorsitzende)FH-Prof. Mag. Dr. Irmgard Wetzstein, Bakk. MA, Fachhochschule St. P\u00f6lten (Stellv. Vorstandsvorsitzende)MMag. Dr. Cornelia Wallner, Universit\u00e4t Wien (Gesch\u00e4ftsf\u00fchrerin)Stefan Gadringer, Bakk. MA, Universit\u00e4t Salzburg (Kassier)Mag. Dr. Isabell Koinig, Universit\u00e4t Klagenfurt (Schriftf\u00fchrerin)Ass.-Prof. Dr. Tales Tomaz, Universit\u00e4t [&hellip;]<\/p>\n","protected":false},"author":1,"featured_media":0,"parent":2,"menu_order":8,"comment_status":"closed","ping_status":"closed","template":"","meta":{"_acf_changed":false,"footnotes":"","_links_to":"","_links_to_target":""},"class_list":["post-24","page","type-page","status-publish","hentry"],"acf":[],"yoast_head":"<!-- This site is optimized with the Yoast SEO plugin v26.8 - https:\/\/yoast.com\/product\/yoast-seo-wordpress\/ -->\n<title>Impressum - \u00d6GK<\/title>\n<meta name=\"robots\" content=\"index, follow, max-snippet:-1, max-image-preview:large, max-video-preview:-1\" \/>\n<link rel=\"canonical\" href=\"https:\/\/ogk.at\/en\/ueber-uns\/impressum\/\" \/>\n<meta property=\"og:locale\" content=\"en_GB\" \/>\n<meta property=\"og:type\" content=\"article\" \/>\n<meta property=\"og:title\" content=\"Impressum - \u00d6GK\" \/>\n<meta property=\"og:description\" content=\"Vorstand Prof. Mag. Dr. Brigitte Huber, IU Internationale Hochschule M\u00fcnchen und Universit\u00e4t Wien (Vorstandsvorsitzende)AP Prof. Dr. Corinna Peil, Universit\u00e4t Salzburg (Stellv. Vorstandsvorsitzende)FH-Prof. Mag. Dr. Irmgard Wetzstein, Bakk. MA, Fachhochschule St. P\u00f6lten (Stellv. Vorstandsvorsitzende)MMag. Dr. Cornelia Wallner, Universit\u00e4t Wien (Gesch\u00e4ftsf\u00fchrerin)Stefan Gadringer, Bakk. MA, Universit\u00e4t Salzburg (Kassier)Mag. Dr. Isabell Koinig, Universit\u00e4t Klagenfurt (Schriftf\u00fchrerin)Ass.-Prof. Dr. Tales Tomaz, Universit\u00e4t [&hellip;]\" \/>\n<meta property=\"og:url\" content=\"https:\/\/ogk.at\/en\/ueber-uns\/impressum\/\" \/>\n<meta property=\"og:site_name\" content=\"\u00d6GK\" \/>\n<meta property=\"article:modified_time\" content=\"2025-12-22T07:27:13+00:00\" \/>\n<meta name=\"twitter:card\" content=\"summary_large_image\" \/>\n<meta name=\"twitter:label1\" content=\"Estimated reading time\" \/>\n\t<meta name=\"twitter:data1\" content=\"1 minute\" \/>\n<script type=\"application\/ld+json\" class=\"yoast-schema-graph\">{\"@context\":\"https:\/\/schema.org\",\"@graph\":[{\"@type\":\"WebPage\",\"@id\":\"https:\/\/ogk.at\/ueber-uns\/impressum\/\",\"url\":\"https:\/\/ogk.at\/ueber-uns\/impressum\/\",\"name\":\"Impressum - \u00d6GK\",\"isPartOf\":{\"@id\":\"https:\/\/ogk.at\/#website\"},\"datePublished\":\"2014-06-11T08:41:13+00:00\",\"dateModified\":\"2025-12-22T07:27:13+00:00\",\"breadcrumb\":{\"@id\":\"https:\/\/ogk.at\/ueber-uns\/impressum\/#breadcrumb\"},\"inLanguage\":\"en-GB\",\"potentialAction\":[{\"@type\":\"ReadAction\",\"target\":[\"https:\/\/ogk.at\/ueber-uns\/impressum\/\"]}]},{\"@type\":\"BreadcrumbList\",\"@id\":\"https:\/\/ogk.at\/ueber-uns\/impressum\/#breadcrumb\",\"itemListElement\":[{\"@type\":\"ListItem\",\"position\":1,\"name\":\"Home\",\"item\":\"https:\/\/ogk.at\/\"},{\"@type\":\"ListItem\",\"position\":2,\"name\":\"\u00dcber uns\",\"item\":\"https:\/\/ogk.at\/ueber-uns\/\"},{\"@type\":\"ListItem\",\"position\":3,\"name\":\"Impressum\"}]},{\"@type\":\"WebSite\",\"@id\":\"https:\/\/ogk.at\/#website\",\"url\":\"https:\/\/ogk.at\/\",\"name\":\"\u00d6GK\",\"description\":\"\u00d6sterreichische Gesellschaft f\u00fcr Kommunikationswissenschaft\",\"publisher\":{\"@id\":\"https:\/\/ogk.at\/#organization\"},\"potentialAction\":[{\"@type\":\"SearchAction\",\"target\":{\"@type\":\"EntryPoint\",\"urlTemplate\":\"https:\/\/ogk.at\/?s={search_term_string}\"},\"query-input\":{\"@type\":\"PropertyValueSpecification\",\"valueRequired\":true,\"valueName\":\"search_term_string\"}}],\"inLanguage\":\"en-GB\"},{\"@type\":\"Organization\",\"@id\":\"https:\/\/ogk.at\/#organization\",\"name\":\"\u00d6GK\",\"url\":\"https:\/\/ogk.at\/\",\"logo\":{\"@type\":\"ImageObject\",\"inLanguage\":\"en-GB\",\"@id\":\"https:\/\/ogk.at\/#\/schema\/logo\/image\/\",\"url\":\"https:\/\/ogk.at\/wp-content\/uploads\/2023\/12\/OGK_Logo.webp\",\"contentUrl\":\"https:\/\/ogk.at\/wp-content\/uploads\/2023\/12\/OGK_Logo.webp\",\"width\":792,\"height\":328,\"caption\":\"\u00d6GK\"},\"image\":{\"@id\":\"https:\/\/ogk.at\/#\/schema\/logo\/image\/\"}}]}<\/script>\n<!-- \/ Yoast SEO plugin. -->","yoast_head_json":{"title":"Impressum - \u00d6GK","robots":{"index":"index","follow":"follow","max-snippet":"max-snippet:-1","max-image-preview":"max-image-preview:large","max-video-preview":"max-video-preview:-1"},"canonical":"https:\/\/ogk.at\/en\/ueber-uns\/impressum\/","og_locale":"en_GB","og_type":"article","og_title":"Impressum - \u00d6GK","og_description":"Vorstand Prof. Mag. Dr. Brigitte Huber, IU Internationale Hochschule M\u00fcnchen und Universit\u00e4t Wien (Vorstandsvorsitzende)AP Prof. Dr. Corinna Peil, Universit\u00e4t Salzburg (Stellv. Vorstandsvorsitzende)FH-Prof. Mag. Dr. Irmgard Wetzstein, Bakk. MA, Fachhochschule St. P\u00f6lten (Stellv. Vorstandsvorsitzende)MMag. Dr. Cornelia Wallner, Universit\u00e4t Wien (Gesch\u00e4ftsf\u00fchrerin)Stefan Gadringer, Bakk. MA, Universit\u00e4t Salzburg (Kassier)Mag. Dr. Isabell Koinig, Universit\u00e4t Klagenfurt (Schriftf\u00fchrerin)Ass.-Prof. Dr. Tales Tomaz, Universit\u00e4t [&hellip;]","og_url":"https:\/\/ogk.at\/en\/ueber-uns\/impressum\/","og_site_name":"\u00d6GK","article_modified_time":"2025-12-22T07:27:13+00:00","twitter_card":"summary_large_image","twitter_misc":{"Estimated reading time":"1 minute"},"schema":{"@context":"https:\/\/schema.org","@graph":[{"@type":"WebPage","@id":"https:\/\/ogk.at\/ueber-uns\/impressum\/","url":"https:\/\/ogk.at\/ueber-uns\/impressum\/","name":"Impressum - \u00d6GK","isPartOf":{"@id":"https:\/\/ogk.at\/#website"},"datePublished":"2014-06-11T08:41:13+00:00","dateModified":"2025-12-22T07:27:13+00:00","breadcrumb":{"@id":"https:\/\/ogk.at\/ueber-uns\/impressum\/#breadcrumb"},"inLanguage":"en-GB","potentialAction":[{"@type":"ReadAction","target":["https:\/\/ogk.at\/ueber-uns\/impressum\/"]}]},{"@type":"BreadcrumbList","@id":"https:\/\/ogk.at\/ueber-uns\/impressum\/#breadcrumb","itemListElement":[{"@type":"ListItem","position":1,"name":"Home","item":"https:\/\/ogk.at\/"},{"@type":"ListItem","position":2,"name":"\u00dcber uns","item":"https:\/\/ogk.at\/ueber-uns\/"},{"@type":"ListItem","position":3,"name":"Impressum"}]},{"@type":"WebSite","@id":"https:\/\/ogk.at\/#website","url":"https:\/\/ogk.at\/","name":"\u00d6GK","description":"\u00d6sterreichische Gesellschaft f\u00fcr Kommunikationswissenschaft","publisher":{"@id":"https:\/\/ogk.at\/#organization"},"potentialAction":[{"@type":"SearchAction","target":{"@type":"EntryPoint","urlTemplate":"https:\/\/ogk.at\/?s={search_term_string}"},"query-input":{"@type":"PropertyValueSpecification","valueRequired":true,"valueName":"search_term_string"}}],"inLanguage":"en-GB"},{"@type":"Organization","@id":"https:\/\/ogk.at\/#organization","name":"\u00d6GK","url":"https:\/\/ogk.at\/","logo":{"@type":"ImageObject","inLanguage":"en-GB","@id":"https:\/\/ogk.at\/#\/schema\/logo\/image\/","url":"https:\/\/ogk.at\/wp-content\/uploads\/2023\/12\/OGK_Logo.webp","contentUrl":"https:\/\/ogk.at\/wp-content\/uploads\/2023\/12\/OGK_Logo.webp","width":792,"height":328,"caption":"\u00d6GK"},"image":{"@id":"https:\/\/ogk.at\/#\/schema\/logo\/image\/"}}]}},"publishpress_future_action":{"enabled":false,"date":"2026-04-25 05:30:54","action":"change-status","newStatus":"draft","terms":[],"taxonomy":"","extraData":[]},"publishpress_future_workflow_manual_trigger":{"enabledWorkflows":[]},"_links":{"self":[{"href":"https:\/\/ogk.at\/en\/wp-json\/wp\/v2\/pages\/24","targetHints":{"allow":["GET"]}}],"collection":[{"href":"https:\/\/ogk.at\/en\/wp-json\/wp\/v2\/pages"}],"about":[{"href":"https:\/\/ogk.at\/en\/wp-json\/wp\/v2\/types\/page"}],"author":[{"embeddable":true,"href":"https:\/\/ogk.at\/en\/wp-json\/wp\/v2\/users\/1"}],"replies":[{"embeddable":true,"href":"https:\/\/ogk.at\/en\/wp-json\/wp\/v2\/comments?post=24"}],"version-history":[{"count":36,"href":"https:\/\/ogk.at\/en\/wp-json\/wp\/v2\/pages\/24\/revisions"}],"predecessor-version":[{"id":2418,"href":"https:\/\/ogk.at\/en\/wp-json\/wp\/v2\/pages\/24\/revisions\/2418"}],"up":[{"embeddable":true,"href":"https:\/\/ogk.at\/en\/wp-json\/wp\/v2\/pages\/2"}],"wp:attachment":[{"href":"https:\/\/ogk.at\/en\/wp-json\/wp\/v2\/media?parent=24"}],"curies":[{"name":"wp","href":"https:\/\/api.w.org\/{rel}","templated":true}]}}