{"id":39,"date":"2014-06-12T14:41:17","date_gmt":"2014-06-12T12:41:17","guid":{"rendered":"http:\/\/www-test.ogk.at\/?page_id=39"},"modified":"2024-03-26T17:44:19","modified_gmt":"2024-03-26T16:44:19","slug":"call-for-papers","status":"publish","type":"page","link":"https:\/\/ogk.at\/en\/medienjournal\/call-for-papers\/","title":{"rendered":"Call for Papers"},"content":{"rendered":"<h3 class=\"wp-block-heading\">Themenheft zu &#8222;\u00d6ffentliche, Transdisziplin\u00e4re und Transformative Medien- und Kommunikationswissenschaft\u201c im Medien Journal<\/h3>\n\n\n\n<p>Herausgeber*innen: Silke F\u00fcrst (Universit\u00e4t Z\u00fcrich), Larissa Krainer (Universit\u00e4t Klagenfurt) und Christopher Buschow (Hamburg Media School &amp; TU Hamburg).<\/p>\n\n\n\n<p>Einreichfrist f\u00fcr Manuskripte: 31. August 2024.<\/p>\n\n\n\n<p>Call: <a href=\"https:\/\/netlibrary.aau.at\/obvuklmj\/domainresource\/CfP_Medien%20Journal_Themenheft_Oeffentliche_MuK.pdf\">https:\/\/netlibrary.aau.at\/obvuklmj\/domainresource\/CfP_Medien%20Journal_Themenheft_Oeffentliche_MuK.pdf<\/a><\/p>\n\n\n\n<p><a href=\"Herausgeber:innen: Silke F\u00fcrst (Universit\u00e4t Z\u00fcrich), Larissa Krainer (Universit\u00e4t Klagenfurt) und Christopher Buschow (Hamburg Media School &amp; TU Hamburg).\u00a0Einreichfrist f\u00fcr Manuskripte: 31. August 2024https:\/\/netlibrary.aau.at\/obvuklmj\/domainresource\/CfP_Medien%20Journal_Themenheft_Oeffentliche_MuK.pdf\">.<\/a><\/p>","protected":false},"excerpt":{"rendered":"<p>Themenheft zu &#8222;\u00d6ffentliche, Transdisziplin\u00e4re und Transformative Medien- und Kommunikationswissenschaft\u201c im Medien Journal Herausgeber*innen: Silke F\u00fcrst (Universit\u00e4t Z\u00fcrich), Larissa Krainer (Universit\u00e4t Klagenfurt) und Christopher Buschow (Hamburg Media School &amp; TU Hamburg). Einreichfrist f\u00fcr Manuskripte: 31. August 2024. Call: https:\/\/netlibrary.aau.at\/obvuklmj\/domainresource\/CfP_Medien%20Journal_Themenheft_Oeffentliche_MuK.pdf .<\/p>","protected":false},"author":1,"featured_media":0,"parent":12,"menu_order":2,"comment_status":"open","ping_status":"closed","template":"","meta":{"_acf_changed":false,"footnotes":"","_links_to":"","_links_to_target":""},"class_list":["post-39","page","type-page","status-publish","hentry"],"acf":[],"yoast_head":"<!-- This site is optimized with the Yoast SEO plugin v26.8 - https:\/\/yoast.com\/product\/yoast-seo-wordpress\/ -->\n<title>Call for Papers - \u00d6GK<\/title>\n<meta name=\"robots\" content=\"index, follow, max-snippet:-1, max-image-preview:large, max-video-preview:-1\" \/>\n<link rel=\"canonical\" href=\"https:\/\/ogk.at\/en\/medienjournal\/call-for-papers\/\" \/>\n<meta property=\"og:locale\" content=\"en_GB\" \/>\n<meta property=\"og:type\" content=\"article\" \/>\n<meta property=\"og:title\" content=\"Call for Papers - \u00d6GK\" \/>\n<meta property=\"og:description\" content=\"Themenheft zu &#8222;\u00d6ffentliche, Transdisziplin\u00e4re und Transformative Medien- und Kommunikationswissenschaft\u201c im Medien Journal Herausgeber*innen: Silke F\u00fcrst (Universit\u00e4t Z\u00fcrich), Larissa Krainer (Universit\u00e4t Klagenfurt) und Christopher Buschow (Hamburg Media School &amp; TU Hamburg). Einreichfrist f\u00fcr Manuskripte: 31. August 2024. Call: https:\/\/netlibrary.aau.at\/obvuklmj\/domainresource\/CfP_Medien%20Journal_Themenheft_Oeffentliche_MuK.pdf .\" \/>\n<meta property=\"og:url\" content=\"https:\/\/ogk.at\/en\/medienjournal\/call-for-papers\/\" \/>\n<meta property=\"og:site_name\" content=\"\u00d6GK\" \/>\n<meta property=\"article:modified_time\" content=\"2024-03-26T16:44:19+00:00\" \/>\n<meta name=\"twitter:card\" content=\"summary_large_image\" \/>\n<meta name=\"twitter:label1\" content=\"Estimated reading time\" \/>\n\t<meta name=\"twitter:data1\" content=\"1 minute\" \/>\n<script type=\"application\/ld+json\" class=\"yoast-schema-graph\">{\"@context\":\"https:\/\/schema.org\",\"@graph\":[{\"@type\":\"WebPage\",\"@id\":\"https:\/\/ogk.at\/medienjournal\/call-for-papers\/\",\"url\":\"https:\/\/ogk.at\/medienjournal\/call-for-papers\/\",\"name\":\"Call for Papers - \u00d6GK\",\"isPartOf\":{\"@id\":\"https:\/\/ogk.at\/#website\"},\"datePublished\":\"2014-06-12T12:41:17+00:00\",\"dateModified\":\"2024-03-26T16:44:19+00:00\",\"breadcrumb\":{\"@id\":\"https:\/\/ogk.at\/medienjournal\/call-for-papers\/#breadcrumb\"},\"inLanguage\":\"en-GB\",\"potentialAction\":[{\"@type\":\"ReadAction\",\"target\":[\"https:\/\/ogk.at\/medienjournal\/call-for-papers\/\"]}]},{\"@type\":\"BreadcrumbList\",\"@id\":\"https:\/\/ogk.at\/medienjournal\/call-for-papers\/#breadcrumb\",\"itemListElement\":[{\"@type\":\"ListItem\",\"position\":1,\"name\":\"Home\",\"item\":\"https:\/\/ogk.at\/\"},{\"@type\":\"ListItem\",\"position\":2,\"name\":\"Medien Journal\",\"item\":\"https:\/\/ogk.at\/medienjournal\/\"},{\"@type\":\"ListItem\",\"position\":3,\"name\":\"Call for Papers\"}]},{\"@type\":\"WebSite\",\"@id\":\"https:\/\/ogk.at\/#website\",\"url\":\"https:\/\/ogk.at\/\",\"name\":\"\u00d6GK\",\"description\":\"\u00d6sterreichische Gesellschaft f\u00fcr Kommunikationswissenschaft\",\"publisher\":{\"@id\":\"https:\/\/ogk.at\/#organization\"},\"potentialAction\":[{\"@type\":\"SearchAction\",\"target\":{\"@type\":\"EntryPoint\",\"urlTemplate\":\"https:\/\/ogk.at\/?s={search_term_string}\"},\"query-input\":{\"@type\":\"PropertyValueSpecification\",\"valueRequired\":true,\"valueName\":\"search_term_string\"}}],\"inLanguage\":\"en-GB\"},{\"@type\":\"Organization\",\"@id\":\"https:\/\/ogk.at\/#organization\",\"name\":\"\u00d6GK\",\"url\":\"https:\/\/ogk.at\/\",\"logo\":{\"@type\":\"ImageObject\",\"inLanguage\":\"en-GB\",\"@id\":\"https:\/\/ogk.at\/#\/schema\/logo\/image\/\",\"url\":\"https:\/\/ogk.at\/wp-content\/uploads\/2023\/12\/OGK_Logo.webp\",\"contentUrl\":\"https:\/\/ogk.at\/wp-content\/uploads\/2023\/12\/OGK_Logo.webp\",\"width\":792,\"height\":328,\"caption\":\"\u00d6GK\"},\"image\":{\"@id\":\"https:\/\/ogk.at\/#\/schema\/logo\/image\/\"}}]}<\/script>\n<!-- \/ Yoast SEO plugin. -->","yoast_head_json":{"title":"Call for Papers - \u00d6GK","robots":{"index":"index","follow":"follow","max-snippet":"max-snippet:-1","max-image-preview":"max-image-preview:large","max-video-preview":"max-video-preview:-1"},"canonical":"https:\/\/ogk.at\/en\/medienjournal\/call-for-papers\/","og_locale":"en_GB","og_type":"article","og_title":"Call for Papers - \u00d6GK","og_description":"Themenheft zu &#8222;\u00d6ffentliche, Transdisziplin\u00e4re und Transformative Medien- und Kommunikationswissenschaft\u201c im Medien Journal Herausgeber*innen: Silke F\u00fcrst (Universit\u00e4t Z\u00fcrich), Larissa Krainer (Universit\u00e4t Klagenfurt) und Christopher Buschow (Hamburg Media School &amp; TU Hamburg). Einreichfrist f\u00fcr Manuskripte: 31. August 2024. Call: https:\/\/netlibrary.aau.at\/obvuklmj\/domainresource\/CfP_Medien%20Journal_Themenheft_Oeffentliche_MuK.pdf .","og_url":"https:\/\/ogk.at\/en\/medienjournal\/call-for-papers\/","og_site_name":"\u00d6GK","article_modified_time":"2024-03-26T16:44:19+00:00","twitter_card":"summary_large_image","twitter_misc":{"Estimated reading time":"1 minute"},"schema":{"@context":"https:\/\/schema.org","@graph":[{"@type":"WebPage","@id":"https:\/\/ogk.at\/medienjournal\/call-for-papers\/","url":"https:\/\/ogk.at\/medienjournal\/call-for-papers\/","name":"Call for Papers - \u00d6GK","isPartOf":{"@id":"https:\/\/ogk.at\/#website"},"datePublished":"2014-06-12T12:41:17+00:00","dateModified":"2024-03-26T16:44:19+00:00","breadcrumb":{"@id":"https:\/\/ogk.at\/medienjournal\/call-for-papers\/#breadcrumb"},"inLanguage":"en-GB","potentialAction":[{"@type":"ReadAction","target":["https:\/\/ogk.at\/medienjournal\/call-for-papers\/"]}]},{"@type":"BreadcrumbList","@id":"https:\/\/ogk.at\/medienjournal\/call-for-papers\/#breadcrumb","itemListElement":[{"@type":"ListItem","position":1,"name":"Home","item":"https:\/\/ogk.at\/"},{"@type":"ListItem","position":2,"name":"Medien Journal","item":"https:\/\/ogk.at\/medienjournal\/"},{"@type":"ListItem","position":3,"name":"Call for Papers"}]},{"@type":"WebSite","@id":"https:\/\/ogk.at\/#website","url":"https:\/\/ogk.at\/","name":"\u00d6GK","description":"\u00d6sterreichische Gesellschaft f\u00fcr Kommunikationswissenschaft","publisher":{"@id":"https:\/\/ogk.at\/#organization"},"potentialAction":[{"@type":"SearchAction","target":{"@type":"EntryPoint","urlTemplate":"https:\/\/ogk.at\/?s={search_term_string}"},"query-input":{"@type":"PropertyValueSpecification","valueRequired":true,"valueName":"search_term_string"}}],"inLanguage":"en-GB"},{"@type":"Organization","@id":"https:\/\/ogk.at\/#organization","name":"\u00d6GK","url":"https:\/\/ogk.at\/","logo":{"@type":"ImageObject","inLanguage":"en-GB","@id":"https:\/\/ogk.at\/#\/schema\/logo\/image\/","url":"https:\/\/ogk.at\/wp-content\/uploads\/2023\/12\/OGK_Logo.webp","contentUrl":"https:\/\/ogk.at\/wp-content\/uploads\/2023\/12\/OGK_Logo.webp","width":792,"height":328,"caption":"\u00d6GK"},"image":{"@id":"https:\/\/ogk.at\/#\/schema\/logo\/image\/"}}]}},"publishpress_future_action":{"enabled":false,"date":"2026-04-25 05:30:16","action":"change-status","newStatus":"draft","terms":[],"taxonomy":"","extraData":[]},"publishpress_future_workflow_manual_trigger":{"enabledWorkflows":[]},"_links":{"self":[{"href":"https:\/\/ogk.at\/en\/wp-json\/wp\/v2\/pages\/39","targetHints":{"allow":["GET"]}}],"collection":[{"href":"https:\/\/ogk.at\/en\/wp-json\/wp\/v2\/pages"}],"about":[{"href":"https:\/\/ogk.at\/en\/wp-json\/wp\/v2\/types\/page"}],"author":[{"embeddable":true,"href":"https:\/\/ogk.at\/en\/wp-json\/wp\/v2\/users\/1"}],"replies":[{"embeddable":true,"href":"https:\/\/ogk.at\/en\/wp-json\/wp\/v2\/comments?post=39"}],"version-history":[{"count":14,"href":"https:\/\/ogk.at\/en\/wp-json\/wp\/v2\/pages\/39\/revisions"}],"predecessor-version":[{"id":2154,"href":"https:\/\/ogk.at\/en\/wp-json\/wp\/v2\/pages\/39\/revisions\/2154"}],"up":[{"embeddable":true,"href":"https:\/\/ogk.at\/en\/wp-json\/wp\/v2\/pages\/12"}],"wp:attachment":[{"href":"https:\/\/ogk.at\/en\/wp-json\/wp\/v2\/media?parent=39"}],"curies":[{"name":"wp","href":"https:\/\/api.w.org\/{rel}","templated":true}]}}