{"id":6,"date":"2014-06-11T09:12:58","date_gmt":"2014-06-11T08:12:58","guid":{"rendered":"https:\/\/ogk.at\/aktuelles"},"modified":"2024-03-20T16:21:38","modified_gmt":"2024-03-20T15:21:38","slug":"aktuelles","status":"publish","type":"page","link":"https:\/\/ogk.at\/en\/aktuelles\/","title":{"rendered":"Aktivit\u00e4ten &#038; Aktuelles"},"content":{"rendered":"<div data-elementor-type=\"wp-page\" data-elementor-id=\"6\" class=\"elementor elementor-6\" data-elementor-post-type=\"page\">\n\t\t\t\t<div class=\"elementor-element elementor-element-f321fcb e-flex e-con-boxed e-con e-parent\" data-id=\"f321fcb\" data-element_type=\"container\" data-e-type=\"container\">\n\t\t\t\t\t<div class=\"e-con-inner\">\n\t\t\t\t<div class=\"elementor-element elementor-element-f3c315b elementor-view-default elementor-widget elementor-widget-icon\" data-id=\"f3c315b\" data-element_type=\"widget\" data-e-type=\"widget\" data-widget_type=\"icon.default\">\n\t\t\t\t<div class=\"elementor-widget-container\">\n\t\t\t\t\t\t\t<div class=\"elementor-icon-wrapper\">\n\t\t\t<div class=\"elementor-icon\">\n\t\t\t<svg xmlns=\"http:\/\/www.w3.org\/2000\/svg\" xmlns:xlink=\"http:\/\/www.w3.org\/1999\/xlink\" width=\"81px\" height=\"41px\" viewbox=\"0 0 81 41\"><title>Group 2<\/title><defs><lineargradient x1=\"61.6899969%\" y1=\"24.2653043%\" x2=\"30.8180059%\" y2=\"72.7705697%\" id=\"linearGradient-1\"><stop stop-color=\"#F08800\" offset=\"0%\"><\/stop><stop stop-color=\"#F08800\" offset=\"100%\"><\/stop><\/lineargradient><lineargradient x1=\"7.31171063%\" y1=\"72.9917419%\" x2=\"41.6941662%\" y2=\"41.2987976%\" id=\"linearGradient-2\"><stop stop-color=\"#003F7B\" offset=\"0%\"><\/stop><stop stop-color=\"#0454A1\" offset=\"100%\"><\/stop><\/lineargradient><\/defs><g id=\"OGK\" stroke=\"none\" stroke-width=\"1\" fill=\"none\" fill-rule=\"evenodd\" opacity=\"0.842168899\"><g id=\"OGK_Page\" transform=\"translate(-165, -396)\"><g id=\"Group-2\" transform=\"translate(165.1151, 396.8374)\"><circle id=\"Oval-Copy-6\" fill=\"url(#linearGradient-1)\" cx=\"20\" cy=\"20\" r=\"20\"><\/circle><circle id=\"Oval-Copy-7\" fill=\"url(#linearGradient-2)\" cx=\"60\" cy=\"20\" r=\"20\"><\/circle><\/g><\/g><\/g><\/svg>\t\t\t<\/div>\n\t\t<\/div>\n\t\t\t\t\t\t<\/div>\n\t\t\t\t<\/div>\n\t\t\t\t<div class=\"elementor-element elementor-element-2bf01d5 elementor-widget elementor-widget-heading\" data-id=\"2bf01d5\" data-element_type=\"widget\" data-e-type=\"widget\" data-widget_type=\"heading.default\">\n\t\t\t\t<div class=\"elementor-widget-container\">\n\t\t\t\t\t<h1 class=\"elementor-heading-title elementor-size-default\">Aktivit\u00e4ten &#038; Aktuelles<\/h1>\t\t\t\t<\/div>\n\t\t\t\t<\/div>\n\t\t\t\t<div class=\"elementor-element elementor-element-5d53d4b elementor-grid-2 elementor-posts--thumbnail-none elementor-grid-tablet-2 elementor-grid-mobile-1 elementor-widget elementor-widget-posts\" data-id=\"5d53d4b\" data-element_type=\"widget\" data-e-type=\"widget\" data-settings=\"{&quot;classic_columns&quot;:&quot;2&quot;,&quot;classic_row_gap&quot;:{&quot;unit&quot;:&quot;rem&quot;,&quot;size&quot;:4,&quot;sizes&quot;:[]},&quot;classic_row_gap_tablet&quot;:{&quot;unit&quot;:&quot;rem&quot;,&quot;size&quot;:&quot;&quot;,&quot;sizes&quot;:[]},&quot;classic_row_gap_mobile&quot;:{&quot;unit&quot;:&quot;rem&quot;,&quot;size&quot;:&quot;&quot;,&quot;sizes&quot;:[]},&quot;classic_columns_tablet&quot;:&quot;2&quot;,&quot;classic_columns_mobile&quot;:&quot;1&quot;}\" data-widget_type=\"posts.classic\">\n\t\t\t\t<div class=\"elementor-widget-container\">\n\t\t\t\t\t\t\t<div class=\"elementor-posts-container elementor-posts elementor-posts--skin-classic elementor-grid\" role=\"list\">\n\t\t\t\t<article class=\"elementor-post elementor-grid-item post-2468 post type-post status-publish format-standard hentry category-aktuelles-de-de\" role=\"listitem\">\n\t\t\t\t<div class=\"elementor-post__text\">\n\t\t\t\t<h2 class=\"elementor-post__title\">\n\t\t\t<a href=\"https:\/\/ogk.at\/en\/ausschreibung-oegk-forschungsfoerderung-2026\/\" >\n\t\t\t\tAusschreibung \u00d6GK-Forschungsf\u00f6rderung 2026\t\t\t<\/a>\n\t\t<\/h2>\n\t\t\t\t<div class=\"elementor-post__meta-data\">\n\t\t\t\t\t<span class=\"elementor-post-date\">\n\t\t\t23. March 2026\t\t<\/span>\n\t\t\t\t<\/div>\n\t\t\t\t<div class=\"elementor-post__excerpt\">\n\t\t\t<p>Auch dieses Jahr schreibt die \u00d6GK wieder eine F\u00f6rderung f\u00fcr themenoffene medien- und kommunikationswissenschaftliche Forschungs- und Vernetzungsaktivit\u00e4ten in H\u00f6he von bis zu 2.000,- Euro aus. Wir freuen uns insbesondere auf Einreichungen kollaborativer Projekte; Einreichungen von Einzelforschungsprojekten sind aber ebenfalls m\u00f6glich. Den vollst\u00e4ndigen Call finden Sie hier. Die Einreichfrist endet am 31. Juli 2026. Wir freuen uns auf zahlreiche Einreichungen!<\/p>\n\t\t<\/div>\n\t\t\n\t\t<a class=\"elementor-post__read-more\" href=\"https:\/\/ogk.at\/en\/ausschreibung-oegk-forschungsfoerderung-2026\/\" aria-label=\"Read more about Ausschreibung \u00d6GK-Forschungsf\u00f6rderung 2026\" tabindex=\"-1\" >\n\t\t\tMehr lesen\t\t<\/a>\n\n\t\t\t\t<\/div>\n\t\t\t\t<\/article>\n\t\t\t\t<article class=\"elementor-post elementor-grid-item post-2386 post type-post status-publish format-standard hentry category-aktuelles-de-de category-uncategorized-de-de\" role=\"listitem\">\n\t\t\t\t<div class=\"elementor-post__text\">\n\t\t\t\t<h2 class=\"elementor-post__title\">\n\t\t\t<a href=\"https:\/\/ogk.at\/en\/hans-bausch-media-preis-2026-einreichfrist-31-12-2025\/\" >\n\t\t\t\tHans Bausch Media Preis 2026 \u2013 Einreichfrist 31.12.2025\t\t\t<\/a>\n\t\t<\/h2>\n\t\t\t\t<div class=\"elementor-post__meta-data\">\n\t\t\t\t\t<span class=\"elementor-post-date\">\n\t\t\t19. November 2025\t\t<\/span>\n\t\t\t\t<\/div>\n\t\t\t\t<div class=\"elementor-post__excerpt\">\n\t\t\t<p>Das Institut f\u00fcr Medienwissenschaft der Universit\u00e4t T\u00fcbingen und der S\u00fcdwestrundfunk (SWR) schreiben den Hans Bausch Media Preis 2026 aus. Ausgezeichnet werden wissenschaftliche Publikationen, die neue Impulse zur gesellschaftlichen Verantwortung in digitalen \u00d6ffentlichkeiten, zu Digitalisierungseffekten, Transformationsprozessen oder medienethischen Fragen liefern. Der mit 5.000 Euro dotierte Preis wird am 17. Juni 2026 in T\u00fcbingen verliehen. Eingereicht werden k\u00f6nnen wissenschaftlich fundierte Publikationen, einschlie\u00dflich Qualifikationsarbeiten. Einreichungen sind bis 31.12.2025 als PDF-Dokument per E-Mail m\u00f6glich. Alle Informationen dazu finden sich hier.<\/p>\n\t\t<\/div>\n\t\t\n\t\t<a class=\"elementor-post__read-more\" href=\"https:\/\/ogk.at\/en\/hans-bausch-media-preis-2026-einreichfrist-31-12-2025\/\" aria-label=\"Read more about Hans Bausch Media Preis 2026 \u2013 Einreichfrist 31.12.2025\" tabindex=\"-1\" >\n\t\t\tMehr lesen\t\t<\/a>\n\n\t\t\t\t<\/div>\n\t\t\t\t<\/article>\n\t\t\t\t<article class=\"elementor-post elementor-grid-item post-2311 post type-post status-publish format-standard hentry category-aktuelles-de-de\" role=\"listitem\">\n\t\t\t\t<div class=\"elementor-post__text\">\n\t\t\t\t<h2 class=\"elementor-post__title\">\n\t\t\t<a href=\"https:\/\/ogk.at\/en\/cfp-der-kwt-2026-veroeffentlicht\/\" >\n\t\t\t\tCfP der KWT 2026 ver\u00f6ffentlicht\t\t\t<\/a>\n\t\t<\/h2>\n\t\t\t\t<div class=\"elementor-post__meta-data\">\n\t\t\t\t\t<span class=\"elementor-post-date\">\n\t\t\t30. June 2025\t\t<\/span>\n\t\t\t\t<\/div>\n\t\t\t\t<div class=\"elementor-post__excerpt\">\n\t\t\t<p>2026 feiert die \u00d6sterreichische Gesellschaft f\u00fcr Kommunikationswissenschaft (\u00d6GK) ihr 50-j\u00e4hriges Bestehen \u2013 ein Meilenstein, der zum Nachdenken \u00fcber die Vergangenheit, Gegenwart und Zukunft der Disziplin einl\u00e4dt. Unter dem Motto \u201e50 Jahre \u00d6GK \u2013 Vergangenheit reflektieren und Zukunft gestalten\u201c bieten die Kommunikationswissenschaftlichen Tage (KWT) 2026 Raum f\u00fcr eine vielf\u00e4ltige und interdisziplin\u00e4re Auseinandersetzung. Forscher:innen aus allen Bereichen der Kommunikations- und Medienwissenschaft sind eingeladen, theoretische, empirische oder praxisnahe Beitr\u00e4ge in Deutsch oder Englisch einzureichen \u2013 ob r\u00fcckblickend, gegenwartsbezogen oder zukunftsorientiert. Einreichfrist ist der 5. Dezember 2025 (abgelaufen). Mehr erfahren und Call for Papers lesen.<\/p>\n\t\t<\/div>\n\t\t\n\t\t<a class=\"elementor-post__read-more\" href=\"https:\/\/ogk.at\/en\/cfp-der-kwt-2026-veroeffentlicht\/\" aria-label=\"Read more about CfP der KWT 2026 ver\u00f6ffentlicht\" tabindex=\"-1\" >\n\t\t\tMehr lesen\t\t<\/a>\n\n\t\t\t\t<\/div>\n\t\t\t\t<\/article>\n\t\t\t\t<article class=\"elementor-post elementor-grid-item post-2256 post type-post status-publish format-standard hentry category-aktuelles-de-de\" role=\"listitem\">\n\t\t\t\t<div class=\"elementor-post__text\">\n\t\t\t\t<h2 class=\"elementor-post__title\">\n\t\t\t<a href=\"https:\/\/ogk.at\/en\/ausschreibung-oegk-forschungsfoerderung-2025-neue-attraktive-konditionen\/\" >\n\t\t\t\tAusschreibung \u00d6GK-Forschungsf\u00f6rderung 2025 \u2013 neue, attraktive Konditionen!\t\t\t<\/a>\n\t\t<\/h2>\n\t\t\t\t<div class=\"elementor-post__meta-data\">\n\t\t\t\t\t<span class=\"elementor-post-date\">\n\t\t\t9. January 2025\t\t<\/span>\n\t\t\t\t<\/div>\n\t\t\t\t<div class=\"elementor-post__excerpt\">\n\t\t\t<p>Wir laden ein zu Einreichungen zur ersten Tranche unserer \u00d6GK-Forschungsf\u00f6rderung 2025, die wir zur Unterst\u00fctzung von Forschungs- und Vernetzungsaktivit\u00e4ten in \u00d6sterreich diesmal in H\u00f6he von bis zu 1.500,- Euro ausschreiben. Mit der Forschungsf\u00f6rderung sollen vorzugsweise Projekte mit medien- und kommunikationswissenschaftlichem Fokus mit dem Ziel einer gemeinsamen Publikation gef\u00f6rdert werden, an denen Wissenschafter:innen verschiedener (\u00f6sterreichischer) Standorte beteiligt sind. Die F\u00f6rderung von Einzelforschungsprojekten sowie Projekten von Wissenschafter:innen an einem einzelnen Standort sind m\u00f6glich. Die neuen Anforderungen finden Sie hier. Die Einreichfrist f\u00fcr die erste Tranche 2025 ist der 1. April 2025. Wir freuen uns auf zahlreiche Einreichungen!<\/p>\n\t\t<\/div>\n\t\t\n\t\t<a class=\"elementor-post__read-more\" href=\"https:\/\/ogk.at\/en\/ausschreibung-oegk-forschungsfoerderung-2025-neue-attraktive-konditionen\/\" aria-label=\"Read more about Ausschreibung \u00d6GK-Forschungsf\u00f6rderung 2025 \u2013 neue, attraktive Konditionen!\" tabindex=\"-1\" >\n\t\t\tMehr lesen\t\t<\/a>\n\n\t\t\t\t<\/div>\n\t\t\t\t<\/article>\n\t\t\t\t<article class=\"elementor-post elementor-grid-item post-2258 post type-post status-publish format-standard hentry category-aktuelles-de-de\" role=\"listitem\">\n\t\t\t\t<div class=\"elementor-post__text\">\n\t\t\t\t<h2 class=\"elementor-post__title\">\n\t\t\t<a href=\"https:\/\/ogk.at\/en\/projektergebnisse-aus-der-oegk-forschungsfoerderung-zu-anfeindungen-gegen-wissenschaftlerinnen-im-netz\/\" >\n\t\t\t\tProjektergebnisse aus der \u00d6GK-Forschungsf\u00f6rderung zu Anfeindungen gegen Wissenschaftler*innen im Netz\t\t\t<\/a>\n\t\t<\/h2>\n\t\t\t\t<div class=\"elementor-post__meta-data\">\n\t\t\t\t\t<span class=\"elementor-post-date\">\n\t\t\t9. January 2025\t\t<\/span>\n\t\t\t\t<\/div>\n\t\t\t\t<div class=\"elementor-post__excerpt\">\n\t\t\t<p>Wissenschaftler*innen nutzen zunehmend soziale Medien als Plattform f\u00fcr Wissenschaftskommunikation. Jedoch mehren sich Berichte \u00fcber negative Erfahrungen auf diesen Plattformen, da viele mit Hass und Hetze konfrontiert werden. W\u00e4hrend Anfeindungen gegen Wissenschaftler*innen vermehrt \u00f6ffentliches Interesse erfahren und die Besorgnis \u00fcber die Konsequenzen solcher Angriffe w\u00e4chst, kommt die Erforschung zum Ausma\u00df dieser Anfeindungen sowie deren Auswirkungen auf Wissenschaftler*innen und die allgemeine Bev\u00f6lkerung erst langsam in Gang. Das von der \u00d6GK gef\u00f6rderte Forschungsprojekt von Christina Seeger (Universit\u00e4t Klagenfurt), Jana Egelhofer (LMU M\u00fcnchen) und Alice Binder (Universit\u00e4t Wien) widmete sich in insgesamt drei Studien der Frage, welche Auswirkungen Anfeindungen gegen Wissenschaftler*innen \u00fcber soziale Medien auf Wissenschaftler*innen selbst sowie die allgemeine Bev\u00f6lkerung haben. Die Ergebnisse der ersten Studie legen nahe, dass Online-Anfeindungen starke negative emotionale Auswirkungen auf Wissenschaftler*innen haben k\u00f6nnen, selbst dann, wenn diese gar nicht sie selbst betreffen, sondern Kolleg*innen. Dies wirkt sich unter anderem auch indirekt dar\u00fcber aus, dass ein negativer Einfluss auf<\/p>\n\t\t<\/div>\n\t\t\n\t\t<a class=\"elementor-post__read-more\" href=\"https:\/\/ogk.at\/en\/projektergebnisse-aus-der-oegk-forschungsfoerderung-zu-anfeindungen-gegen-wissenschaftlerinnen-im-netz\/\" aria-label=\"Read more about Projektergebnisse aus der \u00d6GK-Forschungsf\u00f6rderung zu Anfeindungen gegen Wissenschaftler*innen im Netz\" tabindex=\"-1\" >\n\t\t\tMehr lesen\t\t<\/a>\n\n\t\t\t\t<\/div>\n\t\t\t\t<\/article>\n\t\t\t\t<article class=\"elementor-post elementor-grid-item post-2252 post type-post status-publish format-standard hentry category-aktuelles-de-de\" role=\"listitem\">\n\t\t\t\t<div class=\"elementor-post__text\">\n\t\t\t\t<h2 class=\"elementor-post__title\">\n\t\t\t<a href=\"https:\/\/ogk.at\/en\/festschrift-aus-anlass-des-60-geburtstages-unseres-oegk-mitglieds-matthias-karmasin\/\" >\n\t\t\t\tFestschrift aus Anlass des 60. Geburtstages unseres \u00d6GK-Mitglieds Matthias Karmasin\t\t\t<\/a>\n\t\t<\/h2>\n\t\t\t\t<div class=\"elementor-post__meta-data\">\n\t\t\t\t\t<span class=\"elementor-post-date\">\n\t\t\t6. December 2024\t\t<\/span>\n\t\t\t\t<\/div>\n\t\t\t\t<div class=\"elementor-post__excerpt\">\n\t\t\t<p>Der k\u00fcrzlich bei Springer erschienene Sammelband \u201eMedien- und Kommunikationswissenschaft der Zukunft\u201d w\u00fcrdigt das Schaffen von Univ.-Prof. Mag. DDr. Matthias Karmasin zu seinem 60. Geburtstag und beleuchtet die Zukunft eines Fachs, das mehr Br\u00fcckenbauer:innen und Grenzg\u00e4nger:innen braucht. Der langj\u00e4hrige Professor am Institut f\u00fcr Medien- und Kommunikationswissenschaft der Universit\u00e4t Klagenfurt ist gleichzeitig Direktor des Instituts f\u00fcr vergleichende Medien- und Kommunikationsforschung, das an der \u00d6sterreichischen Akademie der Wissenschaften und an der Universit\u00e4t Klagenfurt angesiedelt ist. Dar\u00fcber hinaus bekleidet er zahlreiche Funktionen an der Schnittstelle zur Medienwirtschaft und Medienpolitik. Als \u201eboundary spanner\u201c und \u201eKurator\u201c der deutschsprachigen Medien- und Kommunikationswissenschaft spielt er eine zentrale Rolle in der \u00f6ffentlichen Debatte \u00fcber die Zukunft der Medienlandschaft und fordert beispielsweise eine starke, differenzierte Medienf\u00f6rderung und kritische Auseinandersetzung mit Social-Media-Plattformen. Der Sammelband, herausgegeben von Sandra Diehl, Tobias Eberwein, Larissa Krainer und Franzisca Weder, versammelt 23 Beitr\u00e4ge von 32 Autor:innen, die Karmasins Wirken und die Zukunft des Fachs reflektieren. Der<\/p>\n\t\t<\/div>\n\t\t\n\t\t<a class=\"elementor-post__read-more\" href=\"https:\/\/ogk.at\/en\/festschrift-aus-anlass-des-60-geburtstages-unseres-oegk-mitglieds-matthias-karmasin\/\" aria-label=\"Read more about Festschrift aus Anlass des 60. Geburtstages unseres \u00d6GK-Mitglieds Matthias Karmasin\" tabindex=\"-1\" >\n\t\t\tMehr lesen\t\t<\/a>\n\n\t\t\t\t<\/div>\n\t\t\t\t<\/article>\n\t\t\t\t<\/div>\n\t\t\n\t\t\t\t\t\t<\/div>\n\t\t\t\t<\/div>\n\t\t\t\t\t<\/div>\n\t\t\t\t<\/div>\n\t\t<div class=\"elementor-element elementor-element-42e9dba e-flex e-con-boxed e-con e-parent\" data-id=\"42e9dba\" data-element_type=\"container\" data-e-type=\"container\">\n\t\t\t\t\t<div class=\"e-con-inner\">\n\t\t\t\t<div class=\"elementor-element elementor-element-c4cbf8a elementor-icon-list--layout-traditional elementor-list-item-link-full_width elementor-widget elementor-widget-icon-list\" data-id=\"c4cbf8a\" data-element_type=\"widget\" data-e-type=\"widget\" data-widget_type=\"icon-list.default\">\n\t\t\t\t<div class=\"elementor-widget-container\">\n\t\t\t\t\t\t\t<ul class=\"elementor-icon-list-items\">\n\t\t\t\t\t\t\t<li class=\"elementor-icon-list-item\">\n\t\t\t\t\t\t\t\t\t\t\t<a href=\"\/en\/aktuelles\/archiv\/\">\n\n\t\t\t\t\t\t\t\t\t\t\t\t<span class=\"elementor-icon-list-icon\">\n\t\t\t\t\t\t\t<svg aria-hidden=\"true\" class=\"e-font-icon-svg e-fas-angle-left\" viewbox=\"0 0 256 512\" xmlns=\"http:\/\/www.w3.org\/2000\/svg\"><path d=\"M31.7 239l136-136c9.4-9.4 24.6-9.4 33.9 0l22.6 22.6c9.4 9.4 9.4 24.6 0 33.9L127.9 256l96.4 96.4c9.4 9.4 9.4 24.6 0 33.9L201.7 409c-9.4 9.4-24.6 9.4-33.9 0l-136-136c-9.5-9.4-9.5-24.6-.1-34z\"><\/path><\/svg>\t\t\t\t\t\t<\/span>\n\t\t\t\t\t\t\t\t\t\t<span class=\"elementor-icon-list-text\">Archiv<\/span>\n\t\t\t\t\t\t\t\t\t\t\t<\/a>\n\t\t\t\t\t\t\t\t\t<\/li>\n\t\t\t\t\t\t<\/ul>\n\t\t\t\t\t\t<\/div>\n\t\t\t\t<\/div>\n\t\t\t\t\t<\/div>\n\t\t\t\t<\/div>\n\t\t\t\t<\/div>","protected":false},"excerpt":{"rendered":"<p>Group 2 Archiv<\/p>","protected":false},"author":2,"featured_media":0,"parent":0,"menu_order":1,"comment_status":"closed","ping_status":"closed","template":"","meta":{"_acf_changed":false,"footnotes":"","_links_to":"","_links_to_target":""},"class_list":["post-6","page","type-page","status-publish","hentry"],"acf":[],"yoast_head":"<!-- This site is optimized with the Yoast SEO plugin v26.8 - https:\/\/yoast.com\/product\/yoast-seo-wordpress\/ -->\n<title>Aktivit\u00e4ten &amp; Aktuelles - \u00d6GK<\/title>\n<meta name=\"robots\" content=\"index, follow, max-snippet:-1, max-image-preview:large, max-video-preview:-1\" \/>\n<link rel=\"canonical\" href=\"https:\/\/ogk.at\/en\/aktuelles\/\" \/>\n<meta property=\"og:locale\" content=\"en_GB\" \/>\n<meta property=\"og:type\" content=\"article\" \/>\n<meta property=\"og:title\" content=\"Aktivit\u00e4ten &amp; Aktuelles - \u00d6GK\" \/>\n<meta property=\"og:description\" content=\"Group 2 Archiv\" \/>\n<meta property=\"og:url\" content=\"https:\/\/ogk.at\/en\/aktuelles\/\" \/>\n<meta property=\"og:site_name\" content=\"\u00d6GK\" \/>\n<meta property=\"article:modified_time\" content=\"2024-03-20T15:21:38+00:00\" \/>\n<meta name=\"twitter:card\" content=\"summary_large_image\" \/>\n<meta name=\"twitter:label1\" content=\"Estimated reading time\" \/>\n\t<meta name=\"twitter:data1\" content=\"3 minutes\" \/>\n<script type=\"application\/ld+json\" class=\"yoast-schema-graph\">{\"@context\":\"https:\/\/schema.org\",\"@graph\":[{\"@type\":\"WebPage\",\"@id\":\"https:\/\/ogk.at\/aktuelles\/\",\"url\":\"https:\/\/ogk.at\/aktuelles\/\",\"name\":\"Aktivit\u00e4ten & Aktuelles - \u00d6GK\",\"isPartOf\":{\"@id\":\"https:\/\/ogk.at\/#website\"},\"datePublished\":\"2014-06-11T08:12:58+00:00\",\"dateModified\":\"2024-03-20T15:21:38+00:00\",\"breadcrumb\":{\"@id\":\"https:\/\/ogk.at\/aktuelles\/#breadcrumb\"},\"inLanguage\":\"en-GB\",\"potentialAction\":[{\"@type\":\"ReadAction\",\"target\":[\"https:\/\/ogk.at\/aktuelles\/\"]}]},{\"@type\":\"BreadcrumbList\",\"@id\":\"https:\/\/ogk.at\/aktuelles\/#breadcrumb\",\"itemListElement\":[{\"@type\":\"ListItem\",\"position\":1,\"name\":\"Home\",\"item\":\"https:\/\/ogk.at\/\"},{\"@type\":\"ListItem\",\"position\":2,\"name\":\"Aktivit\u00e4ten &#038; Aktuelles\"}]},{\"@type\":\"WebSite\",\"@id\":\"https:\/\/ogk.at\/#website\",\"url\":\"https:\/\/ogk.at\/\",\"name\":\"\u00d6GK\",\"description\":\"\u00d6sterreichische Gesellschaft f\u00fcr Kommunikationswissenschaft\",\"publisher\":{\"@id\":\"https:\/\/ogk.at\/#organization\"},\"potentialAction\":[{\"@type\":\"SearchAction\",\"target\":{\"@type\":\"EntryPoint\",\"urlTemplate\":\"https:\/\/ogk.at\/?s={search_term_string}\"},\"query-input\":{\"@type\":\"PropertyValueSpecification\",\"valueRequired\":true,\"valueName\":\"search_term_string\"}}],\"inLanguage\":\"en-GB\"},{\"@type\":\"Organization\",\"@id\":\"https:\/\/ogk.at\/#organization\",\"name\":\"\u00d6GK\",\"url\":\"https:\/\/ogk.at\/\",\"logo\":{\"@type\":\"ImageObject\",\"inLanguage\":\"en-GB\",\"@id\":\"https:\/\/ogk.at\/#\/schema\/logo\/image\/\",\"url\":\"https:\/\/ogk.at\/wp-content\/uploads\/2023\/12\/OGK_Logo.webp\",\"contentUrl\":\"https:\/\/ogk.at\/wp-content\/uploads\/2023\/12\/OGK_Logo.webp\",\"width\":792,\"height\":328,\"caption\":\"\u00d6GK\"},\"image\":{\"@id\":\"https:\/\/ogk.at\/#\/schema\/logo\/image\/\"}}]}<\/script>\n<!-- \/ Yoast SEO plugin. -->","yoast_head_json":{"title":"Aktivit\u00e4ten & Aktuelles - \u00d6GK","robots":{"index":"index","follow":"follow","max-snippet":"max-snippet:-1","max-image-preview":"max-image-preview:large","max-video-preview":"max-video-preview:-1"},"canonical":"https:\/\/ogk.at\/en\/aktuelles\/","og_locale":"en_GB","og_type":"article","og_title":"Aktivit\u00e4ten & Aktuelles - \u00d6GK","og_description":"Group 2 Archiv","og_url":"https:\/\/ogk.at\/en\/aktuelles\/","og_site_name":"\u00d6GK","article_modified_time":"2024-03-20T15:21:38+00:00","twitter_card":"summary_large_image","twitter_misc":{"Estimated reading time":"3 minutes"},"schema":{"@context":"https:\/\/schema.org","@graph":[{"@type":"WebPage","@id":"https:\/\/ogk.at\/aktuelles\/","url":"https:\/\/ogk.at\/aktuelles\/","name":"Aktivit\u00e4ten & Aktuelles - \u00d6GK","isPartOf":{"@id":"https:\/\/ogk.at\/#website"},"datePublished":"2014-06-11T08:12:58+00:00","dateModified":"2024-03-20T15:21:38+00:00","breadcrumb":{"@id":"https:\/\/ogk.at\/aktuelles\/#breadcrumb"},"inLanguage":"en-GB","potentialAction":[{"@type":"ReadAction","target":["https:\/\/ogk.at\/aktuelles\/"]}]},{"@type":"BreadcrumbList","@id":"https:\/\/ogk.at\/aktuelles\/#breadcrumb","itemListElement":[{"@type":"ListItem","position":1,"name":"Home","item":"https:\/\/ogk.at\/"},{"@type":"ListItem","position":2,"name":"Aktivit\u00e4ten &#038; Aktuelles"}]},{"@type":"WebSite","@id":"https:\/\/ogk.at\/#website","url":"https:\/\/ogk.at\/","name":"\u00d6GK","description":"\u00d6sterreichische Gesellschaft f\u00fcr Kommunikationswissenschaft","publisher":{"@id":"https:\/\/ogk.at\/#organization"},"potentialAction":[{"@type":"SearchAction","target":{"@type":"EntryPoint","urlTemplate":"https:\/\/ogk.at\/?s={search_term_string}"},"query-input":{"@type":"PropertyValueSpecification","valueRequired":true,"valueName":"search_term_string"}}],"inLanguage":"en-GB"},{"@type":"Organization","@id":"https:\/\/ogk.at\/#organization","name":"\u00d6GK","url":"https:\/\/ogk.at\/","logo":{"@type":"ImageObject","inLanguage":"en-GB","@id":"https:\/\/ogk.at\/#\/schema\/logo\/image\/","url":"https:\/\/ogk.at\/wp-content\/uploads\/2023\/12\/OGK_Logo.webp","contentUrl":"https:\/\/ogk.at\/wp-content\/uploads\/2023\/12\/OGK_Logo.webp","width":792,"height":328,"caption":"\u00d6GK"},"image":{"@id":"https:\/\/ogk.at\/#\/schema\/logo\/image\/"}}]}},"publishpress_future_action":{"enabled":false,"date":"2026-04-25 05:30:17","action":"change-status","newStatus":"draft","terms":[],"taxonomy":"","extraData":[]},"publishpress_future_workflow_manual_trigger":{"enabledWorkflows":[]},"_links":{"self":[{"href":"https:\/\/ogk.at\/en\/wp-json\/wp\/v2\/pages\/6","targetHints":{"allow":["GET"]}}],"collection":[{"href":"https:\/\/ogk.at\/en\/wp-json\/wp\/v2\/pages"}],"about":[{"href":"https:\/\/ogk.at\/en\/wp-json\/wp\/v2\/types\/page"}],"author":[{"embeddable":true,"href":"https:\/\/ogk.at\/en\/wp-json\/wp\/v2\/users\/2"}],"replies":[{"embeddable":true,"href":"https:\/\/ogk.at\/en\/wp-json\/wp\/v2\/comments?post=6"}],"version-history":[{"count":50,"href":"https:\/\/ogk.at\/en\/wp-json\/wp\/v2\/pages\/6\/revisions"}],"predecessor-version":[{"id":2119,"href":"https:\/\/ogk.at\/en\/wp-json\/wp\/v2\/pages\/6\/revisions\/2119"}],"wp:attachment":[{"href":"https:\/\/ogk.at\/en\/wp-json\/wp\/v2\/media?parent=6"}],"curies":[{"name":"wp","href":"https:\/\/api.w.org\/{rel}","templated":true}]}}