{"id":717,"date":"2018-11-13T10:05:11","date_gmt":"2018-11-13T09:05:11","guid":{"rendered":"http:\/\/www.ogk.at\/?page_id=717"},"modified":"2024-03-26T17:02:37","modified_gmt":"2024-03-26T16:02:37","slug":"datenschutzerklarung","status":"publish","type":"page","link":"https:\/\/ogk.at\/en\/ueber-uns\/datenschutzerklarung\/","title":{"rendered":"Datenschutzerkl\u00e4rung"},"content":{"rendered":"<h3><strong>Erkl\u00e4rung und allgemeine Hinweise<\/strong><\/h3>\n<p>Der Schutz Ihrer pers\u00f6nlichen Daten ist uns ein besonderes Anliegen. Die \u00d6GK geht mit Ihren personenbezogenen Daten sorgf\u00e4ltig und gewissenhaft um. Wir verarbeiten Ihre Daten daher ausschlie\u00dflich auf Grundlage der gesetzlichen Bestimmungen des nationalen und europ\u00e4ischen Rechts. Die folgenden Hinweise geben einen einfachen \u00dcberblick dar\u00fcber, welche personenbezogenen Daten verarbeitet werden und welche Rechte Sie im Hinblick auf die Verarbeitung haben. Personenbezogene Daten sind alle Daten, mit denen Sie pers\u00f6nlich identifiziert werden k\u00f6nnen.<\/p>\n<h3><strong>Datenerfassung<\/strong><\/h3>\n<p>Ihre Daten werden ausschlie\u00dflich dadurch erhoben, dass Sie uns diese mitteilen. Hierbei handelt es sich um Name, Adresse, E-Mail und ggf. Titel, Organisation, T\u00e4tigkeit und Telefonnummer.<\/p>\n<p>Ihre E-Mail-Adresse ben\u00f6tigen wir, um einmal im Monat Rundmails an alle Mitglieder zu verschicken, in denen wir auf aktuelle Stellenausschreibungen, Konferenzen und andere Veranstaltungen mit medien- und kommunikationswissenschaftlicher Ausrichtung aufmerksam machen. Dar\u00fcber hinaus erhalten Sie auf diesem Weg auch die Einladung zur Generalversammlung.<\/p>\n<p>Ihre E-Mail-Adresse, Postadresse und institutionelle Zugeh\u00f6rigkeit verwenden wir f\u00fcr unsere Mitgliederkartei. Gespeichert werden von uns zudem die Zahlungseing\u00e4nge der Mitgliedsbeitr\u00e4ge.<\/p>\n<p>Falls Sie die \u00d6GK-Rundmails nicht mehr erhalten m\u00f6chten, geben Sie uns dies bitte kurz bekannt. Selbstverst\u00e4ndlich k\u00f6nnen Sie per Aufforderung Ihre Daten jederzeit bei uns l\u00f6schen lassen und erhalten dann auch keine Nachrichten mehr.<\/p>\n<p>Andere Daten werden automatisch beim Besuch der Website durch unsere IT-Systeme erfasst. Das sind vor allem technische Daten (z.B. Internetbrowser, Betriebssystem oder Uhrzeit des Seitenaufrufs). Die Erfassung dieser Daten erfolgt automatisch, sobald Sie unsere Website betreten.\u00a0Diese Daten werden von uns nicht weitergehend verarbeitet oder ausgewertet.<\/p>\n<h3><strong>Verantwortlich f\u00fcr die Datenverarbeitung<\/strong><\/h3>\n<p>\u00d6sterreichische Gesellschaft f\u00fcr Kommunikationswissenschaft<br \/>\nc\/o Universit\u00e4t Salzburg<br \/>\nSigmund-Haffner-Gasse 18<br \/>\n5020 Salzburg<\/p>\n<p>E-Mail: <a href=\"mailto:oegk@aau.at\">oegk@aau.at<\/a><br \/>\nInternet: <a href=\"https:\/\/ogk.at\/en\/\">www.ogk.at<\/a><\/p>\n<p>Ihnen stehen grunds\u00e4tzlich die Rechte auf Auskunft, Berichtigung, L\u00f6schung, Einschr\u00e4nkung, Daten\u00fcbertragbarkeit, Widerruf und Widerspruch zu.<\/p>","protected":false},"excerpt":{"rendered":"<p>Erkl\u00e4rung und allgemeine Hinweise Der Schutz Ihrer pers\u00f6nlichen Daten ist uns ein besonderes Anliegen. Die \u00d6GK geht mit Ihren personenbezogenen Daten sorgf\u00e4ltig und gewissenhaft um. Wir verarbeiten Ihre Daten daher ausschlie\u00dflich auf Grundlage der gesetzlichen Bestimmungen des nationalen und europ\u00e4ischen Rechts. Die folgenden Hinweise geben einen einfachen \u00dcberblick dar\u00fcber, welche personenbezogenen Daten verarbeitet werden und [&hellip;]<\/p>\n","protected":false},"author":2,"featured_media":0,"parent":2,"menu_order":9,"comment_status":"closed","ping_status":"closed","template":"","meta":{"_acf_changed":false,"footnotes":"","_links_to":"","_links_to_target":""},"class_list":["post-717","page","type-page","status-publish","hentry"],"acf":[],"yoast_head":"<!-- This site is optimized with the Yoast SEO plugin v26.8 - https:\/\/yoast.com\/product\/yoast-seo-wordpress\/ -->\n<title>Datenschutzerkl\u00e4rung - \u00d6GK<\/title>\n<meta name=\"robots\" content=\"index, follow, max-snippet:-1, max-image-preview:large, max-video-preview:-1\" \/>\n<link rel=\"canonical\" href=\"https:\/\/ogk.at\/en\/ueber-uns\/datenschutzerklarung\/\" \/>\n<meta property=\"og:locale\" content=\"en_GB\" \/>\n<meta property=\"og:type\" content=\"article\" \/>\n<meta property=\"og:title\" content=\"Datenschutzerkl\u00e4rung - \u00d6GK\" \/>\n<meta property=\"og:description\" content=\"Erkl\u00e4rung und allgemeine Hinweise Der Schutz Ihrer pers\u00f6nlichen Daten ist uns ein besonderes Anliegen. Die \u00d6GK geht mit Ihren personenbezogenen Daten sorgf\u00e4ltig und gewissenhaft um. Wir verarbeiten Ihre Daten daher ausschlie\u00dflich auf Grundlage der gesetzlichen Bestimmungen des nationalen und europ\u00e4ischen Rechts. Die folgenden Hinweise geben einen einfachen \u00dcberblick dar\u00fcber, welche personenbezogenen Daten verarbeitet werden und [&hellip;]\" \/>\n<meta property=\"og:url\" content=\"https:\/\/ogk.at\/en\/ueber-uns\/datenschutzerklarung\/\" \/>\n<meta property=\"og:site_name\" content=\"\u00d6GK\" \/>\n<meta property=\"article:modified_time\" content=\"2024-03-26T16:02:37+00:00\" \/>\n<meta name=\"twitter:card\" content=\"summary_large_image\" \/>\n<meta name=\"twitter:label1\" content=\"Estimated reading time\" \/>\n\t<meta name=\"twitter:data1\" content=\"2 minutes\" \/>\n<script type=\"application\/ld+json\" class=\"yoast-schema-graph\">{\"@context\":\"https:\/\/schema.org\",\"@graph\":[{\"@type\":\"WebPage\",\"@id\":\"https:\/\/ogk.at\/ueber-uns\/datenschutzerklarung\/\",\"url\":\"https:\/\/ogk.at\/ueber-uns\/datenschutzerklarung\/\",\"name\":\"Datenschutzerkl\u00e4rung - \u00d6GK\",\"isPartOf\":{\"@id\":\"https:\/\/ogk.at\/#website\"},\"datePublished\":\"2018-11-13T09:05:11+00:00\",\"dateModified\":\"2024-03-26T16:02:37+00:00\",\"breadcrumb\":{\"@id\":\"https:\/\/ogk.at\/ueber-uns\/datenschutzerklarung\/#breadcrumb\"},\"inLanguage\":\"en-GB\",\"potentialAction\":[{\"@type\":\"ReadAction\",\"target\":[\"https:\/\/ogk.at\/ueber-uns\/datenschutzerklarung\/\"]}]},{\"@type\":\"BreadcrumbList\",\"@id\":\"https:\/\/ogk.at\/ueber-uns\/datenschutzerklarung\/#breadcrumb\",\"itemListElement\":[{\"@type\":\"ListItem\",\"position\":1,\"name\":\"Home\",\"item\":\"https:\/\/ogk.at\/\"},{\"@type\":\"ListItem\",\"position\":2,\"name\":\"\u00dcber uns\",\"item\":\"https:\/\/ogk.at\/ueber-uns\/\"},{\"@type\":\"ListItem\",\"position\":3,\"name\":\"Datenschutzerkl\u00e4rung\"}]},{\"@type\":\"WebSite\",\"@id\":\"https:\/\/ogk.at\/#website\",\"url\":\"https:\/\/ogk.at\/\",\"name\":\"\u00d6GK\",\"description\":\"\u00d6sterreichische Gesellschaft f\u00fcr Kommunikationswissenschaft\",\"publisher\":{\"@id\":\"https:\/\/ogk.at\/#organization\"},\"potentialAction\":[{\"@type\":\"SearchAction\",\"target\":{\"@type\":\"EntryPoint\",\"urlTemplate\":\"https:\/\/ogk.at\/?s={search_term_string}\"},\"query-input\":{\"@type\":\"PropertyValueSpecification\",\"valueRequired\":true,\"valueName\":\"search_term_string\"}}],\"inLanguage\":\"en-GB\"},{\"@type\":\"Organization\",\"@id\":\"https:\/\/ogk.at\/#organization\",\"name\":\"\u00d6GK\",\"url\":\"https:\/\/ogk.at\/\",\"logo\":{\"@type\":\"ImageObject\",\"inLanguage\":\"en-GB\",\"@id\":\"https:\/\/ogk.at\/#\/schema\/logo\/image\/\",\"url\":\"https:\/\/ogk.at\/wp-content\/uploads\/2023\/12\/OGK_Logo.webp\",\"contentUrl\":\"https:\/\/ogk.at\/wp-content\/uploads\/2023\/12\/OGK_Logo.webp\",\"width\":792,\"height\":328,\"caption\":\"\u00d6GK\"},\"image\":{\"@id\":\"https:\/\/ogk.at\/#\/schema\/logo\/image\/\"}}]}<\/script>\n<!-- \/ Yoast SEO plugin. -->","yoast_head_json":{"title":"Datenschutzerkl\u00e4rung - \u00d6GK","robots":{"index":"index","follow":"follow","max-snippet":"max-snippet:-1","max-image-preview":"max-image-preview:large","max-video-preview":"max-video-preview:-1"},"canonical":"https:\/\/ogk.at\/en\/ueber-uns\/datenschutzerklarung\/","og_locale":"en_GB","og_type":"article","og_title":"Datenschutzerkl\u00e4rung - \u00d6GK","og_description":"Erkl\u00e4rung und allgemeine Hinweise Der Schutz Ihrer pers\u00f6nlichen Daten ist uns ein besonderes Anliegen. Die \u00d6GK geht mit Ihren personenbezogenen Daten sorgf\u00e4ltig und gewissenhaft um. Wir verarbeiten Ihre Daten daher ausschlie\u00dflich auf Grundlage der gesetzlichen Bestimmungen des nationalen und europ\u00e4ischen Rechts. Die folgenden Hinweise geben einen einfachen \u00dcberblick dar\u00fcber, welche personenbezogenen Daten verarbeitet werden und [&hellip;]","og_url":"https:\/\/ogk.at\/en\/ueber-uns\/datenschutzerklarung\/","og_site_name":"\u00d6GK","article_modified_time":"2024-03-26T16:02:37+00:00","twitter_card":"summary_large_image","twitter_misc":{"Estimated reading time":"2 minutes"},"schema":{"@context":"https:\/\/schema.org","@graph":[{"@type":"WebPage","@id":"https:\/\/ogk.at\/ueber-uns\/datenschutzerklarung\/","url":"https:\/\/ogk.at\/ueber-uns\/datenschutzerklarung\/","name":"Datenschutzerkl\u00e4rung - \u00d6GK","isPartOf":{"@id":"https:\/\/ogk.at\/#website"},"datePublished":"2018-11-13T09:05:11+00:00","dateModified":"2024-03-26T16:02:37+00:00","breadcrumb":{"@id":"https:\/\/ogk.at\/ueber-uns\/datenschutzerklarung\/#breadcrumb"},"inLanguage":"en-GB","potentialAction":[{"@type":"ReadAction","target":["https:\/\/ogk.at\/ueber-uns\/datenschutzerklarung\/"]}]},{"@type":"BreadcrumbList","@id":"https:\/\/ogk.at\/ueber-uns\/datenschutzerklarung\/#breadcrumb","itemListElement":[{"@type":"ListItem","position":1,"name":"Home","item":"https:\/\/ogk.at\/"},{"@type":"ListItem","position":2,"name":"\u00dcber uns","item":"https:\/\/ogk.at\/ueber-uns\/"},{"@type":"ListItem","position":3,"name":"Datenschutzerkl\u00e4rung"}]},{"@type":"WebSite","@id":"https:\/\/ogk.at\/#website","url":"https:\/\/ogk.at\/","name":"\u00d6GK","description":"\u00d6sterreichische Gesellschaft f\u00fcr Kommunikationswissenschaft","publisher":{"@id":"https:\/\/ogk.at\/#organization"},"potentialAction":[{"@type":"SearchAction","target":{"@type":"EntryPoint","urlTemplate":"https:\/\/ogk.at\/?s={search_term_string}"},"query-input":{"@type":"PropertyValueSpecification","valueRequired":true,"valueName":"search_term_string"}}],"inLanguage":"en-GB"},{"@type":"Organization","@id":"https:\/\/ogk.at\/#organization","name":"\u00d6GK","url":"https:\/\/ogk.at\/","logo":{"@type":"ImageObject","inLanguage":"en-GB","@id":"https:\/\/ogk.at\/#\/schema\/logo\/image\/","url":"https:\/\/ogk.at\/wp-content\/uploads\/2023\/12\/OGK_Logo.webp","contentUrl":"https:\/\/ogk.at\/wp-content\/uploads\/2023\/12\/OGK_Logo.webp","width":792,"height":328,"caption":"\u00d6GK"},"image":{"@id":"https:\/\/ogk.at\/#\/schema\/logo\/image\/"}}]}},"publishpress_future_action":{"enabled":false,"date":"2026-04-25 04:29:00","action":"change-status","newStatus":"draft","terms":[],"taxonomy":"","extraData":[]},"publishpress_future_workflow_manual_trigger":{"enabledWorkflows":[]},"_links":{"self":[{"href":"https:\/\/ogk.at\/en\/wp-json\/wp\/v2\/pages\/717","targetHints":{"allow":["GET"]}}],"collection":[{"href":"https:\/\/ogk.at\/en\/wp-json\/wp\/v2\/pages"}],"about":[{"href":"https:\/\/ogk.at\/en\/wp-json\/wp\/v2\/types\/page"}],"author":[{"embeddable":true,"href":"https:\/\/ogk.at\/en\/wp-json\/wp\/v2\/users\/2"}],"replies":[{"embeddable":true,"href":"https:\/\/ogk.at\/en\/wp-json\/wp\/v2\/comments?post=717"}],"version-history":[{"count":12,"href":"https:\/\/ogk.at\/en\/wp-json\/wp\/v2\/pages\/717\/revisions"}],"predecessor-version":[{"id":2134,"href":"https:\/\/ogk.at\/en\/wp-json\/wp\/v2\/pages\/717\/revisions\/2134"}],"up":[{"embeddable":true,"href":"https:\/\/ogk.at\/en\/wp-json\/wp\/v2\/pages\/2"}],"wp:attachment":[{"href":"https:\/\/ogk.at\/en\/wp-json\/wp\/v2\/media?parent=717"}],"curies":[{"name":"wp","href":"https:\/\/api.w.org\/{rel}","templated":true}]}}