{"id":757,"date":"2019-05-15T10:07:21","date_gmt":"2019-05-15T09:07:21","guid":{"rendered":"http:\/\/www.ogk.at\/?page_id=757"},"modified":"2026-03-10T15:40:39","modified_gmt":"2026-03-10T14:40:39","slug":"kwt","status":"publish","type":"page","link":"https:\/\/ogk.at\/en\/kwt\/","title":{"rendered":"KWT"},"content":{"rendered":"<h2>Die Tagung der \u00d6GK<\/h2>\n<h3>2026<\/h3>\n<div class=\"elementor-element elementor-element-824b9e8 elementor-widget elementor-widget-theme-post-content\" data-id=\"824b9e8\" data-element_type=\"widget\" data-widget_type=\"theme-post-content.default\">\n<div class=\"elementor-widget-container\">\n<p>Die \u00d6sterreichische Gesellschaft f\u00fcr Kommunikationswissenschaft (\u00d6GK) l\u00e4dt <strong>vom 6. bis 8. Mai 2026<\/strong> zur Jahrestagung \u201e50 Jahre \u00d6GK: Vergangenheit reflektieren und Zukunft gestalten\u201c an der <strong>Universit\u00e4t Salzburg<\/strong> ein. Die KWT 2026 feiern das 50-j\u00e4hrige Bestehen der \u00d6GK und bieten ein interdisziplin\u00e4res Forum zur Auseinandersetzung mit der Entwicklung, aktuellen Lage und zuk\u00fcnftigen Ausrichtung der Kommunikations- und Medienwissenschaft. Neben Keynotes und Fachsessions stehen Netzwerken und fachlicher Austausch im Mittelpunkt. Begleitend gibt es ein Get-Together und ein Konferenz-Dinner.<\/p>\n<p>F\u00fcr Ihre Konferenzplanung: f\u00fcr die Teilnahme ist <strong>keine Konferenz-Geb\u00fchr <\/strong>zu entrichten. Eine <strong>Anmeldung \u00fcber die Website<\/strong> ist jedoch erforderlich.<\/p>\n<p>Salzburg ist bequem per Bahn (Hauptbahnhof), Flug (Flughafen Salzburg) oder PKW erreichbar. Die Tagungsorte befinden sich zentral und sind gut an den \u00f6ffentlichen Verkehr angebunden. In unmittelbarer Umgebung stehen zahlreiche Hotels unterschiedlicher Kategorien sowie weitere N\u00e4chtigungsm\u00f6glichkeiten zur Verf\u00fcgung.<\/p>\n<p><strong>Weitere Informationen<\/strong> zu Programm, Anmeldung und Organisation finden Sie auf der <strong>Veranstaltungswebsite: <\/strong><a href=\"https:\/\/www.kowi-salzburg.at\/forschung\/tagungen\/kwt2026\/\" target=\"_blank\" rel=\"noopener\">https:\/\/www.kowi-salzburg.at\/forschung\/tagungen\/kwt2026\/<\/a><\/p>\n<p>Wir sind sehr gespannt auf die interessanten Beitr\u00e4ge und freuen uns darauf,<br \/>m\u00f6glichst viele von Ihnen in Salzburg zu treffen!<\/p>\n<\/div>\n<\/div>\n<h3>2023<\/h3>\n<p>Die Kommunikationswissenschaftlichen Tage 2023 (KWT 2023) zum Thema \u201eAmbivalenzen in Kommunikation und Medien\u201c (4. bis 6. Juli 2023 an der Universit\u00e4t Klagenfurt) gingen erfolgreich \u00fcber die B\u00fchne. In 11 thematischen Panels mit insgesamt 41 Vortr\u00e4gen wurde \u00fcber Ambivalenzen in unterschiedlichen Forschungs- und Theoriefeldern diskutiert: vom Journalismus \u00fcber Gesundheitsthemen bis hin zu Nachhaltigkeitskommunikation. Der Doktorand:innenworkshop, moderiert von Kathrin Passig, Rebecca Scheiber und Roland Holzinger, wurde sowohl als Schreibwerkstatt als auch zum Netzwerken genutzt. In ihrer Keynote zum Thema \u201eZwischen Null und Eins \u2013 Technische Ambivalenzen\u201c zeigte Kathrin Passig mit einem geschichtlichen R\u00fcckblick, wie es zur Binarit\u00e4t in der Computertechnik kam. Im Medienpraxis-Panel diskutierten Daniela Kraus vom Presseclub Concordia, Konrad Mitschka vom ORF und Thomas Cik von der Kleinen Zeitung unter der Moderation von Matthias Karmasin \u00fcber Ambivalenzen im \u201eJournalismus zwischen Gate Keeping und Gate Watching\u201c. Die durch die \u00d6GK-Forschungsf\u00f6rderung unterst\u00fctzten Projekte der vergangenen drei Jahre wurden in einem eigenen Panel vorgestellt. Sie befassten sich mit den kommunikativen Praktiken und der Arbeitsrealit\u00e4t von Wissenschaftler:innen. Daneben wurden in vielen weiteren Panels aktuelle Herausforderungen und Spannungsfelder im Kontext des digitalen Zeitalters in den Blick genommen. Das Book of Abstract ist auf der Tagungswebsite ver\u00f6ffentlicht: <a href=\"https:\/\/www.aau.at\/medien-und-kommunikationswissenschaft\/kommunikationswissenschaftliche-tage-kwt-2023\/\" target=\"_blank\" rel=\"noopener\">https:\/\/www.aau.at\/medien-und-kommunikationswissenschaft\/kommunikationswissenschaftliche-tage-kwt-2023\/<\/a>.<\/p>\n<h3>2021<\/h3>\n<p>Die Kommunikationswissenschaftlichen Tage fanden in diesem Jahr im Rahmen der DACH 21, der ersten Dreil\u00e4ndertagung f\u00fcr Kommunikationswissenschaft, vom 7. bis 9. April statt. Organisiert\u00a0wurde die Tagung vom Institut f\u00fcr Kommunikationswissenschaft und Medienforschung (IKMZ) der Universit\u00e4t Z\u00fcrich und pandemiebedingt als virtuelle Konferenz ausgetragen.\u00a0Zum Tagungsthema \u201e#Kommunikation #(R)Evolution: Zum Wandel der Kommunikation in der digitalen Gesellschaft\u201c diskutierten 553 Teilnehmer*innen aus 16 L\u00e4ndern.<\/p>\n<p>Alle Informationen dazu finden Sie unter: <a href=\"https:\/\/dach21.ch\/\" target=\"_blank\" rel=\"noopener\">https:\/\/dach21.ch\/<\/a>.<\/p>\n<h3>2019<\/h3>\n<p><strong>Universit\u00e4t Wien, 25.-27. April 2019<\/strong><\/p>\n<p>Vom 25. bis 27. April 2019 fanden in Wien die Kommunikationswissenschaftlichen Tage der \u00d6GK statt. In insgesamt acht thematischen Panels und zwei Keynotes stand das Thema Verantwortung \u2013 der Medienunternehmen, der Kommunikationswissenschaft, der Journalistinnen und Journalisten, aber auch der Mediennutzerinnen und -Nutzer \u2013 im Zentrum zahlreicher Debatten und Vortr\u00e4ge. Dabei wurden insbesondere aktuelle Herausforderungen und Spannungsfelder im Kontext des digitalen Zeitalters in den Blick genommen. \u00a0Mitunter wurde sogar vision\u00e4r in die Zukunft geschaut, etwa von der Initiative \u201ePublic Open Space\u201c, die auf den KWT eine Diskussion \u00fcber die Zukunft digitaler Plattformen f\u00fcr Demokratie und Gesellschaft angeregt hat.<\/p>\n<p>Im Standard Blog \u201e<a href=\"https:\/\/www.derstandard.at\/story\/2000102831761\/welche-verantwortung-hat-kommunikationswissenschaft\" target=\"_blank\" rel=\"noopener\">Ein Fall f\u00fcr die Wissenschaft<\/a>\u201c hat \u00d6GK-Vorstandsvorsitzende Franzisca Weder \u00fcber die Veranstaltung berichtet.<\/p>\n<h3>2016<\/h3>\n<p>Universit\u00e4t Salzburg, 24.-26. November 2016<\/p>\n<h3>2013<\/h3>\n<p><a href=\"https:\/\/ogk.at\/en\/1701961179007\/kwt_2013_program_folder_v12_2013-10-03\/\" target=\"_blank\" rel=\"noopener\">Universit\u00e4t Klagenfurt, 17.-19. Oktober 2013<\/a><\/p>\n\n\n<p><\/p>","protected":false},"excerpt":{"rendered":"<p>Die Tagung der \u00d6GK 2026 Die \u00d6sterreichische Gesellschaft f\u00fcr Kommunikationswissenschaft (\u00d6GK) l\u00e4dt vom 6. bis 8. Mai 2026 zur Jahrestagung \u201e50 Jahre \u00d6GK: Vergangenheit reflektieren und Zukunft gestalten\u201c an der Universit\u00e4t Salzburg ein. Die KWT 2026 feiern das 50-j\u00e4hrige Bestehen der \u00d6GK und bieten ein interdisziplin\u00e4res Forum zur Auseinandersetzung mit der Entwicklung, aktuellen Lage und [&hellip;]<\/p>\n","protected":false},"author":2,"featured_media":0,"parent":0,"menu_order":5,"comment_status":"closed","ping_status":"closed","template":"","meta":{"_acf_changed":false,"footnotes":"","_links_to":"","_links_to_target":""},"class_list":["post-757","page","type-page","status-publish","hentry"],"acf":[],"yoast_head":"<!-- This site is optimized with the Yoast SEO plugin v26.8 - https:\/\/yoast.com\/product\/yoast-seo-wordpress\/ -->\n<title>KWT - \u00d6GK<\/title>\n<meta name=\"robots\" content=\"index, follow, max-snippet:-1, max-image-preview:large, max-video-preview:-1\" \/>\n<link rel=\"canonical\" href=\"https:\/\/ogk.at\/en\/kwt\/\" \/>\n<meta property=\"og:locale\" content=\"en_GB\" \/>\n<meta property=\"og:type\" content=\"article\" \/>\n<meta property=\"og:title\" content=\"KWT - \u00d6GK\" \/>\n<meta property=\"og:description\" content=\"Die Tagung der \u00d6GK 2026 Die \u00d6sterreichische Gesellschaft f\u00fcr Kommunikationswissenschaft (\u00d6GK) l\u00e4dt vom 6. bis 8. Mai 2026 zur Jahrestagung \u201e50 Jahre \u00d6GK: Vergangenheit reflektieren und Zukunft gestalten\u201c an der Universit\u00e4t Salzburg ein. Die KWT 2026 feiern das 50-j\u00e4hrige Bestehen der \u00d6GK und bieten ein interdisziplin\u00e4res Forum zur Auseinandersetzung mit der Entwicklung, aktuellen Lage und [&hellip;]\" \/>\n<meta property=\"og:url\" content=\"https:\/\/ogk.at\/en\/kwt\/\" \/>\n<meta property=\"og:site_name\" content=\"\u00d6GK\" \/>\n<meta property=\"article:modified_time\" content=\"2026-03-10T14:40:39+00:00\" \/>\n<meta name=\"twitter:card\" content=\"summary_large_image\" \/>\n<meta name=\"twitter:label1\" content=\"Estimated reading time\" \/>\n\t<meta name=\"twitter:data1\" content=\"4 minutes\" \/>\n<script type=\"application\/ld+json\" class=\"yoast-schema-graph\">{\"@context\":\"https:\/\/schema.org\",\"@graph\":[{\"@type\":\"WebPage\",\"@id\":\"https:\/\/ogk.at\/kwt\/\",\"url\":\"https:\/\/ogk.at\/kwt\/\",\"name\":\"KWT - \u00d6GK\",\"isPartOf\":{\"@id\":\"https:\/\/ogk.at\/#website\"},\"datePublished\":\"2019-05-15T09:07:21+00:00\",\"dateModified\":\"2026-03-10T14:40:39+00:00\",\"breadcrumb\":{\"@id\":\"https:\/\/ogk.at\/kwt\/#breadcrumb\"},\"inLanguage\":\"en-GB\",\"potentialAction\":[{\"@type\":\"ReadAction\",\"target\":[\"https:\/\/ogk.at\/kwt\/\"]}]},{\"@type\":\"BreadcrumbList\",\"@id\":\"https:\/\/ogk.at\/kwt\/#breadcrumb\",\"itemListElement\":[{\"@type\":\"ListItem\",\"position\":1,\"name\":\"Home\",\"item\":\"https:\/\/ogk.at\/\"},{\"@type\":\"ListItem\",\"position\":2,\"name\":\"KWT\"}]},{\"@type\":\"WebSite\",\"@id\":\"https:\/\/ogk.at\/#website\",\"url\":\"https:\/\/ogk.at\/\",\"name\":\"\u00d6GK\",\"description\":\"\u00d6sterreichische Gesellschaft f\u00fcr Kommunikationswissenschaft\",\"publisher\":{\"@id\":\"https:\/\/ogk.at\/#organization\"},\"potentialAction\":[{\"@type\":\"SearchAction\",\"target\":{\"@type\":\"EntryPoint\",\"urlTemplate\":\"https:\/\/ogk.at\/?s={search_term_string}\"},\"query-input\":{\"@type\":\"PropertyValueSpecification\",\"valueRequired\":true,\"valueName\":\"search_term_string\"}}],\"inLanguage\":\"en-GB\"},{\"@type\":\"Organization\",\"@id\":\"https:\/\/ogk.at\/#organization\",\"name\":\"\u00d6GK\",\"url\":\"https:\/\/ogk.at\/\",\"logo\":{\"@type\":\"ImageObject\",\"inLanguage\":\"en-GB\",\"@id\":\"https:\/\/ogk.at\/#\/schema\/logo\/image\/\",\"url\":\"https:\/\/ogk.at\/wp-content\/uploads\/2023\/12\/OGK_Logo.webp\",\"contentUrl\":\"https:\/\/ogk.at\/wp-content\/uploads\/2023\/12\/OGK_Logo.webp\",\"width\":792,\"height\":328,\"caption\":\"\u00d6GK\"},\"image\":{\"@id\":\"https:\/\/ogk.at\/#\/schema\/logo\/image\/\"}}]}<\/script>\n<!-- \/ Yoast SEO plugin. -->","yoast_head_json":{"title":"KWT - \u00d6GK","robots":{"index":"index","follow":"follow","max-snippet":"max-snippet:-1","max-image-preview":"max-image-preview:large","max-video-preview":"max-video-preview:-1"},"canonical":"https:\/\/ogk.at\/en\/kwt\/","og_locale":"en_GB","og_type":"article","og_title":"KWT - \u00d6GK","og_description":"Die Tagung der \u00d6GK 2026 Die \u00d6sterreichische Gesellschaft f\u00fcr Kommunikationswissenschaft (\u00d6GK) l\u00e4dt vom 6. bis 8. Mai 2026 zur Jahrestagung \u201e50 Jahre \u00d6GK: Vergangenheit reflektieren und Zukunft gestalten\u201c an der Universit\u00e4t Salzburg ein. Die KWT 2026 feiern das 50-j\u00e4hrige Bestehen der \u00d6GK und bieten ein interdisziplin\u00e4res Forum zur Auseinandersetzung mit der Entwicklung, aktuellen Lage und [&hellip;]","og_url":"https:\/\/ogk.at\/en\/kwt\/","og_site_name":"\u00d6GK","article_modified_time":"2026-03-10T14:40:39+00:00","twitter_card":"summary_large_image","twitter_misc":{"Estimated reading time":"4 minutes"},"schema":{"@context":"https:\/\/schema.org","@graph":[{"@type":"WebPage","@id":"https:\/\/ogk.at\/kwt\/","url":"https:\/\/ogk.at\/kwt\/","name":"KWT - \u00d6GK","isPartOf":{"@id":"https:\/\/ogk.at\/#website"},"datePublished":"2019-05-15T09:07:21+00:00","dateModified":"2026-03-10T14:40:39+00:00","breadcrumb":{"@id":"https:\/\/ogk.at\/kwt\/#breadcrumb"},"inLanguage":"en-GB","potentialAction":[{"@type":"ReadAction","target":["https:\/\/ogk.at\/kwt\/"]}]},{"@type":"BreadcrumbList","@id":"https:\/\/ogk.at\/kwt\/#breadcrumb","itemListElement":[{"@type":"ListItem","position":1,"name":"Home","item":"https:\/\/ogk.at\/"},{"@type":"ListItem","position":2,"name":"KWT"}]},{"@type":"WebSite","@id":"https:\/\/ogk.at\/#website","url":"https:\/\/ogk.at\/","name":"\u00d6GK","description":"\u00d6sterreichische Gesellschaft f\u00fcr Kommunikationswissenschaft","publisher":{"@id":"https:\/\/ogk.at\/#organization"},"potentialAction":[{"@type":"SearchAction","target":{"@type":"EntryPoint","urlTemplate":"https:\/\/ogk.at\/?s={search_term_string}"},"query-input":{"@type":"PropertyValueSpecification","valueRequired":true,"valueName":"search_term_string"}}],"inLanguage":"en-GB"},{"@type":"Organization","@id":"https:\/\/ogk.at\/#organization","name":"\u00d6GK","url":"https:\/\/ogk.at\/","logo":{"@type":"ImageObject","inLanguage":"en-GB","@id":"https:\/\/ogk.at\/#\/schema\/logo\/image\/","url":"https:\/\/ogk.at\/wp-content\/uploads\/2023\/12\/OGK_Logo.webp","contentUrl":"https:\/\/ogk.at\/wp-content\/uploads\/2023\/12\/OGK_Logo.webp","width":792,"height":328,"caption":"\u00d6GK"},"image":{"@id":"https:\/\/ogk.at\/#\/schema\/logo\/image\/"}}]}},"publishpress_future_action":{"enabled":false,"date":"2026-04-25 06:02:37","action":"change-status","newStatus":"draft","terms":[],"taxonomy":"","extraData":[]},"publishpress_future_workflow_manual_trigger":{"enabledWorkflows":[]},"_links":{"self":[{"href":"https:\/\/ogk.at\/en\/wp-json\/wp\/v2\/pages\/757","targetHints":{"allow":["GET"]}}],"collection":[{"href":"https:\/\/ogk.at\/en\/wp-json\/wp\/v2\/pages"}],"about":[{"href":"https:\/\/ogk.at\/en\/wp-json\/wp\/v2\/types\/page"}],"author":[{"embeddable":true,"href":"https:\/\/ogk.at\/en\/wp-json\/wp\/v2\/users\/2"}],"replies":[{"embeddable":true,"href":"https:\/\/ogk.at\/en\/wp-json\/wp\/v2\/comments?post=757"}],"version-history":[{"count":49,"href":"https:\/\/ogk.at\/en\/wp-json\/wp\/v2\/pages\/757\/revisions"}],"predecessor-version":[{"id":2427,"href":"https:\/\/ogk.at\/en\/wp-json\/wp\/v2\/pages\/757\/revisions\/2427"}],"wp:attachment":[{"href":"https:\/\/ogk.at\/en\/wp-json\/wp\/v2\/media?parent=757"}],"curies":[{"name":"wp","href":"https:\/\/api.w.org\/{rel}","templated":true}]}}